{"id":3707,"date":"2023-07-20T20:45:59","date_gmt":"2023-07-20T20:45:59","guid":{"rendered":""},"modified":"2023-07-22T05:34:41","modified_gmt":"2023-07-22T05:34:41","slug":"contactez-nous","status":"publish","type":"page","link":"https:\/\/gismodigital.ca\/mariem\/contactez-nous\/","title":{"rendered":"Contactez-nous"},"content":{"rendered":"\t\t<div data-elementor-type=\"wp-page\" data-elementor-id=\"3707\" class=\"elementor elementor-3707\">\n\t\t\t\t\t\t<section class=\"elementor-section elementor-top-section elementor-element elementor-element-3910f5d8 elementor-section-boxed elementor-section-height-default elementor-section-height-default\" data-id=\"3910f5d8\" data-element_type=\"section\">\n\t\t\t\t\t\t<div class=\"elementor-container elementor-column-gap-default\">\n\t\t\t\t\t<div class=\"elementor-column elementor-col-33 elementor-top-column elementor-element elementor-element-702cb635\" data-id=\"702cb635\" data-element_type=\"column\">\n\t\t\t<div class=\"elementor-widget-wrap elementor-element-populated\">\n\t\t\t\t\t\t<div class=\"elementor-element elementor-element-66cf29dd elementor-widget elementor-widget-google_maps\" data-id=\"66cf29dd\" data-element_type=\"widget\" data-widget_type=\"google_maps.default\">\n\t\t\t\t<div class=\"elementor-widget-container\">\n\t\t\t\t\t\t\t<div class=\"elementor-custom-embed\">\n\t\t\t<iframe loading=\"lazy\"\n\t\t\t\t\tsrc=\"https:\/\/maps.google.com\/maps?q=1755%20Emile-Yelle%20app%20204%20H2M%201L1&#038;t=m&#038;z=16&#038;output=embed&#038;iwloc=near\"\n\t\t\t\t\ttitle=\"1755 Emile-Yelle app 204 H2M 1L1\"\n\t\t\t\t\taria-label=\"1755 Emile-Yelle app 204 H2M 1L1\"\n\t\t\t><\/iframe>\n\t\t<\/div>\n\t\t\t\t\t\t<\/div>\n\t\t\t\t<\/div>\n\t\t\t\t\t<\/div>\n\t\t<\/div>\n\t\t\t\t<div class=\"elementor-column elementor-col-66 elementor-top-column elementor-element elementor-element-61c17b71\" data-id=\"61c17b71\" data-element_type=\"column\">\n\t\t\t<div class=\"elementor-widget-wrap elementor-element-populated\">\n\t\t\t\t\t\t<section class=\"elementor-section elementor-inner-section elementor-element elementor-element-44ef4767 elementor-section-boxed elementor-section-height-default elementor-section-height-default\" data-id=\"44ef4767\" data-element_type=\"section\">\n\t\t\t\t\t\t<div class=\"elementor-container elementor-column-gap-default\">\n\t\t\t\t\t<div class=\"elementor-column elementor-col-50 elementor-inner-column elementor-element elementor-element-182f25b0\" data-id=\"182f25b0\" data-element_type=\"column\">\n\t\t\t<div class=\"elementor-widget-wrap elementor-element-populated\">\n\t\t\t\t\t\t<div class=\"elementor-element elementor-element-169f1741 elementor-widget elementor-widget-heading\" data-id=\"169f1741\" data-element_type=\"widget\" data-widget_type=\"heading.default\">\n\t\t\t\t<div class=\"elementor-widget-container\">\n\t\t\t\t\t<h3 class=\"elementor-heading-title elementor-size-default\">Adresse<\/h3>\t\t\t\t<\/div>\n\t\t\t\t<\/div>\n\t\t\t\t<div class=\"elementor-element elementor-element-587b5103 elementor-widget elementor-widget-text-editor\" data-id=\"587b5103\" data-element_type=\"widget\" data-widget_type=\"text-editor.default\">\n\t\t\t\t<div class=\"elementor-widget-container\">\n\t\t\t\t\t\t\t\t\t<p>1755 Emile-Yelle app 204 H2M 1L1<\/p>\t\t\t\t\t\t\t\t<\/div>\n\t\t\t\t<\/div>\n\t\t\t\t\t<\/div>\n\t\t<\/div>\n\t\t\t\t<div class=\"elementor-column elementor-col-50 elementor-inner-column elementor-element elementor-element-18e715d8\" data-id=\"18e715d8\" data-element_type=\"column\">\n\t\t\t<div class=\"elementor-widget-wrap elementor-element-populated\">\n\t\t\t\t\t\t<div class=\"elementor-element elementor-element-40ff2cfa elementor-widget elementor-widget-heading\" data-id=\"40ff2cfa\" data-element_type=\"widget\" data-widget_type=\"heading.default\">\n\t\t\t\t<div class=\"elementor-widget-container\">\n\t\t\t\t\t<h3 class=\"elementor-heading-title elementor-size-default\">Mobile\n<\/h3>\t\t\t\t<\/div>\n\t\t\t\t<\/div>\n\t\t\t\t<div class=\"elementor-element elementor-element-325502ab elementor-widget elementor-widget-text-editor\" data-id=\"325502ab\" data-element_type=\"widget\" data-widget_type=\"text-editor.default\">\n\t\t\t\t<div class=\"elementor-widget-container\">\n\t\t\t\t\t\t\t\t\t<p>Mobile: (514) 397-8704<br \/><br \/><\/p>\t\t\t\t\t\t\t\t<\/div>\n\t\t\t\t<\/div>\n\t\t\t\t\t<\/div>\n\t\t<\/div>\n\t\t\t\t\t<\/div>\n\t\t<\/section>\n\t\t\t\t<section class=\"elementor-section elementor-inner-section elementor-element elementor-element-1cf258c2 elementor-section-boxed elementor-section-height-default elementor-section-height-default\" data-id=\"1cf258c2\" data-element_type=\"section\">\n\t\t\t\t\t\t<div class=\"elementor-container elementor-column-gap-default\">\n\t\t\t\t\t<div class=\"elementor-column elementor-col-50 elementor-inner-column elementor-element elementor-element-303f6f1e\" data-id=\"303f6f1e\" data-element_type=\"column\">\n\t\t\t<div class=\"elementor-widget-wrap elementor-element-populated\">\n\t\t\t\t\t\t<div class=\"elementor-element elementor-element-641e159a elementor-widget elementor-widget-heading\" data-id=\"641e159a\" data-element_type=\"widget\" data-widget_type=\"heading.default\">\n\t\t\t\t<div class=\"elementor-widget-container\">\n\t\t\t\t\t<h3 class=\"elementor-heading-title elementor-size-default\">E-mail\n<\/h3>\t\t\t\t<\/div>\n\t\t\t\t<\/div>\n\t\t\t\t<div class=\"elementor-element elementor-element-7f26dce9 elementor-widget elementor-widget-text-editor\" data-id=\"7f26dce9\" data-element_type=\"widget\" data-widget_type=\"text-editor.default\">\n\t\t\t\t<div class=\"elementor-widget-container\">\n\t\t\t\t\t\t\t\t\t<p>infomarie.mboutique@gmail.com<\/p>\t\t\t\t\t\t\t\t<\/div>\n\t\t\t\t<\/div>\n\t\t\t\t\t<\/div>\n\t\t<\/div>\n\t\t\t\t<div class=\"elementor-column elementor-col-50 elementor-inner-column elementor-element elementor-element-6f05ddab\" data-id=\"6f05ddab\" data-element_type=\"column\">\n\t\t\t<div class=\"elementor-widget-wrap elementor-element-populated\">\n\t\t\t\t\t\t<div class=\"elementor-element elementor-element-723bd519 elementor-widget elementor-widget-heading\" data-id=\"723bd519\" data-element_type=\"widget\" data-widget_type=\"heading.default\">\n\t\t\t\t<div class=\"elementor-widget-container\">\n\t\t\t\t\t<h3 class=\"elementor-heading-title elementor-size-default\">Social<\/h3>\t\t\t\t<\/div>\n\t\t\t\t<\/div>\n\t\t\t\t<div class=\"elementor-element elementor-element-4d63b8da elementor-widget elementor-widget-wp-widget-nasa_share_sc\" data-id=\"4d63b8da\" data-element_type=\"widget\" data-widget_type=\"wp-widget-nasa_share_sc.default\">\n\t\t\t\t<div class=\"elementor-widget-container\">\n\t\t\t\t\t<ul class=\"social-icons nasa-share\"><li><a href=\"https:\/\/twitter.com\/share?url=https:\/\/gismodigital.ca\/mariem\/contactez-nous\/\" target=\"_blank\" class=\"icon nasa-tip\" title=\"Share on Twitter\" rel=\"nofollow\"><i class=\"fa fab fa-twitter\"><\/i><\/a><\/li><li><a href=\"https:\/\/www.facebook.com\/sharer.php?u=https:\/\/gismodigital.ca\/mariem\/contactez-nous\/\" target=\"_blank\" class=\"icon nasa-tip\" title=\"Share on Facebook\" rel=\"nofollow\"><i class=\"fa fab fa-facebook\"><\/i><\/a><\/li><li><a href=\"https:\/\/pinterest.com\/pin\/create\/button\/?url=https:\/\/gismodigital.ca\/mariem\/contactez-nous\/&amp;media=https:\/\/gismodigital.ca\/mariem\/wp-content\/uploads\/2023\/07\/mariem-logo-large.png&amp;description=Contactez-nous\" target=\"_blank\" class=\"icon nasa-tip\" title=\"Pin on Pinterest\" rel=\"nofollow\"><i class=\"fa fab fa-pinterest\"><\/i><\/a><\/li><li><a href=\"mailto:enter-your-mail@domain-here.com?subject=Contactez-nous&amp;body=Check%20this%20out:%20https:\/\/gismodigital.ca\/mariem\/contactez-nous\/\" target=\"_blank\" class=\"icon nasa-tip\" title=\"Email to your friends\" rel=\"nofollow\"><i class=\"fa fab fa-envelope-o\"><\/i><\/a><\/li><\/ul>\t\t\t\t<\/div>\n\t\t\t\t<\/div>\n\t\t\t\t\t<\/div>\n\t\t<\/div>\n\t\t\t\t\t<\/div>\n\t\t<\/section>\n\t\t\t\t<section class=\"elementor-section elementor-inner-section elementor-element elementor-element-48d446c5 elementor-section-boxed elementor-section-height-default elementor-section-height-default\" data-id=\"48d446c5\" data-element_type=\"section\">\n\t\t\t\t\t\t<div class=\"elementor-container elementor-column-gap-default\">\n\t\t\t\t\t<div class=\"elementor-column elementor-col-100 elementor-inner-column elementor-element elementor-element-7e4377a\" data-id=\"7e4377a\" data-element_type=\"column\">\n\t\t\t<div class=\"elementor-widget-wrap elementor-element-populated\">\n\t\t\t\t\t\t<div class=\"elementor-element elementor-element-3b971088 elementor-widget elementor-widget-text-editor\" data-id=\"3b971088\" data-element_type=\"widget\" data-widget_type=\"text-editor.default\">\n\t\t\t\t<div class=\"elementor-widget-container\">\n\t\t\t\t\t\t\t\t\t<p>Si vous avez des questions, n&#8217;h\u00e9sitez pas \u00e0 nous contacter.<br \/>Nous vous r\u00e9pondrons d\u00e8s que possible. Merci!<\/p>\t\t\t\t\t\t\t\t<\/div>\n\t\t\t\t<\/div>\n\t\t\t\t\t<\/div>\n\t\t<\/div>\n\t\t\t\t\t<\/div>\n\t\t<\/section>\n\t\t\t\t<section class=\"elementor-section elementor-inner-section elementor-element elementor-element-5c6d942b elementor-section-boxed elementor-section-height-default elementor-section-height-default\" data-id=\"5c6d942b\" data-element_type=\"section\">\n\t\t\t\t\t\t<div class=\"elementor-container elementor-column-gap-default\">\n\t\t\t\t\t<div class=\"elementor-column elementor-col-100 elementor-inner-column elementor-element elementor-element-191ef37d\" data-id=\"191ef37d\" data-element_type=\"column\">\n\t\t\t<div class=\"elementor-widget-wrap elementor-element-populated\">\n\t\t\t\t\t\t<div class=\"elementor-element elementor-element-3ea490f1 elementor-widget elementor-widget-heading\" data-id=\"3ea490f1\" data-element_type=\"widget\" data-widget_type=\"heading.default\">\n\t\t\t\t<div class=\"elementor-widget-container\">\n\t\t\t\t\t<h3 class=\"elementor-heading-title elementor-size-default\">\u00c9crivez-nous<\/h3>\t\t\t\t<\/div>\n\t\t\t\t<\/div>\n\t\t\t\t<div class=\"elementor-element elementor-element-6ababf5b elementor-widget elementor-widget-shortcode\" data-id=\"6ababf5b\" data-element_type=\"widget\" data-widget_type=\"shortcode.default\">\n\t\t\t\t<div class=\"elementor-widget-container\">\n\t\t\t\t\t\t\t<div class=\"elementor-shortcode\"><div role=\"form\" class=\"wpcf7\" id=\"wpcf7-f2151-o1\" lang=\"en-US\" dir=\"ltr\">\n<div class=\"screen-reader-response\"><p role=\"status\" aria-live=\"polite\" aria-atomic=\"true\"><\/p> <ul><\/ul><\/div>\n<form action=\"\/mariem\/wp-json\/wp\/v2\/pages\/3707#wpcf7-f2151-o1\" method=\"post\" class=\"wpcf7-form init\" novalidate=\"novalidate\" data-status=\"init\">\n<div style=\"display: none;\">\n<input type=\"hidden\" name=\"_wpcf7\" value=\"2151\" \/>\n<input type=\"hidden\" name=\"_wpcf7_version\" value=\"5.6.4\" \/>\n<input type=\"hidden\" name=\"_wpcf7_locale\" value=\"en_US\" \/>\n<input type=\"hidden\" name=\"_wpcf7_unit_tag\" value=\"wpcf7-f2151-o1\" \/>\n<input type=\"hidden\" name=\"_wpcf7_container_post\" value=\"0\" \/>\n<input type=\"hidden\" name=\"_wpcf7_posted_data_hash\" value=\"\" \/>\n<\/div>\n<div class=\"contact-form-footer\">\n<div class=\"row\">\n<div class=\"lt-col large-6 columns\">\n       <label> Votre nom (requis)<br \/>\n           <span class=\"wpcf7-form-control-wrap\" data-name=\"your-name\"><input type=\"text\" name=\"your-name\" value=\"\" size=\"40\" class=\"wpcf7-form-control wpcf7-text wpcf7-validates-as-required\" aria-required=\"true\" aria-invalid=\"false\" placeholder=\"Votre nom\" \/><\/span> <\/label>\n    <\/div>\n<div class=\"lt-col large-6 columns\">\n       <label> Votre e-mail (requis)<br \/>\n          <span class=\"wpcf7-form-control-wrap\" data-name=\"your-email\"><input type=\"email\" name=\"your-email\" value=\"\" size=\"40\" class=\"wpcf7-form-control wpcf7-text wpcf7-email wpcf7-validates-as-required wpcf7-validates-as-email\" aria-required=\"true\" aria-invalid=\"false\" placeholder=\"Votre e-mail\" \/><\/span> <\/label>\n    <\/div>\n<\/div>\n<div class=\"row\">\n<div class=\"large-12 columns\">\n         <label> Votre message<br \/>\n         <span class=\"wpcf7-form-control-wrap\" data-name=\"your-message\"><textarea name=\"your-message\" cols=\"100\" rows=\"10\" class=\"wpcf7-form-control wpcf7-textarea\" aria-invalid=\"false\" placeholder=\"Votre message\"><\/textarea><\/span>\n    <\/div>\n<\/div>\n<p><input type=\"submit\" value=\"Soumettre\" class=\"wpcf7-form-control has-spinner wpcf7-submit button\" id=\"form-submit\" \/><\/p>\n<\/div>\n<div class=\"wpcf7-response-output\" aria-hidden=\"true\"><\/div><\/form><\/div><\/div>\n\t\t\t\t\t\t<\/div>\n\t\t\t\t<\/div>\n\t\t\t\t\t<\/div>\n\t\t<\/div>\n\t\t\t\t\t<\/div>\n\t\t<\/section>\n\t\t\t\t\t<\/div>\n\t\t<\/div>\n\t\t\t\t\t<\/div>\n\t\t<\/section>\n\t\t\t\t<\/div>\n\t\t","protected":false},"excerpt":{"rendered":"<p>Adresse 1755 Emile-Yelle app 204 H2M 1L1 Mobile Mobile: (514) 397-8704 E-mail infomarie.mboutique@gmail.com Social Si vous avez des questions, n&#8217;h\u00e9sitez pas \u00e0 nous contacter.Nous vous r\u00e9pondrons d\u00e8s que possible. Merci! \u00c9crivez-nous<\/p>\n","protected":false},"author":2,"featured_media":0,"parent":0,"menu_order":0,"comment_status":"closed","ping_status":"closed","template":"","meta":{"om_disable_all_campaigns":false,"_monsterinsights_skip_tracking":false,"_monsterinsights_sitenote_active":false,"_monsterinsights_sitenote_note":"","_monsterinsights_sitenote_category":0,"footnotes":""},"class_list":["post-3707","page","type-page","status-publish","hentry"],"yoast_head":"<!-- This site is optimized with the Yoast SEO plugin v27.4 - https:\/\/yoast.com\/product\/yoast-seo-wordpress\/ -->\n<title>Contactez-nous - Marie&amp;M<\/title>\n<meta name=\"robots\" content=\"index, follow, max-snippet:-1, max-image-preview:large, max-video-preview:-1\" \/>\n<link rel=\"canonical\" href=\"https:\/\/gismodigital.ca\/mariem\/contactez-nous\/\" \/>\n<meta property=\"og:locale\" content=\"en_US\" \/>\n<meta property=\"og:type\" content=\"article\" \/>\n<meta property=\"og:title\" content=\"Contactez-nous - Marie&amp;M\" \/>\n<meta property=\"og:description\" content=\"Adresse 1755 Emile-Yelle app 204 H2M 1L1 Mobile Mobile: (514) 397-8704 E-mail infomarie.mboutique@gmail.com Social Si vous avez des questions, n&#8217;h\u00e9sitez pas \u00e0 nous contacter.Nous vous r\u00e9pondrons d\u00e8s que possible. Merci! \u00c9crivez-nous\" \/>\n<meta property=\"og:url\" content=\"https:\/\/gismodigital.ca\/mariem\/contactez-nous\/\" \/>\n<meta property=\"og:site_name\" content=\"Marie&amp;M\" \/>\n<meta property=\"article:modified_time\" content=\"2023-07-22T05:34:41+00:00\" \/>\n<meta name=\"twitter:card\" content=\"summary_large_image\" \/>\n<meta name=\"twitter:label1\" content=\"Est. reading time\" \/>\n\t<meta name=\"twitter:data1\" content=\"1 minute\" \/>\n<script type=\"application\/ld+json\" class=\"yoast-schema-graph\">{\"@context\":\"https:\\\/\\\/schema.org\",\"@graph\":[{\"@type\":\"WebPage\",\"@id\":\"https:\\\/\\\/gismodigital.ca\\\/mariem\\\/contactez-nous\\\/\",\"url\":\"https:\\\/\\\/gismodigital.ca\\\/mariem\\\/contactez-nous\\\/\",\"name\":\"Contactez-nous - Marie&amp;M\",\"isPartOf\":{\"@id\":\"https:\\\/\\\/gismodigital.ca\\\/mariem\\\/#website\"},\"datePublished\":\"2023-07-20T20:45:59+00:00\",\"dateModified\":\"2023-07-22T05:34:41+00:00\",\"breadcrumb\":{\"@id\":\"https:\\\/\\\/gismodigital.ca\\\/mariem\\\/contactez-nous\\\/#breadcrumb\"},\"inLanguage\":\"en-US\",\"potentialAction\":[{\"@type\":\"ReadAction\",\"target\":[\"https:\\\/\\\/gismodigital.ca\\\/mariem\\\/contactez-nous\\\/\"]}]},{\"@type\":\"BreadcrumbList\",\"@id\":\"https:\\\/\\\/gismodigital.ca\\\/mariem\\\/contactez-nous\\\/#breadcrumb\",\"itemListElement\":[{\"@type\":\"ListItem\",\"position\":1,\"name\":\"Home\",\"item\":\"https:\\\/\\\/gismodigital.ca\\\/mariem\\\/\"},{\"@type\":\"ListItem\",\"position\":2,\"name\":\"Contactez-nous\"}]},{\"@type\":\"WebSite\",\"@id\":\"https:\\\/\\\/gismodigital.ca\\\/mariem\\\/#website\",\"url\":\"https:\\\/\\\/gismodigital.ca\\\/mariem\\\/\",\"name\":\"Marie&amp;M\",\"description\":\"Marie&amp;M\",\"potentialAction\":[{\"@type\":\"SearchAction\",\"target\":{\"@type\":\"EntryPoint\",\"urlTemplate\":\"https:\\\/\\\/gismodigital.ca\\\/mariem\\\/?s={search_term_string}\"},\"query-input\":{\"@type\":\"PropertyValueSpecification\",\"valueRequired\":true,\"valueName\":\"search_term_string\"}}],\"inLanguage\":\"en-US\"}]}<\/script>\n<!-- \/ Yoast SEO plugin. -->","yoast_head_json":{"title":"Contactez-nous - Marie&amp;M","robots":{"index":"index","follow":"follow","max-snippet":"max-snippet:-1","max-image-preview":"max-image-preview:large","max-video-preview":"max-video-preview:-1"},"canonical":"https:\/\/gismodigital.ca\/mariem\/contactez-nous\/","og_locale":"en_US","og_type":"article","og_title":"Contactez-nous - Marie&amp;M","og_description":"Adresse 1755 Emile-Yelle app 204 H2M 1L1 Mobile Mobile: (514) 397-8704 E-mail infomarie.mboutique@gmail.com Social Si vous avez des questions, n&#8217;h\u00e9sitez pas \u00e0 nous contacter.Nous vous r\u00e9pondrons d\u00e8s que possible. Merci! \u00c9crivez-nous","og_url":"https:\/\/gismodigital.ca\/mariem\/contactez-nous\/","og_site_name":"Marie&amp;M","article_modified_time":"2023-07-22T05:34:41+00:00","twitter_card":"summary_large_image","twitter_misc":{"Est. reading time":"1 minute"},"schema":{"@context":"https:\/\/schema.org","@graph":[{"@type":"WebPage","@id":"https:\/\/gismodigital.ca\/mariem\/contactez-nous\/","url":"https:\/\/gismodigital.ca\/mariem\/contactez-nous\/","name":"Contactez-nous - Marie&amp;M","isPartOf":{"@id":"https:\/\/gismodigital.ca\/mariem\/#website"},"datePublished":"2023-07-20T20:45:59+00:00","dateModified":"2023-07-22T05:34:41+00:00","breadcrumb":{"@id":"https:\/\/gismodigital.ca\/mariem\/contactez-nous\/#breadcrumb"},"inLanguage":"en-US","potentialAction":[{"@type":"ReadAction","target":["https:\/\/gismodigital.ca\/mariem\/contactez-nous\/"]}]},{"@type":"BreadcrumbList","@id":"https:\/\/gismodigital.ca\/mariem\/contactez-nous\/#breadcrumb","itemListElement":[{"@type":"ListItem","position":1,"name":"Home","item":"https:\/\/gismodigital.ca\/mariem\/"},{"@type":"ListItem","position":2,"name":"Contactez-nous"}]},{"@type":"WebSite","@id":"https:\/\/gismodigital.ca\/mariem\/#website","url":"https:\/\/gismodigital.ca\/mariem\/","name":"Marie&amp;M","description":"Marie&amp;M","potentialAction":[{"@type":"SearchAction","target":{"@type":"EntryPoint","urlTemplate":"https:\/\/gismodigital.ca\/mariem\/?s={search_term_string}"},"query-input":{"@type":"PropertyValueSpecification","valueRequired":true,"valueName":"search_term_string"}}],"inLanguage":"en-US"}]}},"jetpack_sharing_enabled":true,"_links":{"self":[{"href":"https:\/\/gismodigital.ca\/mariem\/wp-json\/wp\/v2\/pages\/3707","targetHints":{"allow":["GET"]}}],"collection":[{"href":"https:\/\/gismodigital.ca\/mariem\/wp-json\/wp\/v2\/pages"}],"about":[{"href":"https:\/\/gismodigital.ca\/mariem\/wp-json\/wp\/v2\/types\/page"}],"author":[{"embeddable":true,"href":"https:\/\/gismodigital.ca\/mariem\/wp-json\/wp\/v2\/users\/2"}],"replies":[{"embeddable":true,"href":"https:\/\/gismodigital.ca\/mariem\/wp-json\/wp\/v2\/comments?post=3707"}],"version-history":[{"count":4,"href":"https:\/\/gismodigital.ca\/mariem\/wp-json\/wp\/v2\/pages\/3707\/revisions"}],"predecessor-version":[{"id":6184,"href":"https:\/\/gismodigital.ca\/mariem\/wp-json\/wp\/v2\/pages\/3707\/revisions\/6184"}],"wp:attachment":[{"href":"https:\/\/gismodigital.ca\/mariem\/wp-json\/wp\/v2\/media?parent=3707"}],"curies":[{"name":"wp","href":"https:\/\/api.w.org\/{rel}","templated":true}]}}