{"id":3861,"date":"2023-07-20T21:11:30","date_gmt":"2023-07-20T21:11:30","guid":{"rendered":"https:\/\/gismodigital.ca\/mariem\/product\/belle-robes-leopard-pour-ete-2022size-s-m-l-x-5xl-avis-5\/"},"modified":"2023-07-20T21:11:39","modified_gmt":"2023-07-20T21:11:39","slug":"belle-robes-leopard-pour-ete-2022size-s-m-l-x-5xl-avis-5","status":"publish","type":"product","link":"https:\/\/gismodigital.ca\/mariem\/product\/belle-robes-leopard-pour-ete-2022size-s-m-l-x-5xl-avis-5\/","title":{"rendered":"Belle robes L\u00e9opard pour \u00c9t\u00e9 2022\nSize : S, M, L X-5XL.  \nAvis : 5*****"},"content":{"rendered":"<h1>SPECIFICATIONS<\/h1>\n<p>\u00a0<\/p>\n<p>Robes d&#8217;\u00c9t\u00e9 2022<\/p>\n<p>Saison: \u00c9t\u00e9<\/p>\n<p>Materiel Composition: \u00a0fibre Synthetic\u00a0<\/p>\n<p>Materiel: Coton<\/p>\n<p>Material: Polyester<\/p>\n<p>Genre: Femmes demoiselle<\/p>\n<p>Viscose<\/p>\n<p>\u00a0<\/p>\n<p>\u00a0<\/p>\n","protected":false},"excerpt":{"rendered":"<p>SPECIFICATIONS \u00a0 Robes d&#8217;\u00c9t\u00e9 2022 Saison: \u00c9t\u00e9 Materiel Composition: \u00a0fibre Synthetic\u00a0 Materiel: Coton Material: Polyester Genre: Femmes demoiselle Viscose \u00a0 \u00a0<\/p>\n","protected":false},"featured_media":4078,"comment_status":"open","ping_status":"closed","template":"","meta":{"om_disable_all_campaigns":false,"_monsterinsights_skip_tracking":false,"_monsterinsights_sitenote_active":false,"_monsterinsights_sitenote_note":"","_monsterinsights_sitenote_category":0},"product_brand":[],"product_cat":[200],"product_tag":[],"class_list":{"0":"post-3861","1":"product","2":"type-product","3":"status-publish","4":"has-post-thumbnail","6":"product_cat-femmes","8":"first","9":"instock","10":"taxable","11":"shipping-taxable","12":"purchasable","13":"product-type-variable"},"yoast_head":"<!-- This site is optimized with the Yoast SEO plugin v27.4 - https:\/\/yoast.com\/product\/yoast-seo-wordpress\/ -->\n<title>Belle robes L\u00e9opard pour \u00c9t\u00e9 2022 Size : S, M, L X-5XL.  Avis : 5***** - Marie&amp;M<\/title>\n<meta name=\"robots\" content=\"index, follow, max-snippet:-1, max-image-preview:large, max-video-preview:-1\" \/>\n<link rel=\"canonical\" href=\"https:\/\/gismodigital.ca\/mariem\/product\/belle-robes-leopard-pour-ete-2022size-s-m-l-x-5xl-avis-5\/\" \/>\n<meta property=\"og:locale\" content=\"en_US\" \/>\n<meta property=\"og:type\" content=\"article\" \/>\n<meta property=\"og:title\" content=\"Belle robes L\u00e9opard pour \u00c9t\u00e9 2022 Size : S, M, L X-5XL.  Avis : 5***** - Marie&amp;M\" \/>\n<meta property=\"og:description\" content=\"SPECIFICATIONS \u00a0 Robes d&#8217;\u00c9t\u00e9 2022 Saison: \u00c9t\u00e9 Materiel Composition: \u00a0fibre Synthetic\u00a0 Materiel: Coton Material: Polyester Genre: Femmes demoiselle Viscose \u00a0 \u00a0\" \/>\n<meta property=\"og:url\" content=\"https:\/\/gismodigital.ca\/mariem\/product\/belle-robes-leopard-pour-ete-2022size-s-m-l-x-5xl-avis-5\/\" \/>\n<meta property=\"og:site_name\" content=\"Marie&amp;M\" \/>\n<meta property=\"article:modified_time\" content=\"2023-07-20T21:11:39+00:00\" \/>\n<meta name=\"twitter:card\" content=\"summary_large_image\" \/>\n<script type=\"application\/ld+json\" class=\"yoast-schema-graph\">{\"@context\":\"https:\\\/\\\/schema.org\",\"@graph\":[{\"@type\":\"WebPage\",\"@id\":\"https:\\\/\\\/gismodigital.ca\\\/mariem\\\/product\\\/belle-robes-leopard-pour-ete-2022size-s-m-l-x-5xl-avis-5\\\/\",\"url\":\"https:\\\/\\\/gismodigital.ca\\\/mariem\\\/product\\\/belle-robes-leopard-pour-ete-2022size-s-m-l-x-5xl-avis-5\\\/\",\"name\":\"Belle robes L\u00e9opard pour \u00c9t\u00e9 2022 Size : S, M, L X-5XL. Avis : 5***** - Marie&amp;M\",\"isPartOf\":{\"@id\":\"https:\\\/\\\/gismodigital.ca\\\/mariem\\\/#website\"},\"primaryImageOfPage\":{\"@id\":\"https:\\\/\\\/gismodigital.ca\\\/mariem\\\/product\\\/belle-robes-leopard-pour-ete-2022size-s-m-l-x-5xl-avis-5\\\/#primaryimage\"},\"image\":{\"@id\":\"https:\\\/\\\/gismodigital.ca\\\/mariem\\\/product\\\/belle-robes-leopard-pour-ete-2022size-s-m-l-x-5xl-avis-5\\\/#primaryimage\"},\"thumbnailUrl\":\"https:\\\/\\\/gismodigital.ca\\\/mariem\\\/wp-content\\\/uploads\\\/2023\\\/07\\\/belle-robes-leopard-pour-ete-2022size-s-m-l-x-5xl-avis-5-myrlana-109610.jpg\",\"datePublished\":\"2023-07-20T21:11:30+00:00\",\"dateModified\":\"2023-07-20T21:11:39+00:00\",\"breadcrumb\":{\"@id\":\"https:\\\/\\\/gismodigital.ca\\\/mariem\\\/product\\\/belle-robes-leopard-pour-ete-2022size-s-m-l-x-5xl-avis-5\\\/#breadcrumb\"},\"inLanguage\":\"en-US\",\"potentialAction\":[{\"@type\":\"ReadAction\",\"target\":[\"https:\\\/\\\/gismodigital.ca\\\/mariem\\\/product\\\/belle-robes-leopard-pour-ete-2022size-s-m-l-x-5xl-avis-5\\\/\"]}]},{\"@type\":\"ImageObject\",\"inLanguage\":\"en-US\",\"@id\":\"https:\\\/\\\/gismodigital.ca\\\/mariem\\\/product\\\/belle-robes-leopard-pour-ete-2022size-s-m-l-x-5xl-avis-5\\\/#primaryimage\",\"url\":\"https:\\\/\\\/gismodigital.ca\\\/mariem\\\/wp-content\\\/uploads\\\/2023\\\/07\\\/belle-robes-leopard-pour-ete-2022size-s-m-l-x-5xl-avis-5-myrlana-109610.jpg\",\"contentUrl\":\"https:\\\/\\\/gismodigital.ca\\\/mariem\\\/wp-content\\\/uploads\\\/2023\\\/07\\\/belle-robes-leopard-pour-ete-2022size-s-m-l-x-5xl-avis-5-myrlana-109610.jpg\",\"width\":750,\"height\":1000,\"caption\":\"Belle robes L\u00e9opard pour \u00c9t\u00e9 2022 Size : S, M, L X-5XL. Avis : 5***** Myrlana\"},{\"@type\":\"BreadcrumbList\",\"@id\":\"https:\\\/\\\/gismodigital.ca\\\/mariem\\\/product\\\/belle-robes-leopard-pour-ete-2022size-s-m-l-x-5xl-avis-5\\\/#breadcrumb\",\"itemListElement\":[{\"@type\":\"ListItem\",\"position\":1,\"name\":\"Home\",\"item\":\"https:\\\/\\\/gismodigital.ca\\\/mariem\\\/\"},{\"@type\":\"ListItem\",\"position\":2,\"name\":\"Boutique\",\"item\":\"https:\\\/\\\/gismodigital.ca\\\/mariem\\\/boutique\\\/\"},{\"@type\":\"ListItem\",\"position\":3,\"name\":\"Belle robes L\u00e9opard pour \u00c9t\u00e9 2022 Size : S, M, L X-5XL. Avis : 5*****\"}]},{\"@type\":\"WebSite\",\"@id\":\"https:\\\/\\\/gismodigital.ca\\\/mariem\\\/#website\",\"url\":\"https:\\\/\\\/gismodigital.ca\\\/mariem\\\/\",\"name\":\"Marie&amp;M\",\"description\":\"Marie&amp;M\",\"potentialAction\":[{\"@type\":\"SearchAction\",\"target\":{\"@type\":\"EntryPoint\",\"urlTemplate\":\"https:\\\/\\\/gismodigital.ca\\\/mariem\\\/?s={search_term_string}\"},\"query-input\":{\"@type\":\"PropertyValueSpecification\",\"valueRequired\":true,\"valueName\":\"search_term_string\"}}],\"inLanguage\":\"en-US\"}]}<\/script>\n<!-- \/ Yoast SEO plugin. -->","yoast_head_json":{"title":"Belle robes L\u00e9opard pour \u00c9t\u00e9 2022 Size : S, M, L X-5XL.  Avis : 5***** - Marie&amp;M","robots":{"index":"index","follow":"follow","max-snippet":"max-snippet:-1","max-image-preview":"max-image-preview:large","max-video-preview":"max-video-preview:-1"},"canonical":"https:\/\/gismodigital.ca\/mariem\/product\/belle-robes-leopard-pour-ete-2022size-s-m-l-x-5xl-avis-5\/","og_locale":"en_US","og_type":"article","og_title":"Belle robes L\u00e9opard pour \u00c9t\u00e9 2022 Size : S, M, L X-5XL.  Avis : 5***** - Marie&amp;M","og_description":"SPECIFICATIONS \u00a0 Robes d&#8217;\u00c9t\u00e9 2022 Saison: \u00c9t\u00e9 Materiel Composition: \u00a0fibre Synthetic\u00a0 Materiel: Coton Material: Polyester Genre: Femmes demoiselle Viscose \u00a0 \u00a0","og_url":"https:\/\/gismodigital.ca\/mariem\/product\/belle-robes-leopard-pour-ete-2022size-s-m-l-x-5xl-avis-5\/","og_site_name":"Marie&amp;M","article_modified_time":"2023-07-20T21:11:39+00:00","twitter_card":"summary_large_image","schema":{"@context":"https:\/\/schema.org","@graph":[{"@type":"WebPage","@id":"https:\/\/gismodigital.ca\/mariem\/product\/belle-robes-leopard-pour-ete-2022size-s-m-l-x-5xl-avis-5\/","url":"https:\/\/gismodigital.ca\/mariem\/product\/belle-robes-leopard-pour-ete-2022size-s-m-l-x-5xl-avis-5\/","name":"Belle robes L\u00e9opard pour \u00c9t\u00e9 2022 Size : S, M, L X-5XL. Avis : 5***** - Marie&amp;M","isPartOf":{"@id":"https:\/\/gismodigital.ca\/mariem\/#website"},"primaryImageOfPage":{"@id":"https:\/\/gismodigital.ca\/mariem\/product\/belle-robes-leopard-pour-ete-2022size-s-m-l-x-5xl-avis-5\/#primaryimage"},"image":{"@id":"https:\/\/gismodigital.ca\/mariem\/product\/belle-robes-leopard-pour-ete-2022size-s-m-l-x-5xl-avis-5\/#primaryimage"},"thumbnailUrl":"https:\/\/gismodigital.ca\/mariem\/wp-content\/uploads\/2023\/07\/belle-robes-leopard-pour-ete-2022size-s-m-l-x-5xl-avis-5-myrlana-109610.jpg","datePublished":"2023-07-20T21:11:30+00:00","dateModified":"2023-07-20T21:11:39+00:00","breadcrumb":{"@id":"https:\/\/gismodigital.ca\/mariem\/product\/belle-robes-leopard-pour-ete-2022size-s-m-l-x-5xl-avis-5\/#breadcrumb"},"inLanguage":"en-US","potentialAction":[{"@type":"ReadAction","target":["https:\/\/gismodigital.ca\/mariem\/product\/belle-robes-leopard-pour-ete-2022size-s-m-l-x-5xl-avis-5\/"]}]},{"@type":"ImageObject","inLanguage":"en-US","@id":"https:\/\/gismodigital.ca\/mariem\/product\/belle-robes-leopard-pour-ete-2022size-s-m-l-x-5xl-avis-5\/#primaryimage","url":"https:\/\/gismodigital.ca\/mariem\/wp-content\/uploads\/2023\/07\/belle-robes-leopard-pour-ete-2022size-s-m-l-x-5xl-avis-5-myrlana-109610.jpg","contentUrl":"https:\/\/gismodigital.ca\/mariem\/wp-content\/uploads\/2023\/07\/belle-robes-leopard-pour-ete-2022size-s-m-l-x-5xl-avis-5-myrlana-109610.jpg","width":750,"height":1000,"caption":"Belle robes L\u00e9opard pour \u00c9t\u00e9 2022 Size : S, M, L X-5XL. Avis : 5***** Myrlana"},{"@type":"BreadcrumbList","@id":"https:\/\/gismodigital.ca\/mariem\/product\/belle-robes-leopard-pour-ete-2022size-s-m-l-x-5xl-avis-5\/#breadcrumb","itemListElement":[{"@type":"ListItem","position":1,"name":"Home","item":"https:\/\/gismodigital.ca\/mariem\/"},{"@type":"ListItem","position":2,"name":"Boutique","item":"https:\/\/gismodigital.ca\/mariem\/boutique\/"},{"@type":"ListItem","position":3,"name":"Belle robes L\u00e9opard pour \u00c9t\u00e9 2022 Size : S, M, L X-5XL. Avis : 5*****"}]},{"@type":"WebSite","@id":"https:\/\/gismodigital.ca\/mariem\/#website","url":"https:\/\/gismodigital.ca\/mariem\/","name":"Marie&amp;M","description":"Marie&amp;M","potentialAction":[{"@type":"SearchAction","target":{"@type":"EntryPoint","urlTemplate":"https:\/\/gismodigital.ca\/mariem\/?s={search_term_string}"},"query-input":{"@type":"PropertyValueSpecification","valueRequired":true,"valueName":"search_term_string"}}],"inLanguage":"en-US"}]}},"jetpack_sharing_enabled":true,"_links":{"self":[{"href":"https:\/\/gismodigital.ca\/mariem\/wp-json\/wp\/v2\/product\/3861","targetHints":{"allow":["GET"]}}],"collection":[{"href":"https:\/\/gismodigital.ca\/mariem\/wp-json\/wp\/v2\/product"}],"about":[{"href":"https:\/\/gismodigital.ca\/mariem\/wp-json\/wp\/v2\/types\/product"}],"replies":[{"embeddable":true,"href":"https:\/\/gismodigital.ca\/mariem\/wp-json\/wp\/v2\/comments?post=3861"}],"wp:featuredmedia":[{"embeddable":true,"href":"https:\/\/gismodigital.ca\/mariem\/wp-json\/wp\/v2\/media\/4078"}],"wp:attachment":[{"href":"https:\/\/gismodigital.ca\/mariem\/wp-json\/wp\/v2\/media?parent=3861"}],"wp:term":[{"taxonomy":"product_brand","embeddable":true,"href":"https:\/\/gismodigital.ca\/mariem\/wp-json\/wp\/v2\/product_brand?post=3861"},{"taxonomy":"product_cat","embeddable":true,"href":"https:\/\/gismodigital.ca\/mariem\/wp-json\/wp\/v2\/product_cat?post=3861"},{"taxonomy":"product_tag","embeddable":true,"href":"https:\/\/gismodigital.ca\/mariem\/wp-json\/wp\/v2\/product_tag?post=3861"}],"curies":[{"name":"wp","href":"https:\/\/api.w.org\/{rel}","templated":true}]}}