{"id":3985,"date":"2023-07-20T21:11:52","date_gmt":"2023-07-20T21:11:52","guid":{"rendered":"https:\/\/gismodigital.ca\/mariem\/product\/brownie-au-chocolat-robe-a-bretelles-sexy-printemps-2022-design-de-niche-retro-jupe-trapeze-mince\/"},"modified":"2023-07-20T21:11:57","modified_gmt":"2023-07-20T21:11:57","slug":"brownie-au-chocolat-robe-a-bretelles-sexy-printemps-2022-design-de-niche-retro-jupe-trapeze-mince","status":"publish","type":"product","link":"https:\/\/gismodigital.ca\/mariem\/product\/brownie-au-chocolat-robe-a-bretelles-sexy-printemps-2022-design-de-niche-retro-jupe-trapeze-mince\/","title":{"rendered":"Brownie au chocolat robe \u00e0 bretelles sexy printemps 2022 design de niche r\u00e9tro jupe trap\u00e8ze mince"},"content":{"rendered":"<p><strong>Cross-border parcel weight: <\/strong>0.3 kg<br \/><strong>unit weight: <\/strong>0.3 kg<br \/><strong>fabric name: <\/strong>Polyester<br \/><strong>Source category: <\/strong>Spot goods<br \/><strong>style: <\/strong>lightly cooked<br \/><strong>pattern: <\/strong>solid color<br \/><strong>craft: <\/strong>collage\/splicing<br \/><strong>Origin: <\/strong>Guangzhou<br \/><strong>Inventory Type: <\/strong>whole order<br \/><strong>shape: <\/strong>Strap<br \/><strong>Combination: <\/strong>Single<br \/><strong>skirt length: <\/strong>short skirt<br \/><strong>skirt type: <\/strong>pleated skirt<br \/><strong>waist type: <\/strong>high waist<br \/><strong>placket: <\/strong>zipper<br \/><strong>Listing year\/season: <\/strong>Spring summer<br \/><strong>Main fabric composition: <\/strong>Polyester Fiber (Polyester)<br \/><strong>The content of main fabric ingredients: <\/strong>71%-80%<br \/><strong>Lining ingredient content: <\/strong>100%<br \/><strong>Is it in stock: <\/strong>Yes<br \/>\u00a0<\/p>\n","protected":false},"excerpt":{"rendered":"<p>Cross-border parcel weight: 0.3 kgunit weight: 0.3 kgfabric name: PolyesterSource category: Spot goodsstyle: lightly cookedpattern: solid colorcraft: collage\/splicingOrigin: GuangzhouInventory Type: whole ordershape: StrapCombination: Singleskirt length: short skirtskirt type: pleated skirtwaist type: high waistplacket: zipperListing year\/season: Spring summerMain fabric composition: Polyester Fiber (Polyester)The content of main fabric ingredients: 71%-80%Lining ingredient content: 100%Is it in stock: Yes\u00a0<\/p>\n","protected":false},"featured_media":4755,"comment_status":"open","ping_status":"closed","template":"","meta":{"om_disable_all_campaigns":false,"_monsterinsights_skip_tracking":false,"_monsterinsights_sitenote_active":false,"_monsterinsights_sitenote_note":"","_monsterinsights_sitenote_category":0},"product_brand":[],"product_cat":[200],"product_tag":[],"class_list":{"0":"post-3985","1":"product","2":"type-product","3":"status-publish","4":"has-post-thumbnail","6":"product_cat-femmes","8":"first","9":"instock","10":"sale","11":"taxable","12":"shipping-taxable","13":"purchasable","14":"product-type-variable"},"yoast_head":"<!-- This site is optimized with the Yoast SEO plugin v27.4 - https:\/\/yoast.com\/product\/yoast-seo-wordpress\/ -->\n<title>Brownie au chocolat robe \u00e0 bretelles sexy printemps 2022 design de niche r\u00e9tro jupe trap\u00e8ze mince - Marie&amp;M<\/title>\n<meta name=\"robots\" content=\"index, follow, max-snippet:-1, max-image-preview:large, max-video-preview:-1\" \/>\n<link rel=\"canonical\" href=\"https:\/\/gismodigital.ca\/mariem\/product\/brownie-au-chocolat-robe-a-bretelles-sexy-printemps-2022-design-de-niche-retro-jupe-trapeze-mince\/\" \/>\n<meta property=\"og:locale\" content=\"en_US\" \/>\n<meta property=\"og:type\" content=\"article\" \/>\n<meta property=\"og:title\" content=\"Brownie au chocolat robe \u00e0 bretelles sexy printemps 2022 design de niche r\u00e9tro jupe trap\u00e8ze mince - Marie&amp;M\" \/>\n<meta property=\"og:description\" content=\"Cross-border parcel weight: 0.3 kgunit weight: 0.3 kgfabric name: PolyesterSource category: Spot goodsstyle: lightly cookedpattern: solid colorcraft: collage\/splicingOrigin: GuangzhouInventory Type: whole ordershape: StrapCombination: Singleskirt length: short skirtskirt type: pleated skirtwaist type: high waistplacket: zipperListing year\/season: Spring summerMain fabric composition: Polyester Fiber (Polyester)The content of main fabric ingredients: 71%-80%Lining ingredient content: 100%Is it in stock: Yes\u00a0\" \/>\n<meta property=\"og:url\" content=\"https:\/\/gismodigital.ca\/mariem\/product\/brownie-au-chocolat-robe-a-bretelles-sexy-printemps-2022-design-de-niche-retro-jupe-trapeze-mince\/\" \/>\n<meta property=\"og:site_name\" content=\"Marie&amp;M\" \/>\n<meta property=\"article:modified_time\" content=\"2023-07-20T21:11:57+00:00\" \/>\n<meta name=\"twitter:card\" content=\"summary_large_image\" \/>\n<script type=\"application\/ld+json\" class=\"yoast-schema-graph\">{\"@context\":\"https:\\\/\\\/schema.org\",\"@graph\":[{\"@type\":\"WebPage\",\"@id\":\"https:\\\/\\\/gismodigital.ca\\\/mariem\\\/product\\\/brownie-au-chocolat-robe-a-bretelles-sexy-printemps-2022-design-de-niche-retro-jupe-trapeze-mince\\\/\",\"url\":\"https:\\\/\\\/gismodigital.ca\\\/mariem\\\/product\\\/brownie-au-chocolat-robe-a-bretelles-sexy-printemps-2022-design-de-niche-retro-jupe-trapeze-mince\\\/\",\"name\":\"Brownie au chocolat robe \u00e0 bretelles sexy printemps 2022 design de niche r\u00e9tro jupe trap\u00e8ze mince - Marie&amp;M\",\"isPartOf\":{\"@id\":\"https:\\\/\\\/gismodigital.ca\\\/mariem\\\/#website\"},\"primaryImageOfPage\":{\"@id\":\"https:\\\/\\\/gismodigital.ca\\\/mariem\\\/product\\\/brownie-au-chocolat-robe-a-bretelles-sexy-printemps-2022-design-de-niche-retro-jupe-trapeze-mince\\\/#primaryimage\"},\"image\":{\"@id\":\"https:\\\/\\\/gismodigital.ca\\\/mariem\\\/product\\\/brownie-au-chocolat-robe-a-bretelles-sexy-printemps-2022-design-de-niche-retro-jupe-trapeze-mince\\\/#primaryimage\"},\"thumbnailUrl\":\"https:\\\/\\\/gismodigital.ca\\\/mariem\\\/wp-content\\\/uploads\\\/2023\\\/07\\\/brownie-au-chocolat-robe-a-bretelles-sexy-printemps-2022-design-de-niche-retro-jupe-trapeze-mince-marie-m-592804.jpg\",\"datePublished\":\"2023-07-20T21:11:52+00:00\",\"dateModified\":\"2023-07-20T21:11:57+00:00\",\"breadcrumb\":{\"@id\":\"https:\\\/\\\/gismodigital.ca\\\/mariem\\\/product\\\/brownie-au-chocolat-robe-a-bretelles-sexy-printemps-2022-design-de-niche-retro-jupe-trapeze-mince\\\/#breadcrumb\"},\"inLanguage\":\"en-US\",\"potentialAction\":[{\"@type\":\"ReadAction\",\"target\":[\"https:\\\/\\\/gismodigital.ca\\\/mariem\\\/product\\\/brownie-au-chocolat-robe-a-bretelles-sexy-printemps-2022-design-de-niche-retro-jupe-trapeze-mince\\\/\"]}]},{\"@type\":\"ImageObject\",\"inLanguage\":\"en-US\",\"@id\":\"https:\\\/\\\/gismodigital.ca\\\/mariem\\\/product\\\/brownie-au-chocolat-robe-a-bretelles-sexy-printemps-2022-design-de-niche-retro-jupe-trapeze-mince\\\/#primaryimage\",\"url\":\"https:\\\/\\\/gismodigital.ca\\\/mariem\\\/wp-content\\\/uploads\\\/2023\\\/07\\\/brownie-au-chocolat-robe-a-bretelles-sexy-printemps-2022-design-de-niche-retro-jupe-trapeze-mince-marie-m-592804.jpg\",\"contentUrl\":\"https:\\\/\\\/gismodigital.ca\\\/mariem\\\/wp-content\\\/uploads\\\/2023\\\/07\\\/brownie-au-chocolat-robe-a-bretelles-sexy-printemps-2022-design-de-niche-retro-jupe-trapeze-mince-marie-m-592804.jpg\",\"width\":800,\"height\":800,\"caption\":\"Brownie au chocolat robe \u00e0 bretelles sexy printemps 2022 design de niche r\u00e9tro jupe trap\u00e8ze mince Marie & M\"},{\"@type\":\"BreadcrumbList\",\"@id\":\"https:\\\/\\\/gismodigital.ca\\\/mariem\\\/product\\\/brownie-au-chocolat-robe-a-bretelles-sexy-printemps-2022-design-de-niche-retro-jupe-trapeze-mince\\\/#breadcrumb\",\"itemListElement\":[{\"@type\":\"ListItem\",\"position\":1,\"name\":\"Home\",\"item\":\"https:\\\/\\\/gismodigital.ca\\\/mariem\\\/\"},{\"@type\":\"ListItem\",\"position\":2,\"name\":\"Boutique\",\"item\":\"https:\\\/\\\/gismodigital.ca\\\/mariem\\\/boutique\\\/\"},{\"@type\":\"ListItem\",\"position\":3,\"name\":\"Brownie au chocolat robe \u00e0 bretelles sexy printemps 2022 design de niche r\u00e9tro jupe trap\u00e8ze mince\"}]},{\"@type\":\"WebSite\",\"@id\":\"https:\\\/\\\/gismodigital.ca\\\/mariem\\\/#website\",\"url\":\"https:\\\/\\\/gismodigital.ca\\\/mariem\\\/\",\"name\":\"Marie&amp;M\",\"description\":\"Marie&amp;M\",\"potentialAction\":[{\"@type\":\"SearchAction\",\"target\":{\"@type\":\"EntryPoint\",\"urlTemplate\":\"https:\\\/\\\/gismodigital.ca\\\/mariem\\\/?s={search_term_string}\"},\"query-input\":{\"@type\":\"PropertyValueSpecification\",\"valueRequired\":true,\"valueName\":\"search_term_string\"}}],\"inLanguage\":\"en-US\"}]}<\/script>\n<!-- \/ Yoast SEO plugin. -->","yoast_head_json":{"title":"Brownie au chocolat robe \u00e0 bretelles sexy printemps 2022 design de niche r\u00e9tro jupe trap\u00e8ze mince - Marie&amp;M","robots":{"index":"index","follow":"follow","max-snippet":"max-snippet:-1","max-image-preview":"max-image-preview:large","max-video-preview":"max-video-preview:-1"},"canonical":"https:\/\/gismodigital.ca\/mariem\/product\/brownie-au-chocolat-robe-a-bretelles-sexy-printemps-2022-design-de-niche-retro-jupe-trapeze-mince\/","og_locale":"en_US","og_type":"article","og_title":"Brownie au chocolat robe \u00e0 bretelles sexy printemps 2022 design de niche r\u00e9tro jupe trap\u00e8ze mince - Marie&amp;M","og_description":"Cross-border parcel weight: 0.3 kgunit weight: 0.3 kgfabric name: PolyesterSource category: Spot goodsstyle: lightly cookedpattern: solid colorcraft: collage\/splicingOrigin: GuangzhouInventory Type: whole ordershape: StrapCombination: Singleskirt length: short skirtskirt type: pleated skirtwaist type: high waistplacket: zipperListing year\/season: Spring summerMain fabric composition: Polyester Fiber (Polyester)The content of main fabric ingredients: 71%-80%Lining ingredient content: 100%Is it in stock: Yes\u00a0","og_url":"https:\/\/gismodigital.ca\/mariem\/product\/brownie-au-chocolat-robe-a-bretelles-sexy-printemps-2022-design-de-niche-retro-jupe-trapeze-mince\/","og_site_name":"Marie&amp;M","article_modified_time":"2023-07-20T21:11:57+00:00","twitter_card":"summary_large_image","schema":{"@context":"https:\/\/schema.org","@graph":[{"@type":"WebPage","@id":"https:\/\/gismodigital.ca\/mariem\/product\/brownie-au-chocolat-robe-a-bretelles-sexy-printemps-2022-design-de-niche-retro-jupe-trapeze-mince\/","url":"https:\/\/gismodigital.ca\/mariem\/product\/brownie-au-chocolat-robe-a-bretelles-sexy-printemps-2022-design-de-niche-retro-jupe-trapeze-mince\/","name":"Brownie au chocolat robe \u00e0 bretelles sexy printemps 2022 design de niche r\u00e9tro jupe trap\u00e8ze mince - Marie&amp;M","isPartOf":{"@id":"https:\/\/gismodigital.ca\/mariem\/#website"},"primaryImageOfPage":{"@id":"https:\/\/gismodigital.ca\/mariem\/product\/brownie-au-chocolat-robe-a-bretelles-sexy-printemps-2022-design-de-niche-retro-jupe-trapeze-mince\/#primaryimage"},"image":{"@id":"https:\/\/gismodigital.ca\/mariem\/product\/brownie-au-chocolat-robe-a-bretelles-sexy-printemps-2022-design-de-niche-retro-jupe-trapeze-mince\/#primaryimage"},"thumbnailUrl":"https:\/\/gismodigital.ca\/mariem\/wp-content\/uploads\/2023\/07\/brownie-au-chocolat-robe-a-bretelles-sexy-printemps-2022-design-de-niche-retro-jupe-trapeze-mince-marie-m-592804.jpg","datePublished":"2023-07-20T21:11:52+00:00","dateModified":"2023-07-20T21:11:57+00:00","breadcrumb":{"@id":"https:\/\/gismodigital.ca\/mariem\/product\/brownie-au-chocolat-robe-a-bretelles-sexy-printemps-2022-design-de-niche-retro-jupe-trapeze-mince\/#breadcrumb"},"inLanguage":"en-US","potentialAction":[{"@type":"ReadAction","target":["https:\/\/gismodigital.ca\/mariem\/product\/brownie-au-chocolat-robe-a-bretelles-sexy-printemps-2022-design-de-niche-retro-jupe-trapeze-mince\/"]}]},{"@type":"ImageObject","inLanguage":"en-US","@id":"https:\/\/gismodigital.ca\/mariem\/product\/brownie-au-chocolat-robe-a-bretelles-sexy-printemps-2022-design-de-niche-retro-jupe-trapeze-mince\/#primaryimage","url":"https:\/\/gismodigital.ca\/mariem\/wp-content\/uploads\/2023\/07\/brownie-au-chocolat-robe-a-bretelles-sexy-printemps-2022-design-de-niche-retro-jupe-trapeze-mince-marie-m-592804.jpg","contentUrl":"https:\/\/gismodigital.ca\/mariem\/wp-content\/uploads\/2023\/07\/brownie-au-chocolat-robe-a-bretelles-sexy-printemps-2022-design-de-niche-retro-jupe-trapeze-mince-marie-m-592804.jpg","width":800,"height":800,"caption":"Brownie au chocolat robe \u00e0 bretelles sexy printemps 2022 design de niche r\u00e9tro jupe trap\u00e8ze mince Marie & M"},{"@type":"BreadcrumbList","@id":"https:\/\/gismodigital.ca\/mariem\/product\/brownie-au-chocolat-robe-a-bretelles-sexy-printemps-2022-design-de-niche-retro-jupe-trapeze-mince\/#breadcrumb","itemListElement":[{"@type":"ListItem","position":1,"name":"Home","item":"https:\/\/gismodigital.ca\/mariem\/"},{"@type":"ListItem","position":2,"name":"Boutique","item":"https:\/\/gismodigital.ca\/mariem\/boutique\/"},{"@type":"ListItem","position":3,"name":"Brownie au chocolat robe \u00e0 bretelles sexy printemps 2022 design de niche r\u00e9tro jupe trap\u00e8ze mince"}]},{"@type":"WebSite","@id":"https:\/\/gismodigital.ca\/mariem\/#website","url":"https:\/\/gismodigital.ca\/mariem\/","name":"Marie&amp;M","description":"Marie&amp;M","potentialAction":[{"@type":"SearchAction","target":{"@type":"EntryPoint","urlTemplate":"https:\/\/gismodigital.ca\/mariem\/?s={search_term_string}"},"query-input":{"@type":"PropertyValueSpecification","valueRequired":true,"valueName":"search_term_string"}}],"inLanguage":"en-US"}]}},"jetpack_sharing_enabled":true,"_links":{"self":[{"href":"https:\/\/gismodigital.ca\/mariem\/wp-json\/wp\/v2\/product\/3985","targetHints":{"allow":["GET"]}}],"collection":[{"href":"https:\/\/gismodigital.ca\/mariem\/wp-json\/wp\/v2\/product"}],"about":[{"href":"https:\/\/gismodigital.ca\/mariem\/wp-json\/wp\/v2\/types\/product"}],"replies":[{"embeddable":true,"href":"https:\/\/gismodigital.ca\/mariem\/wp-json\/wp\/v2\/comments?post=3985"}],"wp:featuredmedia":[{"embeddable":true,"href":"https:\/\/gismodigital.ca\/mariem\/wp-json\/wp\/v2\/media\/4755"}],"wp:attachment":[{"href":"https:\/\/gismodigital.ca\/mariem\/wp-json\/wp\/v2\/media?parent=3985"}],"wp:term":[{"taxonomy":"product_brand","embeddable":true,"href":"https:\/\/gismodigital.ca\/mariem\/wp-json\/wp\/v2\/product_brand?post=3985"},{"taxonomy":"product_cat","embeddable":true,"href":"https:\/\/gismodigital.ca\/mariem\/wp-json\/wp\/v2\/product_cat?post=3985"},{"taxonomy":"product_tag","embeddable":true,"href":"https:\/\/gismodigital.ca\/mariem\/wp-json\/wp\/v2\/product_tag?post=3985"}],"curies":[{"name":"wp","href":"https:\/\/api.w.org\/{rel}","templated":true}]}}