{"id":4008,"date":"2023-07-20T21:11:59","date_gmt":"2023-07-20T21:11:59","guid":{"rendered":"https:\/\/gismodigital.ca\/mariem\/product\/casual-dresses-women-elegant-formal-party-dress-short-sleeve-sexy-slim-ladies-office-pleated-knee-pencil-bodycon-dresses\/"},"modified":"2023-07-20T21:12:09","modified_gmt":"2023-07-20T21:12:09","slug":"casual-dresses-women-elegant-formal-party-dress-short-sleeve-sexy-slim-ladies-office-pleated-knee-pencil-bodycon-dresses","status":"publish","type":"product","link":"https:\/\/gismodigital.ca\/mariem\/product\/casual-dresses-women-elegant-formal-party-dress-short-sleeve-sexy-slim-ladies-office-pleated-knee-pencil-bodycon-dresses\/","title":{"rendered":"Casual Dresses Women Elegant Formal Party Dress Short Sleeve Sexy Slim Ladies Office Pleated Knee Pencil Bodycon Dresses"},"content":{"rendered":"<h1>SPECIFICATIONS<\/h1>\n<p>Robes d\u00e9contract\u00e9es femmes \u00e9l\u00e9gante robe de soir\u00e9e formelle \u00e0 manches courtes Sexy mince dames bureau pliss\u00e9 genou crayon robes moulantes<\/p>\n<p>\u00a0<\/p>\n<p>Waistline: empire<\/p>\n<p>Type: Regular<\/p>\n<p>Style: Office Lady<\/p>\n<p>Sleeve Style: Petal Sleeve<\/p>\n<p>Sleeve Length(cm): Short<\/p>\n<p>Silhouette: Pencil<\/p>\n<p>Season: Spring\/Summer<\/p>\n<p>Pattern Type: Solid<\/p>\n<p>Origin: M C<\/p>\n<p>Neckline: O-Neck<\/p>\n<p>Model Number: FZ-MJ-2302-6<\/p>\n<p>Material: Polyester<\/p>\n<p>Material: Spandex<\/p>\n<p>Gender: WOMEN<\/p>\n<p>Fit Type: Slim Fit<\/p>\n<p>Fabric Type: Polyester<\/p>\n<p>Elasticity: Medium Strecth<\/p>\n<p>\u00a0<\/p>\n<p>\u00a0<\/p>\n","protected":false},"excerpt":{"rendered":"<p>SPECIFICATIONS Robes d\u00e9contract\u00e9es femmes \u00e9l\u00e9gante robe de soir\u00e9e formelle \u00e0 manches courtes Sexy mince dames bureau pliss\u00e9 genou crayon robes moulantes \u00a0 Waistline: empire Type: Regular Style: Office Lady Sleeve Style: Petal Sleeve Sleeve Length(cm): Short Silhouette: Pencil Season: Spring\/Summer Pattern Type: Solid Origin: M C Neckline: O-Neck Model Number: FZ-MJ-2302-6 Material: Polyester Material: Spandex [&hellip;]<\/p>\n","protected":false},"featured_media":4982,"comment_status":"open","ping_status":"closed","template":"","meta":{"om_disable_all_campaigns":false,"_monsterinsights_skip_tracking":false,"_monsterinsights_sitenote_active":false,"_monsterinsights_sitenote_note":"","_monsterinsights_sitenote_category":0},"product_brand":[],"product_cat":[200],"product_tag":[],"class_list":{"0":"post-4008","1":"product","2":"type-product","3":"status-publish","4":"has-post-thumbnail","6":"product_cat-femmes","8":"first","9":"instock","10":"sale","11":"taxable","12":"shipping-taxable","13":"purchasable","14":"product-type-variable"},"yoast_head":"<!-- This site is optimized with the Yoast SEO plugin v27.4 - https:\/\/yoast.com\/product\/yoast-seo-wordpress\/ -->\n<title>Casual Dresses Women Elegant Formal Party Dress Short Sleeve Sexy Slim Ladies Office Pleated Knee Pencil Bodycon Dresses - Marie&amp;M<\/title>\n<meta name=\"robots\" content=\"index, follow, max-snippet:-1, max-image-preview:large, max-video-preview:-1\" \/>\n<link rel=\"canonical\" href=\"https:\/\/gismodigital.ca\/mariem\/product\/casual-dresses-women-elegant-formal-party-dress-short-sleeve-sexy-slim-ladies-office-pleated-knee-pencil-bodycon-dresses\/\" \/>\n<meta property=\"og:locale\" content=\"en_US\" \/>\n<meta property=\"og:type\" content=\"article\" \/>\n<meta property=\"og:title\" content=\"Casual Dresses Women Elegant Formal Party Dress Short Sleeve Sexy Slim Ladies Office Pleated Knee Pencil Bodycon Dresses - Marie&amp;M\" \/>\n<meta property=\"og:description\" content=\"SPECIFICATIONS Robes d\u00e9contract\u00e9es femmes \u00e9l\u00e9gante robe de soir\u00e9e formelle \u00e0 manches courtes Sexy mince dames bureau pliss\u00e9 genou crayon robes moulantes \u00a0 Waistline: empire Type: Regular Style: Office Lady Sleeve Style: Petal Sleeve Sleeve Length(cm): Short Silhouette: Pencil Season: Spring\/Summer Pattern Type: Solid Origin: M C Neckline: O-Neck Model Number: FZ-MJ-2302-6 Material: Polyester Material: Spandex [&hellip;]\" \/>\n<meta property=\"og:url\" content=\"https:\/\/gismodigital.ca\/mariem\/product\/casual-dresses-women-elegant-formal-party-dress-short-sleeve-sexy-slim-ladies-office-pleated-knee-pencil-bodycon-dresses\/\" \/>\n<meta property=\"og:site_name\" content=\"Marie&amp;M\" \/>\n<meta property=\"article:modified_time\" content=\"2023-07-20T21:12:09+00:00\" \/>\n<meta name=\"twitter:card\" content=\"summary_large_image\" \/>\n<script type=\"application\/ld+json\" class=\"yoast-schema-graph\">{\"@context\":\"https:\\\/\\\/schema.org\",\"@graph\":[{\"@type\":\"WebPage\",\"@id\":\"https:\\\/\\\/gismodigital.ca\\\/mariem\\\/product\\\/casual-dresses-women-elegant-formal-party-dress-short-sleeve-sexy-slim-ladies-office-pleated-knee-pencil-bodycon-dresses\\\/\",\"url\":\"https:\\\/\\\/gismodigital.ca\\\/mariem\\\/product\\\/casual-dresses-women-elegant-formal-party-dress-short-sleeve-sexy-slim-ladies-office-pleated-knee-pencil-bodycon-dresses\\\/\",\"name\":\"Casual Dresses Women Elegant Formal Party Dress Short Sleeve Sexy Slim Ladies Office Pleated Knee Pencil Bodycon Dresses - Marie&amp;M\",\"isPartOf\":{\"@id\":\"https:\\\/\\\/gismodigital.ca\\\/mariem\\\/#website\"},\"primaryImageOfPage\":{\"@id\":\"https:\\\/\\\/gismodigital.ca\\\/mariem\\\/product\\\/casual-dresses-women-elegant-formal-party-dress-short-sleeve-sexy-slim-ladies-office-pleated-knee-pencil-bodycon-dresses\\\/#primaryimage\"},\"image\":{\"@id\":\"https:\\\/\\\/gismodigital.ca\\\/mariem\\\/product\\\/casual-dresses-women-elegant-formal-party-dress-short-sleeve-sexy-slim-ladies-office-pleated-knee-pencil-bodycon-dresses\\\/#primaryimage\"},\"thumbnailUrl\":\"https:\\\/\\\/gismodigital.ca\\\/mariem\\\/wp-content\\\/uploads\\\/2023\\\/07\\\/S57fc0ac5c60444538a244bfe1344ad33d.jpg\",\"datePublished\":\"2023-07-20T21:11:59+00:00\",\"dateModified\":\"2023-07-20T21:12:09+00:00\",\"breadcrumb\":{\"@id\":\"https:\\\/\\\/gismodigital.ca\\\/mariem\\\/product\\\/casual-dresses-women-elegant-formal-party-dress-short-sleeve-sexy-slim-ladies-office-pleated-knee-pencil-bodycon-dresses\\\/#breadcrumb\"},\"inLanguage\":\"en-US\",\"potentialAction\":[{\"@type\":\"ReadAction\",\"target\":[\"https:\\\/\\\/gismodigital.ca\\\/mariem\\\/product\\\/casual-dresses-women-elegant-formal-party-dress-short-sleeve-sexy-slim-ladies-office-pleated-knee-pencil-bodycon-dresses\\\/\"]}]},{\"@type\":\"ImageObject\",\"inLanguage\":\"en-US\",\"@id\":\"https:\\\/\\\/gismodigital.ca\\\/mariem\\\/product\\\/casual-dresses-women-elegant-formal-party-dress-short-sleeve-sexy-slim-ladies-office-pleated-knee-pencil-bodycon-dresses\\\/#primaryimage\",\"url\":\"https:\\\/\\\/gismodigital.ca\\\/mariem\\\/wp-content\\\/uploads\\\/2023\\\/07\\\/S57fc0ac5c60444538a244bfe1344ad33d.jpg\",\"contentUrl\":\"https:\\\/\\\/gismodigital.ca\\\/mariem\\\/wp-content\\\/uploads\\\/2023\\\/07\\\/S57fc0ac5c60444538a244bfe1344ad33d.jpg\",\"width\":800,\"height\":800},{\"@type\":\"BreadcrumbList\",\"@id\":\"https:\\\/\\\/gismodigital.ca\\\/mariem\\\/product\\\/casual-dresses-women-elegant-formal-party-dress-short-sleeve-sexy-slim-ladies-office-pleated-knee-pencil-bodycon-dresses\\\/#breadcrumb\",\"itemListElement\":[{\"@type\":\"ListItem\",\"position\":1,\"name\":\"Home\",\"item\":\"https:\\\/\\\/gismodigital.ca\\\/mariem\\\/\"},{\"@type\":\"ListItem\",\"position\":2,\"name\":\"Boutique\",\"item\":\"https:\\\/\\\/gismodigital.ca\\\/mariem\\\/boutique\\\/\"},{\"@type\":\"ListItem\",\"position\":3,\"name\":\"Casual Dresses Women Elegant Formal Party Dress Short Sleeve Sexy Slim Ladies Office Pleated Knee Pencil Bodycon Dresses\"}]},{\"@type\":\"WebSite\",\"@id\":\"https:\\\/\\\/gismodigital.ca\\\/mariem\\\/#website\",\"url\":\"https:\\\/\\\/gismodigital.ca\\\/mariem\\\/\",\"name\":\"Marie&amp;M\",\"description\":\"Marie&amp;M\",\"potentialAction\":[{\"@type\":\"SearchAction\",\"target\":{\"@type\":\"EntryPoint\",\"urlTemplate\":\"https:\\\/\\\/gismodigital.ca\\\/mariem\\\/?s={search_term_string}\"},\"query-input\":{\"@type\":\"PropertyValueSpecification\",\"valueRequired\":true,\"valueName\":\"search_term_string\"}}],\"inLanguage\":\"en-US\"}]}<\/script>\n<!-- \/ Yoast SEO plugin. -->","yoast_head_json":{"title":"Casual Dresses Women Elegant Formal Party Dress Short Sleeve Sexy Slim Ladies Office Pleated Knee Pencil Bodycon Dresses - Marie&amp;M","robots":{"index":"index","follow":"follow","max-snippet":"max-snippet:-1","max-image-preview":"max-image-preview:large","max-video-preview":"max-video-preview:-1"},"canonical":"https:\/\/gismodigital.ca\/mariem\/product\/casual-dresses-women-elegant-formal-party-dress-short-sleeve-sexy-slim-ladies-office-pleated-knee-pencil-bodycon-dresses\/","og_locale":"en_US","og_type":"article","og_title":"Casual Dresses Women Elegant Formal Party Dress Short Sleeve Sexy Slim Ladies Office Pleated Knee Pencil Bodycon Dresses - Marie&amp;M","og_description":"SPECIFICATIONS Robes d\u00e9contract\u00e9es femmes \u00e9l\u00e9gante robe de soir\u00e9e formelle \u00e0 manches courtes Sexy mince dames bureau pliss\u00e9 genou crayon robes moulantes \u00a0 Waistline: empire Type: Regular Style: Office Lady Sleeve Style: Petal Sleeve Sleeve Length(cm): Short Silhouette: Pencil Season: Spring\/Summer Pattern Type: Solid Origin: M C Neckline: O-Neck Model Number: FZ-MJ-2302-6 Material: Polyester Material: Spandex [&hellip;]","og_url":"https:\/\/gismodigital.ca\/mariem\/product\/casual-dresses-women-elegant-formal-party-dress-short-sleeve-sexy-slim-ladies-office-pleated-knee-pencil-bodycon-dresses\/","og_site_name":"Marie&amp;M","article_modified_time":"2023-07-20T21:12:09+00:00","twitter_card":"summary_large_image","schema":{"@context":"https:\/\/schema.org","@graph":[{"@type":"WebPage","@id":"https:\/\/gismodigital.ca\/mariem\/product\/casual-dresses-women-elegant-formal-party-dress-short-sleeve-sexy-slim-ladies-office-pleated-knee-pencil-bodycon-dresses\/","url":"https:\/\/gismodigital.ca\/mariem\/product\/casual-dresses-women-elegant-formal-party-dress-short-sleeve-sexy-slim-ladies-office-pleated-knee-pencil-bodycon-dresses\/","name":"Casual Dresses Women Elegant Formal Party Dress Short Sleeve Sexy Slim Ladies Office Pleated Knee Pencil Bodycon Dresses - Marie&amp;M","isPartOf":{"@id":"https:\/\/gismodigital.ca\/mariem\/#website"},"primaryImageOfPage":{"@id":"https:\/\/gismodigital.ca\/mariem\/product\/casual-dresses-women-elegant-formal-party-dress-short-sleeve-sexy-slim-ladies-office-pleated-knee-pencil-bodycon-dresses\/#primaryimage"},"image":{"@id":"https:\/\/gismodigital.ca\/mariem\/product\/casual-dresses-women-elegant-formal-party-dress-short-sleeve-sexy-slim-ladies-office-pleated-knee-pencil-bodycon-dresses\/#primaryimage"},"thumbnailUrl":"https:\/\/gismodigital.ca\/mariem\/wp-content\/uploads\/2023\/07\/S57fc0ac5c60444538a244bfe1344ad33d.jpg","datePublished":"2023-07-20T21:11:59+00:00","dateModified":"2023-07-20T21:12:09+00:00","breadcrumb":{"@id":"https:\/\/gismodigital.ca\/mariem\/product\/casual-dresses-women-elegant-formal-party-dress-short-sleeve-sexy-slim-ladies-office-pleated-knee-pencil-bodycon-dresses\/#breadcrumb"},"inLanguage":"en-US","potentialAction":[{"@type":"ReadAction","target":["https:\/\/gismodigital.ca\/mariem\/product\/casual-dresses-women-elegant-formal-party-dress-short-sleeve-sexy-slim-ladies-office-pleated-knee-pencil-bodycon-dresses\/"]}]},{"@type":"ImageObject","inLanguage":"en-US","@id":"https:\/\/gismodigital.ca\/mariem\/product\/casual-dresses-women-elegant-formal-party-dress-short-sleeve-sexy-slim-ladies-office-pleated-knee-pencil-bodycon-dresses\/#primaryimage","url":"https:\/\/gismodigital.ca\/mariem\/wp-content\/uploads\/2023\/07\/S57fc0ac5c60444538a244bfe1344ad33d.jpg","contentUrl":"https:\/\/gismodigital.ca\/mariem\/wp-content\/uploads\/2023\/07\/S57fc0ac5c60444538a244bfe1344ad33d.jpg","width":800,"height":800},{"@type":"BreadcrumbList","@id":"https:\/\/gismodigital.ca\/mariem\/product\/casual-dresses-women-elegant-formal-party-dress-short-sleeve-sexy-slim-ladies-office-pleated-knee-pencil-bodycon-dresses\/#breadcrumb","itemListElement":[{"@type":"ListItem","position":1,"name":"Home","item":"https:\/\/gismodigital.ca\/mariem\/"},{"@type":"ListItem","position":2,"name":"Boutique","item":"https:\/\/gismodigital.ca\/mariem\/boutique\/"},{"@type":"ListItem","position":3,"name":"Casual Dresses Women Elegant Formal Party Dress Short Sleeve Sexy Slim Ladies Office Pleated Knee Pencil Bodycon Dresses"}]},{"@type":"WebSite","@id":"https:\/\/gismodigital.ca\/mariem\/#website","url":"https:\/\/gismodigital.ca\/mariem\/","name":"Marie&amp;M","description":"Marie&amp;M","potentialAction":[{"@type":"SearchAction","target":{"@type":"EntryPoint","urlTemplate":"https:\/\/gismodigital.ca\/mariem\/?s={search_term_string}"},"query-input":{"@type":"PropertyValueSpecification","valueRequired":true,"valueName":"search_term_string"}}],"inLanguage":"en-US"}]}},"jetpack_sharing_enabled":true,"_links":{"self":[{"href":"https:\/\/gismodigital.ca\/mariem\/wp-json\/wp\/v2\/product\/4008","targetHints":{"allow":["GET"]}}],"collection":[{"href":"https:\/\/gismodigital.ca\/mariem\/wp-json\/wp\/v2\/product"}],"about":[{"href":"https:\/\/gismodigital.ca\/mariem\/wp-json\/wp\/v2\/types\/product"}],"replies":[{"embeddable":true,"href":"https:\/\/gismodigital.ca\/mariem\/wp-json\/wp\/v2\/comments?post=4008"}],"wp:featuredmedia":[{"embeddable":true,"href":"https:\/\/gismodigital.ca\/mariem\/wp-json\/wp\/v2\/media\/4982"}],"wp:attachment":[{"href":"https:\/\/gismodigital.ca\/mariem\/wp-json\/wp\/v2\/media?parent=4008"}],"wp:term":[{"taxonomy":"product_brand","embeddable":true,"href":"https:\/\/gismodigital.ca\/mariem\/wp-json\/wp\/v2\/product_brand?post=4008"},{"taxonomy":"product_cat","embeddable":true,"href":"https:\/\/gismodigital.ca\/mariem\/wp-json\/wp\/v2\/product_cat?post=4008"},{"taxonomy":"product_tag","embeddable":true,"href":"https:\/\/gismodigital.ca\/mariem\/wp-json\/wp\/v2\/product_tag?post=4008"}],"curies":[{"name":"wp","href":"https:\/\/api.w.org\/{rel}","templated":true}]}}