{"id":4015,"date":"2023-07-20T21:12:00","date_gmt":"2023-07-20T21:12:00","guid":{"rendered":"https:\/\/gismodigital.ca\/mariem\/product\/chaine-pantoufles-pour-femmes-mode-imprime-pantoufles-plates-chaussures-de-plage-sandales-dete\/"},"modified":"2023-07-20T21:12:09","modified_gmt":"2023-07-20T21:12:09","slug":"chaine-pantoufles-pour-femmes-mode-imprime-pantoufles-plates-chaussures-de-plage-sandales-dete","status":"publish","type":"product","link":"https:\/\/gismodigital.ca\/mariem\/product\/chaine-pantoufles-pour-femmes-mode-imprime-pantoufles-plates-chaussures-de-plage-sandales-dete\/","title":{"rendered":"Cha\u00eene pantoufles pour femmes mode imprim\u00e9 pantoufles plates chaussures de plage sandales d&#8217;\u00e9t\u00e9"},"content":{"rendered":"<p>\n <b>Product Information:<\/b><br \/>\n <br \/>\n Product Category: One font<br \/>\n <br \/>\n Applicable age: adult<br \/>\n <br \/>\n Style: European and American<br \/>\n <br \/>\n Popular element: Metal<br \/>\n <br \/>\n Upper material: artificial PU<br \/>\n <br \/>\n Pattern: Solid color<br \/>\n <br \/>\n Inside material: imitation leather<br \/>\n <br \/>\n Application scenario; beach<br \/>\n <br \/>\n Features: Breathable, balanced and lightweight<br \/>\n <br \/>\n Color: Green, black, purple<br \/>\n <br \/>\n Sizes :36,37,38,39,40, 42,43\n<\/p>\n<p>\n <img decoding=\"async\" src=\"https:\/\/cc-west-usa.oss-accelerate.aliyuncs.com\/e78bc829-8c2a-49dc-baad-179cf6aace58.jpg\" style=\"max-width:100%;\" contenteditable=\"false\">\n<\/p>\n<p>\n <br \/>\n <b>Packing list:<\/b><br \/>\n 1* Sandal\n<\/p>\n<p>\n <img decoding=\"async\" src=\"https:\/\/cc-west-usa.oss-accelerate.aliyuncs.com\/0b8f714f-3217-44b0-9d06-a929c52c6645.jpg\" style=\"max-width:100%;\" contenteditable=\"false\"><br \/>\n \n<\/p>\n<p>\n <img decoding=\"async\" src=\"https:\/\/cc-west-usa.oss-accelerate.aliyuncs.com\/a510ee56-4ba9-4e58-8345-daa1ab47affa.jpg\" style=\"max-width:100%;\" contenteditable=\"false\"><br \/>\n <br \/>\n <img decoding=\"async\" src=\"https:\/\/cc-west-usa.oss-accelerate.aliyuncs.com\/c76ba682-7480-499c-bd7d-4f5627d3811f.jpg\" style=\"max-width:100%;\" contenteditable=\"false\"><br \/>\n <br \/>\n <img decoding=\"async\" src=\"https:\/\/cc-west-usa.oss-accelerate.aliyuncs.com\/7134d69b-84c7-4158-89b4-68d14e6f6603.jpg\" style=\"max-width:100%;\" contenteditable=\"false\"><\/p>\n","protected":false},"excerpt":{"rendered":"<p>Product Information: Product Category: One font Applicable age: adult Style: European and American Popular element: Metal Upper material: artificial PU Pattern: Solid color Inside material: imitation leather Application scenario; beach Features: Breathable, balanced and lightweight Color: Green, black, purple Sizes :36,37,38,39,40, 42,43 Packing list: 1* Sandal<\/p>\n","protected":false},"featured_media":5021,"comment_status":"open","ping_status":"closed","template":"","meta":{"om_disable_all_campaigns":false,"_monsterinsights_skip_tracking":false,"_monsterinsights_sitenote_active":false,"_monsterinsights_sitenote_note":"","_monsterinsights_sitenote_category":0},"product_brand":[],"product_cat":[18],"product_tag":[],"class_list":{"0":"post-4015","1":"product","2":"type-product","3":"status-publish","4":"has-post-thumbnail","6":"product_cat-uncategorized","8":"first","9":"instock","10":"taxable","11":"shipping-taxable","12":"purchasable","13":"product-type-variable"},"yoast_head":"<!-- This site is optimized with the Yoast SEO plugin v27.4 - https:\/\/yoast.com\/product\/yoast-seo-wordpress\/ -->\n<title>Cha\u00eene pantoufles pour femmes mode imprim\u00e9 pantoufles plates chaussures de plage sandales d&#039;\u00e9t\u00e9 - Marie&amp;M<\/title>\n<meta name=\"robots\" content=\"index, follow, max-snippet:-1, max-image-preview:large, max-video-preview:-1\" \/>\n<link rel=\"canonical\" href=\"https:\/\/gismodigital.ca\/mariem\/product\/chaine-pantoufles-pour-femmes-mode-imprime-pantoufles-plates-chaussures-de-plage-sandales-dete\/\" \/>\n<meta property=\"og:locale\" content=\"en_US\" \/>\n<meta property=\"og:type\" content=\"article\" \/>\n<meta property=\"og:title\" content=\"Cha\u00eene pantoufles pour femmes mode imprim\u00e9 pantoufles plates chaussures de plage sandales d&#039;\u00e9t\u00e9 - Marie&amp;M\" \/>\n<meta property=\"og:description\" content=\"Product Information: Product Category: One font Applicable age: adult Style: European and American Popular element: Metal Upper material: artificial PU Pattern: Solid color Inside material: imitation leather Application scenario; beach Features: Breathable, balanced and lightweight Color: Green, black, purple Sizes :36,37,38,39,40, 42,43 Packing list: 1* Sandal\" \/>\n<meta property=\"og:url\" content=\"https:\/\/gismodigital.ca\/mariem\/product\/chaine-pantoufles-pour-femmes-mode-imprime-pantoufles-plates-chaussures-de-plage-sandales-dete\/\" \/>\n<meta property=\"og:site_name\" content=\"Marie&amp;M\" \/>\n<meta property=\"article:modified_time\" content=\"2023-07-20T21:12:09+00:00\" \/>\n<meta property=\"og:image\" content=\"https:\/\/cc-west-usa.oss-accelerate.aliyuncs.com\/e78bc829-8c2a-49dc-baad-179cf6aace58.jpg\" \/>\n<meta name=\"twitter:card\" content=\"summary_large_image\" \/>\n<script type=\"application\/ld+json\" class=\"yoast-schema-graph\">{\"@context\":\"https:\\\/\\\/schema.org\",\"@graph\":[{\"@type\":\"WebPage\",\"@id\":\"https:\\\/\\\/gismodigital.ca\\\/mariem\\\/product\\\/chaine-pantoufles-pour-femmes-mode-imprime-pantoufles-plates-chaussures-de-plage-sandales-dete\\\/\",\"url\":\"https:\\\/\\\/gismodigital.ca\\\/mariem\\\/product\\\/chaine-pantoufles-pour-femmes-mode-imprime-pantoufles-plates-chaussures-de-plage-sandales-dete\\\/\",\"name\":\"Cha\u00eene pantoufles pour femmes mode imprim\u00e9 pantoufles plates chaussures de plage sandales d'\u00e9t\u00e9 - Marie&amp;M\",\"isPartOf\":{\"@id\":\"https:\\\/\\\/gismodigital.ca\\\/mariem\\\/#website\"},\"primaryImageOfPage\":{\"@id\":\"https:\\\/\\\/gismodigital.ca\\\/mariem\\\/product\\\/chaine-pantoufles-pour-femmes-mode-imprime-pantoufles-plates-chaussures-de-plage-sandales-dete\\\/#primaryimage\"},\"image\":{\"@id\":\"https:\\\/\\\/gismodigital.ca\\\/mariem\\\/product\\\/chaine-pantoufles-pour-femmes-mode-imprime-pantoufles-plates-chaussures-de-plage-sandales-dete\\\/#primaryimage\"},\"thumbnailUrl\":\"https:\\\/\\\/gismodigital.ca\\\/mariem\\\/wp-content\\\/uploads\\\/2023\\\/07\\\/0ec03acd-b5b2-42de-9fc2-ecc8e8ba1e35.jpg\",\"datePublished\":\"2023-07-20T21:12:00+00:00\",\"dateModified\":\"2023-07-20T21:12:09+00:00\",\"breadcrumb\":{\"@id\":\"https:\\\/\\\/gismodigital.ca\\\/mariem\\\/product\\\/chaine-pantoufles-pour-femmes-mode-imprime-pantoufles-plates-chaussures-de-plage-sandales-dete\\\/#breadcrumb\"},\"inLanguage\":\"en-US\",\"potentialAction\":[{\"@type\":\"ReadAction\",\"target\":[\"https:\\\/\\\/gismodigital.ca\\\/mariem\\\/product\\\/chaine-pantoufles-pour-femmes-mode-imprime-pantoufles-plates-chaussures-de-plage-sandales-dete\\\/\"]}]},{\"@type\":\"ImageObject\",\"inLanguage\":\"en-US\",\"@id\":\"https:\\\/\\\/gismodigital.ca\\\/mariem\\\/product\\\/chaine-pantoufles-pour-femmes-mode-imprime-pantoufles-plates-chaussures-de-plage-sandales-dete\\\/#primaryimage\",\"url\":\"https:\\\/\\\/gismodigital.ca\\\/mariem\\\/wp-content\\\/uploads\\\/2023\\\/07\\\/0ec03acd-b5b2-42de-9fc2-ecc8e8ba1e35.jpg\",\"contentUrl\":\"https:\\\/\\\/gismodigital.ca\\\/mariem\\\/wp-content\\\/uploads\\\/2023\\\/07\\\/0ec03acd-b5b2-42de-9fc2-ecc8e8ba1e35.jpg\",\"width\":800,\"height\":800},{\"@type\":\"BreadcrumbList\",\"@id\":\"https:\\\/\\\/gismodigital.ca\\\/mariem\\\/product\\\/chaine-pantoufles-pour-femmes-mode-imprime-pantoufles-plates-chaussures-de-plage-sandales-dete\\\/#breadcrumb\",\"itemListElement\":[{\"@type\":\"ListItem\",\"position\":1,\"name\":\"Home\",\"item\":\"https:\\\/\\\/gismodigital.ca\\\/mariem\\\/\"},{\"@type\":\"ListItem\",\"position\":2,\"name\":\"Boutique\",\"item\":\"https:\\\/\\\/gismodigital.ca\\\/mariem\\\/boutique\\\/\"},{\"@type\":\"ListItem\",\"position\":3,\"name\":\"Cha\u00eene pantoufles pour femmes mode imprim\u00e9 pantoufles plates chaussures de plage sandales d&#8217;\u00e9t\u00e9\"}]},{\"@type\":\"WebSite\",\"@id\":\"https:\\\/\\\/gismodigital.ca\\\/mariem\\\/#website\",\"url\":\"https:\\\/\\\/gismodigital.ca\\\/mariem\\\/\",\"name\":\"Marie&amp;M\",\"description\":\"Marie&amp;M\",\"potentialAction\":[{\"@type\":\"SearchAction\",\"target\":{\"@type\":\"EntryPoint\",\"urlTemplate\":\"https:\\\/\\\/gismodigital.ca\\\/mariem\\\/?s={search_term_string}\"},\"query-input\":{\"@type\":\"PropertyValueSpecification\",\"valueRequired\":true,\"valueName\":\"search_term_string\"}}],\"inLanguage\":\"en-US\"}]}<\/script>\n<!-- \/ Yoast SEO plugin. -->","yoast_head_json":{"title":"Cha\u00eene pantoufles pour femmes mode imprim\u00e9 pantoufles plates chaussures de plage sandales d'\u00e9t\u00e9 - Marie&amp;M","robots":{"index":"index","follow":"follow","max-snippet":"max-snippet:-1","max-image-preview":"max-image-preview:large","max-video-preview":"max-video-preview:-1"},"canonical":"https:\/\/gismodigital.ca\/mariem\/product\/chaine-pantoufles-pour-femmes-mode-imprime-pantoufles-plates-chaussures-de-plage-sandales-dete\/","og_locale":"en_US","og_type":"article","og_title":"Cha\u00eene pantoufles pour femmes mode imprim\u00e9 pantoufles plates chaussures de plage sandales d'\u00e9t\u00e9 - Marie&amp;M","og_description":"Product Information: Product Category: One font Applicable age: adult Style: European and American Popular element: Metal Upper material: artificial PU Pattern: Solid color Inside material: imitation leather Application scenario; beach Features: Breathable, balanced and lightweight Color: Green, black, purple Sizes :36,37,38,39,40, 42,43 Packing list: 1* Sandal","og_url":"https:\/\/gismodigital.ca\/mariem\/product\/chaine-pantoufles-pour-femmes-mode-imprime-pantoufles-plates-chaussures-de-plage-sandales-dete\/","og_site_name":"Marie&amp;M","article_modified_time":"2023-07-20T21:12:09+00:00","og_image":[{"url":"https:\/\/cc-west-usa.oss-accelerate.aliyuncs.com\/e78bc829-8c2a-49dc-baad-179cf6aace58.jpg","type":"","width":"","height":""}],"twitter_card":"summary_large_image","schema":{"@context":"https:\/\/schema.org","@graph":[{"@type":"WebPage","@id":"https:\/\/gismodigital.ca\/mariem\/product\/chaine-pantoufles-pour-femmes-mode-imprime-pantoufles-plates-chaussures-de-plage-sandales-dete\/","url":"https:\/\/gismodigital.ca\/mariem\/product\/chaine-pantoufles-pour-femmes-mode-imprime-pantoufles-plates-chaussures-de-plage-sandales-dete\/","name":"Cha\u00eene pantoufles pour femmes mode imprim\u00e9 pantoufles plates chaussures de plage sandales d'\u00e9t\u00e9 - Marie&amp;M","isPartOf":{"@id":"https:\/\/gismodigital.ca\/mariem\/#website"},"primaryImageOfPage":{"@id":"https:\/\/gismodigital.ca\/mariem\/product\/chaine-pantoufles-pour-femmes-mode-imprime-pantoufles-plates-chaussures-de-plage-sandales-dete\/#primaryimage"},"image":{"@id":"https:\/\/gismodigital.ca\/mariem\/product\/chaine-pantoufles-pour-femmes-mode-imprime-pantoufles-plates-chaussures-de-plage-sandales-dete\/#primaryimage"},"thumbnailUrl":"https:\/\/gismodigital.ca\/mariem\/wp-content\/uploads\/2023\/07\/0ec03acd-b5b2-42de-9fc2-ecc8e8ba1e35.jpg","datePublished":"2023-07-20T21:12:00+00:00","dateModified":"2023-07-20T21:12:09+00:00","breadcrumb":{"@id":"https:\/\/gismodigital.ca\/mariem\/product\/chaine-pantoufles-pour-femmes-mode-imprime-pantoufles-plates-chaussures-de-plage-sandales-dete\/#breadcrumb"},"inLanguage":"en-US","potentialAction":[{"@type":"ReadAction","target":["https:\/\/gismodigital.ca\/mariem\/product\/chaine-pantoufles-pour-femmes-mode-imprime-pantoufles-plates-chaussures-de-plage-sandales-dete\/"]}]},{"@type":"ImageObject","inLanguage":"en-US","@id":"https:\/\/gismodigital.ca\/mariem\/product\/chaine-pantoufles-pour-femmes-mode-imprime-pantoufles-plates-chaussures-de-plage-sandales-dete\/#primaryimage","url":"https:\/\/gismodigital.ca\/mariem\/wp-content\/uploads\/2023\/07\/0ec03acd-b5b2-42de-9fc2-ecc8e8ba1e35.jpg","contentUrl":"https:\/\/gismodigital.ca\/mariem\/wp-content\/uploads\/2023\/07\/0ec03acd-b5b2-42de-9fc2-ecc8e8ba1e35.jpg","width":800,"height":800},{"@type":"BreadcrumbList","@id":"https:\/\/gismodigital.ca\/mariem\/product\/chaine-pantoufles-pour-femmes-mode-imprime-pantoufles-plates-chaussures-de-plage-sandales-dete\/#breadcrumb","itemListElement":[{"@type":"ListItem","position":1,"name":"Home","item":"https:\/\/gismodigital.ca\/mariem\/"},{"@type":"ListItem","position":2,"name":"Boutique","item":"https:\/\/gismodigital.ca\/mariem\/boutique\/"},{"@type":"ListItem","position":3,"name":"Cha\u00eene pantoufles pour femmes mode imprim\u00e9 pantoufles plates chaussures de plage sandales d&#8217;\u00e9t\u00e9"}]},{"@type":"WebSite","@id":"https:\/\/gismodigital.ca\/mariem\/#website","url":"https:\/\/gismodigital.ca\/mariem\/","name":"Marie&amp;M","description":"Marie&amp;M","potentialAction":[{"@type":"SearchAction","target":{"@type":"EntryPoint","urlTemplate":"https:\/\/gismodigital.ca\/mariem\/?s={search_term_string}"},"query-input":{"@type":"PropertyValueSpecification","valueRequired":true,"valueName":"search_term_string"}}],"inLanguage":"en-US"}]}},"jetpack_sharing_enabled":true,"_links":{"self":[{"href":"https:\/\/gismodigital.ca\/mariem\/wp-json\/wp\/v2\/product\/4015","targetHints":{"allow":["GET"]}}],"collection":[{"href":"https:\/\/gismodigital.ca\/mariem\/wp-json\/wp\/v2\/product"}],"about":[{"href":"https:\/\/gismodigital.ca\/mariem\/wp-json\/wp\/v2\/types\/product"}],"replies":[{"embeddable":true,"href":"https:\/\/gismodigital.ca\/mariem\/wp-json\/wp\/v2\/comments?post=4015"}],"wp:featuredmedia":[{"embeddable":true,"href":"https:\/\/gismodigital.ca\/mariem\/wp-json\/wp\/v2\/media\/5021"}],"wp:attachment":[{"href":"https:\/\/gismodigital.ca\/mariem\/wp-json\/wp\/v2\/media?parent=4015"}],"wp:term":[{"taxonomy":"product_brand","embeddable":true,"href":"https:\/\/gismodigital.ca\/mariem\/wp-json\/wp\/v2\/product_brand?post=4015"},{"taxonomy":"product_cat","embeddable":true,"href":"https:\/\/gismodigital.ca\/mariem\/wp-json\/wp\/v2\/product_cat?post=4015"},{"taxonomy":"product_tag","embeddable":true,"href":"https:\/\/gismodigital.ca\/mariem\/wp-json\/wp\/v2\/product_tag?post=4015"}],"curies":[{"name":"wp","href":"https:\/\/api.w.org\/{rel}","templated":true}]}}