{"id":4041,"date":"2023-07-20T21:12:03","date_gmt":"2023-07-20T21:12:03","guid":{"rendered":"https:\/\/gismodigital.ca\/mariem\/product\/collection-2022-robes-pour-bebe-filles-sise-0-24-mois-avis-5\/"},"modified":"2023-07-20T21:12:09","modified_gmt":"2023-07-20T21:12:09","slug":"collection-2022-robes-pour-bebe-filles-sise-0-24-mois-avis-5","status":"publish","type":"product","link":"https:\/\/gismodigital.ca\/mariem\/product\/collection-2022-robes-pour-bebe-filles-sise-0-24-mois-avis-5\/","title":{"rendered":"Collection 2022 robes pour b\u00e9b\u00e9 filles \nSise : 0-24 mois   Avis : 5 ****"},"content":{"rendered":"<h1>SPECIFICATIONS<\/h1>\n<p>Style: Cute pour cute b\u00e9b\u00e9<\/p>\n<p>Size: 70\/80\/90<\/p>\n<p>Silhouette: Ball Gown<\/p>\n<p>Season: Quatre Saisons<\/p>\n<p>Occasions : festival, c\u00e9l\u00e9bration, Carnaval, F\u00eate, mariage<\/p>\n<p>Materiel : 35% coton + 65% polyester<\/p>\n<p>Materiel: Voile, Polyester, Coton<\/p>\n<p>Genre: B\u00e9b\u00e9 filles<\/p>\n<p>Coleur: vert\/rose\/rouge\/champagne<\/p>\n<p>\u00c2ges : 0-24 mois,<\/p>\n<p>\u00a0<\/p>\n<p>\u00a0<\/p>\n","protected":false},"excerpt":{"rendered":"<p>SPECIFICATIONS Style: Cute pour cute b\u00e9b\u00e9 Size: 70\/80\/90 Silhouette: Ball Gown Season: Quatre Saisons Occasions : festival, c\u00e9l\u00e9bration, Carnaval, F\u00eate, mariage Materiel : 35% coton + 65% polyester Materiel: Voile, Polyester, Coton Genre: B\u00e9b\u00e9 filles Coleur: vert\/rose\/rouge\/champagne \u00c2ges : 0-24 mois, \u00a0 \u00a0<\/p>\n","protected":false},"featured_media":5087,"comment_status":"open","ping_status":"closed","template":"","meta":{"om_disable_all_campaigns":false,"_monsterinsights_skip_tracking":false,"_monsterinsights_sitenote_active":false,"_monsterinsights_sitenote_note":"","_monsterinsights_sitenote_category":0},"product_brand":[],"product_cat":[18],"product_tag":[],"class_list":{"0":"post-4041","1":"product","2":"type-product","3":"status-publish","4":"has-post-thumbnail","6":"product_cat-uncategorized","8":"first","9":"instock","10":"sale","11":"taxable","12":"shipping-taxable","13":"purchasable","14":"product-type-variable"},"yoast_head":"<!-- This site is optimized with the Yoast SEO plugin v27.4 - https:\/\/yoast.com\/product\/yoast-seo-wordpress\/ -->\n<title>Collection 2022 robes pour b\u00e9b\u00e9 filles Sise : 0-24 mois  Avis : 5 **** - Marie&amp;M<\/title>\n<meta name=\"robots\" content=\"index, follow, max-snippet:-1, max-image-preview:large, max-video-preview:-1\" \/>\n<link rel=\"canonical\" href=\"https:\/\/gismodigital.ca\/mariem\/product\/collection-2022-robes-pour-bebe-filles-sise-0-24-mois-avis-5\/\" \/>\n<meta property=\"og:locale\" content=\"en_US\" \/>\n<meta property=\"og:type\" content=\"article\" \/>\n<meta property=\"og:title\" content=\"Collection 2022 robes pour b\u00e9b\u00e9 filles Sise : 0-24 mois  Avis : 5 **** - Marie&amp;M\" \/>\n<meta property=\"og:description\" content=\"SPECIFICATIONS Style: Cute pour cute b\u00e9b\u00e9 Size: 70\/80\/90 Silhouette: Ball Gown Season: Quatre Saisons Occasions : festival, c\u00e9l\u00e9bration, Carnaval, F\u00eate, mariage Materiel : 35% coton + 65% polyester Materiel: Voile, Polyester, Coton Genre: B\u00e9b\u00e9 filles Coleur: vert\/rose\/rouge\/champagne \u00c2ges : 0-24 mois, \u00a0 \u00a0\" \/>\n<meta property=\"og:url\" content=\"https:\/\/gismodigital.ca\/mariem\/product\/collection-2022-robes-pour-bebe-filles-sise-0-24-mois-avis-5\/\" \/>\n<meta property=\"og:site_name\" content=\"Marie&amp;M\" \/>\n<meta property=\"article:modified_time\" content=\"2023-07-20T21:12:09+00:00\" \/>\n<meta name=\"twitter:card\" content=\"summary_large_image\" \/>\n<script type=\"application\/ld+json\" class=\"yoast-schema-graph\">{\"@context\":\"https:\\\/\\\/schema.org\",\"@graph\":[{\"@type\":\"WebPage\",\"@id\":\"https:\\\/\\\/gismodigital.ca\\\/mariem\\\/product\\\/collection-2022-robes-pour-bebe-filles-sise-0-24-mois-avis-5\\\/\",\"url\":\"https:\\\/\\\/gismodigital.ca\\\/mariem\\\/product\\\/collection-2022-robes-pour-bebe-filles-sise-0-24-mois-avis-5\\\/\",\"name\":\"Collection 2022 robes pour b\u00e9b\u00e9 filles Sise : 0-24 mois Avis : 5 **** - Marie&amp;M\",\"isPartOf\":{\"@id\":\"https:\\\/\\\/gismodigital.ca\\\/mariem\\\/#website\"},\"primaryImageOfPage\":{\"@id\":\"https:\\\/\\\/gismodigital.ca\\\/mariem\\\/product\\\/collection-2022-robes-pour-bebe-filles-sise-0-24-mois-avis-5\\\/#primaryimage\"},\"image\":{\"@id\":\"https:\\\/\\\/gismodigital.ca\\\/mariem\\\/product\\\/collection-2022-robes-pour-bebe-filles-sise-0-24-mois-avis-5\\\/#primaryimage\"},\"thumbnailUrl\":\"https:\\\/\\\/gismodigital.ca\\\/mariem\\\/wp-content\\\/uploads\\\/2023\\\/07\\\/collection-2022-robes-pour-bebe-filles-sise-0-24-mois-avis-5-myrlana-221365.jpg\",\"datePublished\":\"2023-07-20T21:12:03+00:00\",\"dateModified\":\"2023-07-20T21:12:09+00:00\",\"breadcrumb\":{\"@id\":\"https:\\\/\\\/gismodigital.ca\\\/mariem\\\/product\\\/collection-2022-robes-pour-bebe-filles-sise-0-24-mois-avis-5\\\/#breadcrumb\"},\"inLanguage\":\"en-US\",\"potentialAction\":[{\"@type\":\"ReadAction\",\"target\":[\"https:\\\/\\\/gismodigital.ca\\\/mariem\\\/product\\\/collection-2022-robes-pour-bebe-filles-sise-0-24-mois-avis-5\\\/\"]}]},{\"@type\":\"ImageObject\",\"inLanguage\":\"en-US\",\"@id\":\"https:\\\/\\\/gismodigital.ca\\\/mariem\\\/product\\\/collection-2022-robes-pour-bebe-filles-sise-0-24-mois-avis-5\\\/#primaryimage\",\"url\":\"https:\\\/\\\/gismodigital.ca\\\/mariem\\\/wp-content\\\/uploads\\\/2023\\\/07\\\/collection-2022-robes-pour-bebe-filles-sise-0-24-mois-avis-5-myrlana-221365.jpg\",\"contentUrl\":\"https:\\\/\\\/gismodigital.ca\\\/mariem\\\/wp-content\\\/uploads\\\/2023\\\/07\\\/collection-2022-robes-pour-bebe-filles-sise-0-24-mois-avis-5-myrlana-221365.jpg\",\"width\":800,\"height\":800,\"caption\":\"Collection 2022 robes pour b\u00e9b\u00e9 filles Sise : 0-24 mois Avis : 5 **** Myrlana\"},{\"@type\":\"BreadcrumbList\",\"@id\":\"https:\\\/\\\/gismodigital.ca\\\/mariem\\\/product\\\/collection-2022-robes-pour-bebe-filles-sise-0-24-mois-avis-5\\\/#breadcrumb\",\"itemListElement\":[{\"@type\":\"ListItem\",\"position\":1,\"name\":\"Home\",\"item\":\"https:\\\/\\\/gismodigital.ca\\\/mariem\\\/\"},{\"@type\":\"ListItem\",\"position\":2,\"name\":\"Boutique\",\"item\":\"https:\\\/\\\/gismodigital.ca\\\/mariem\\\/boutique\\\/\"},{\"@type\":\"ListItem\",\"position\":3,\"name\":\"Collection 2022 robes pour b\u00e9b\u00e9 filles Sise : 0-24 mois Avis : 5 ****\"}]},{\"@type\":\"WebSite\",\"@id\":\"https:\\\/\\\/gismodigital.ca\\\/mariem\\\/#website\",\"url\":\"https:\\\/\\\/gismodigital.ca\\\/mariem\\\/\",\"name\":\"Marie&amp;M\",\"description\":\"Marie&amp;M\",\"potentialAction\":[{\"@type\":\"SearchAction\",\"target\":{\"@type\":\"EntryPoint\",\"urlTemplate\":\"https:\\\/\\\/gismodigital.ca\\\/mariem\\\/?s={search_term_string}\"},\"query-input\":{\"@type\":\"PropertyValueSpecification\",\"valueRequired\":true,\"valueName\":\"search_term_string\"}}],\"inLanguage\":\"en-US\"}]}<\/script>\n<!-- \/ Yoast SEO plugin. -->","yoast_head_json":{"title":"Collection 2022 robes pour b\u00e9b\u00e9 filles Sise : 0-24 mois  Avis : 5 **** - Marie&amp;M","robots":{"index":"index","follow":"follow","max-snippet":"max-snippet:-1","max-image-preview":"max-image-preview:large","max-video-preview":"max-video-preview:-1"},"canonical":"https:\/\/gismodigital.ca\/mariem\/product\/collection-2022-robes-pour-bebe-filles-sise-0-24-mois-avis-5\/","og_locale":"en_US","og_type":"article","og_title":"Collection 2022 robes pour b\u00e9b\u00e9 filles Sise : 0-24 mois  Avis : 5 **** - Marie&amp;M","og_description":"SPECIFICATIONS Style: Cute pour cute b\u00e9b\u00e9 Size: 70\/80\/90 Silhouette: Ball Gown Season: Quatre Saisons Occasions : festival, c\u00e9l\u00e9bration, Carnaval, F\u00eate, mariage Materiel : 35% coton + 65% polyester Materiel: Voile, Polyester, Coton Genre: B\u00e9b\u00e9 filles Coleur: vert\/rose\/rouge\/champagne \u00c2ges : 0-24 mois, \u00a0 \u00a0","og_url":"https:\/\/gismodigital.ca\/mariem\/product\/collection-2022-robes-pour-bebe-filles-sise-0-24-mois-avis-5\/","og_site_name":"Marie&amp;M","article_modified_time":"2023-07-20T21:12:09+00:00","twitter_card":"summary_large_image","schema":{"@context":"https:\/\/schema.org","@graph":[{"@type":"WebPage","@id":"https:\/\/gismodigital.ca\/mariem\/product\/collection-2022-robes-pour-bebe-filles-sise-0-24-mois-avis-5\/","url":"https:\/\/gismodigital.ca\/mariem\/product\/collection-2022-robes-pour-bebe-filles-sise-0-24-mois-avis-5\/","name":"Collection 2022 robes pour b\u00e9b\u00e9 filles Sise : 0-24 mois Avis : 5 **** - Marie&amp;M","isPartOf":{"@id":"https:\/\/gismodigital.ca\/mariem\/#website"},"primaryImageOfPage":{"@id":"https:\/\/gismodigital.ca\/mariem\/product\/collection-2022-robes-pour-bebe-filles-sise-0-24-mois-avis-5\/#primaryimage"},"image":{"@id":"https:\/\/gismodigital.ca\/mariem\/product\/collection-2022-robes-pour-bebe-filles-sise-0-24-mois-avis-5\/#primaryimage"},"thumbnailUrl":"https:\/\/gismodigital.ca\/mariem\/wp-content\/uploads\/2023\/07\/collection-2022-robes-pour-bebe-filles-sise-0-24-mois-avis-5-myrlana-221365.jpg","datePublished":"2023-07-20T21:12:03+00:00","dateModified":"2023-07-20T21:12:09+00:00","breadcrumb":{"@id":"https:\/\/gismodigital.ca\/mariem\/product\/collection-2022-robes-pour-bebe-filles-sise-0-24-mois-avis-5\/#breadcrumb"},"inLanguage":"en-US","potentialAction":[{"@type":"ReadAction","target":["https:\/\/gismodigital.ca\/mariem\/product\/collection-2022-robes-pour-bebe-filles-sise-0-24-mois-avis-5\/"]}]},{"@type":"ImageObject","inLanguage":"en-US","@id":"https:\/\/gismodigital.ca\/mariem\/product\/collection-2022-robes-pour-bebe-filles-sise-0-24-mois-avis-5\/#primaryimage","url":"https:\/\/gismodigital.ca\/mariem\/wp-content\/uploads\/2023\/07\/collection-2022-robes-pour-bebe-filles-sise-0-24-mois-avis-5-myrlana-221365.jpg","contentUrl":"https:\/\/gismodigital.ca\/mariem\/wp-content\/uploads\/2023\/07\/collection-2022-robes-pour-bebe-filles-sise-0-24-mois-avis-5-myrlana-221365.jpg","width":800,"height":800,"caption":"Collection 2022 robes pour b\u00e9b\u00e9 filles Sise : 0-24 mois Avis : 5 **** Myrlana"},{"@type":"BreadcrumbList","@id":"https:\/\/gismodigital.ca\/mariem\/product\/collection-2022-robes-pour-bebe-filles-sise-0-24-mois-avis-5\/#breadcrumb","itemListElement":[{"@type":"ListItem","position":1,"name":"Home","item":"https:\/\/gismodigital.ca\/mariem\/"},{"@type":"ListItem","position":2,"name":"Boutique","item":"https:\/\/gismodigital.ca\/mariem\/boutique\/"},{"@type":"ListItem","position":3,"name":"Collection 2022 robes pour b\u00e9b\u00e9 filles Sise : 0-24 mois Avis : 5 ****"}]},{"@type":"WebSite","@id":"https:\/\/gismodigital.ca\/mariem\/#website","url":"https:\/\/gismodigital.ca\/mariem\/","name":"Marie&amp;M","description":"Marie&amp;M","potentialAction":[{"@type":"SearchAction","target":{"@type":"EntryPoint","urlTemplate":"https:\/\/gismodigital.ca\/mariem\/?s={search_term_string}"},"query-input":{"@type":"PropertyValueSpecification","valueRequired":true,"valueName":"search_term_string"}}],"inLanguage":"en-US"}]}},"jetpack_sharing_enabled":true,"_links":{"self":[{"href":"https:\/\/gismodigital.ca\/mariem\/wp-json\/wp\/v2\/product\/4041","targetHints":{"allow":["GET"]}}],"collection":[{"href":"https:\/\/gismodigital.ca\/mariem\/wp-json\/wp\/v2\/product"}],"about":[{"href":"https:\/\/gismodigital.ca\/mariem\/wp-json\/wp\/v2\/types\/product"}],"replies":[{"embeddable":true,"href":"https:\/\/gismodigital.ca\/mariem\/wp-json\/wp\/v2\/comments?post=4041"}],"wp:featuredmedia":[{"embeddable":true,"href":"https:\/\/gismodigital.ca\/mariem\/wp-json\/wp\/v2\/media\/5087"}],"wp:attachment":[{"href":"https:\/\/gismodigital.ca\/mariem\/wp-json\/wp\/v2\/media?parent=4041"}],"wp:term":[{"taxonomy":"product_brand","embeddable":true,"href":"https:\/\/gismodigital.ca\/mariem\/wp-json\/wp\/v2\/product_brand?post=4041"},{"taxonomy":"product_cat","embeddable":true,"href":"https:\/\/gismodigital.ca\/mariem\/wp-json\/wp\/v2\/product_cat?post=4041"},{"taxonomy":"product_tag","embeddable":true,"href":"https:\/\/gismodigital.ca\/mariem\/wp-json\/wp\/v2\/product_tag?post=4041"}],"curies":[{"name":"wp","href":"https:\/\/api.w.org\/{rel}","templated":true}]}}