{"id":4099,"date":"2023-07-20T21:12:15","date_gmt":"2023-07-20T21:12:15","guid":{"rendered":"https:\/\/gismodigital.ca\/mariem\/product\/elegant-femmes-de-lunettes-de-soleil-retro-carre-anti-uv-miroir-plat\/"},"modified":"2023-07-20T21:12:18","modified_gmt":"2023-07-20T21:12:18","slug":"elegant-femmes-de-lunettes-de-soleil-retro-carre-anti-uv-miroir-plat","status":"publish","type":"product","link":"https:\/\/gismodigital.ca\/mariem\/product\/elegant-femmes-de-lunettes-de-soleil-retro-carre-anti-uv-miroir-plat\/","title":{"rendered":"\u00c9l\u00e9gant Femmes de lunettes de Soleil R\u00e9tro Carr\u00e9 Anti-UV Miroir Plat"},"content":{"rendered":"<p><widget data-widget-type=\"customText\" id=\"16048177\" title=\"11\" type=\"custom\"><\/widget><\/p>\n<h3>\n <span style=\"font-weight: bold;\">PRODUCT IMFORMATION<\/span><br \/>\n <br \/>\n<\/h3>\n<p>Specification: Routine<\/p>\n<p>Structure of glasses: Frame<\/p>\n<p>Polarization: No<\/p>\n<p>Lens material: PC<\/p>\n<p>Frame material: PC<\/p>\n<p>UV resistance: UV400<\/p>\n<p>Style: Women&#8217;s<\/p>\n<p>Visible light fluoroscopy: 99%<\/p>\n<p>\n <img decoding=\"async\" src=\"https:\/\/cc-west-usa.oss-accelerate.aliyuncs.com\/367e87e1-e143-4b23-a749-6ad243fcb6e4.jpg\" style=\"max-width:100%;\"><br \/>\n \n<\/p>\n<p>\n <img decoding=\"async\" alt=\"undefined\" src=\"https:\/\/cc-west-usa.oss-accelerate.aliyuncs.com\/16368480\/1636899310971.jpg\" max-width=\"790\"><br \/>\n <br \/>\n <img decoding=\"async\" alt=\"undefined\" src=\"https:\/\/cc-west-usa.oss-accelerate.aliyuncs.com\/16368480\/1636899311042.jpg\" max-width=\"790\"><br \/>\n \n<\/p>\n<p>\n <img decoding=\"async\" src=\"https:\/\/cc-west-usa.oss-accelerate.aliyuncs.com\/ca5bf7dc-5205-4a60-8ec2-f570f80ed119.jpg\" style=\"max-width:100%;\"><br \/>\n <img decoding=\"async\" src=\"https:\/\/cc-west-usa.oss-accelerate.aliyuncs.com\/55cd2c5a-bc78-4d93-85ab-ed26892ff410.jpg\" style=\"font-size: 14px; max-width: 100%;\"><br \/>\n \n<\/p>\n<p><widget data-widget-type=\"customText\" id=\"16071179\" title=\"22\" type=\"custom\"><\/widget><br \/>\n<script>window.adminAccountId=221067472;\n<\/script><\/p>\n","protected":false},"excerpt":{"rendered":"<p>PRODUCT IMFORMATION Specification: Routine Structure of glasses: Frame Polarization: No Lens material: PC Frame material: PC UV resistance: UV400 Style: Women&#8217;s Visible light fluoroscopy: 99%<\/p>\n","protected":false},"featured_media":5328,"comment_status":"open","ping_status":"closed","template":"","meta":{"om_disable_all_campaigns":false,"_monsterinsights_skip_tracking":false,"_monsterinsights_sitenote_active":false,"_monsterinsights_sitenote_note":"","_monsterinsights_sitenote_category":0},"product_brand":[],"product_cat":[18],"product_tag":[],"class_list":{"0":"post-4099","1":"product","2":"type-product","3":"status-publish","4":"has-post-thumbnail","6":"product_cat-uncategorized","8":"first","9":"instock","10":"taxable","11":"shipping-taxable","12":"purchasable","13":"product-type-variable"},"yoast_head":"<!-- This site is optimized with the Yoast SEO plugin v27.4 - https:\/\/yoast.com\/product\/yoast-seo-wordpress\/ -->\n<title>\u00c9l\u00e9gant Femmes de lunettes de Soleil R\u00e9tro Carr\u00e9 Anti-UV Miroir Plat - Marie&amp;M<\/title>\n<meta name=\"robots\" content=\"index, follow, max-snippet:-1, max-image-preview:large, max-video-preview:-1\" \/>\n<link rel=\"canonical\" href=\"https:\/\/gismodigital.ca\/mariem\/product\/elegant-femmes-de-lunettes-de-soleil-retro-carre-anti-uv-miroir-plat\/\" \/>\n<meta property=\"og:locale\" content=\"en_US\" \/>\n<meta property=\"og:type\" content=\"article\" \/>\n<meta property=\"og:title\" content=\"\u00c9l\u00e9gant Femmes de lunettes de Soleil R\u00e9tro Carr\u00e9 Anti-UV Miroir Plat - Marie&amp;M\" \/>\n<meta property=\"og:description\" content=\"PRODUCT IMFORMATION Specification: Routine Structure of glasses: Frame Polarization: No Lens material: PC Frame material: PC UV resistance: UV400 Style: Women&#8217;s Visible light fluoroscopy: 99%\" \/>\n<meta property=\"og:url\" content=\"https:\/\/gismodigital.ca\/mariem\/product\/elegant-femmes-de-lunettes-de-soleil-retro-carre-anti-uv-miroir-plat\/\" \/>\n<meta property=\"og:site_name\" content=\"Marie&amp;M\" \/>\n<meta property=\"article:modified_time\" content=\"2023-07-20T21:12:18+00:00\" \/>\n<meta property=\"og:image\" content=\"https:\/\/cc-west-usa.oss-accelerate.aliyuncs.com\/367e87e1-e143-4b23-a749-6ad243fcb6e4.jpg\" \/>\n<meta name=\"twitter:card\" content=\"summary_large_image\" \/>\n<script type=\"application\/ld+json\" class=\"yoast-schema-graph\">{\"@context\":\"https:\\\/\\\/schema.org\",\"@graph\":[{\"@type\":\"WebPage\",\"@id\":\"https:\\\/\\\/gismodigital.ca\\\/mariem\\\/product\\\/elegant-femmes-de-lunettes-de-soleil-retro-carre-anti-uv-miroir-plat\\\/\",\"url\":\"https:\\\/\\\/gismodigital.ca\\\/mariem\\\/product\\\/elegant-femmes-de-lunettes-de-soleil-retro-carre-anti-uv-miroir-plat\\\/\",\"name\":\"\u00c9l\u00e9gant Femmes de lunettes de Soleil R\u00e9tro Carr\u00e9 Anti-UV Miroir Plat - Marie&amp;M\",\"isPartOf\":{\"@id\":\"https:\\\/\\\/gismodigital.ca\\\/mariem\\\/#website\"},\"primaryImageOfPage\":{\"@id\":\"https:\\\/\\\/gismodigital.ca\\\/mariem\\\/product\\\/elegant-femmes-de-lunettes-de-soleil-retro-carre-anti-uv-miroir-plat\\\/#primaryimage\"},\"image\":{\"@id\":\"https:\\\/\\\/gismodigital.ca\\\/mariem\\\/product\\\/elegant-femmes-de-lunettes-de-soleil-retro-carre-anti-uv-miroir-plat\\\/#primaryimage\"},\"thumbnailUrl\":\"https:\\\/\\\/gismodigital.ca\\\/mariem\\\/wp-content\\\/uploads\\\/2023\\\/07\\\/1824100254843.jpg\",\"datePublished\":\"2023-07-20T21:12:15+00:00\",\"dateModified\":\"2023-07-20T21:12:18+00:00\",\"breadcrumb\":{\"@id\":\"https:\\\/\\\/gismodigital.ca\\\/mariem\\\/product\\\/elegant-femmes-de-lunettes-de-soleil-retro-carre-anti-uv-miroir-plat\\\/#breadcrumb\"},\"inLanguage\":\"en-US\",\"potentialAction\":[{\"@type\":\"ReadAction\",\"target\":[\"https:\\\/\\\/gismodigital.ca\\\/mariem\\\/product\\\/elegant-femmes-de-lunettes-de-soleil-retro-carre-anti-uv-miroir-plat\\\/\"]}]},{\"@type\":\"ImageObject\",\"inLanguage\":\"en-US\",\"@id\":\"https:\\\/\\\/gismodigital.ca\\\/mariem\\\/product\\\/elegant-femmes-de-lunettes-de-soleil-retro-carre-anti-uv-miroir-plat\\\/#primaryimage\",\"url\":\"https:\\\/\\\/gismodigital.ca\\\/mariem\\\/wp-content\\\/uploads\\\/2023\\\/07\\\/1824100254843.jpg\",\"contentUrl\":\"https:\\\/\\\/gismodigital.ca\\\/mariem\\\/wp-content\\\/uploads\\\/2023\\\/07\\\/1824100254843.jpg\",\"width\":800,\"height\":800},{\"@type\":\"BreadcrumbList\",\"@id\":\"https:\\\/\\\/gismodigital.ca\\\/mariem\\\/product\\\/elegant-femmes-de-lunettes-de-soleil-retro-carre-anti-uv-miroir-plat\\\/#breadcrumb\",\"itemListElement\":[{\"@type\":\"ListItem\",\"position\":1,\"name\":\"Home\",\"item\":\"https:\\\/\\\/gismodigital.ca\\\/mariem\\\/\"},{\"@type\":\"ListItem\",\"position\":2,\"name\":\"Boutique\",\"item\":\"https:\\\/\\\/gismodigital.ca\\\/mariem\\\/boutique\\\/\"},{\"@type\":\"ListItem\",\"position\":3,\"name\":\"\u00c9l\u00e9gant Femmes de lunettes de Soleil R\u00e9tro Carr\u00e9 Anti-UV Miroir Plat\"}]},{\"@type\":\"WebSite\",\"@id\":\"https:\\\/\\\/gismodigital.ca\\\/mariem\\\/#website\",\"url\":\"https:\\\/\\\/gismodigital.ca\\\/mariem\\\/\",\"name\":\"Marie&amp;M\",\"description\":\"Marie&amp;M\",\"potentialAction\":[{\"@type\":\"SearchAction\",\"target\":{\"@type\":\"EntryPoint\",\"urlTemplate\":\"https:\\\/\\\/gismodigital.ca\\\/mariem\\\/?s={search_term_string}\"},\"query-input\":{\"@type\":\"PropertyValueSpecification\",\"valueRequired\":true,\"valueName\":\"search_term_string\"}}],\"inLanguage\":\"en-US\"}]}<\/script>\n<!-- \/ Yoast SEO plugin. -->","yoast_head_json":{"title":"\u00c9l\u00e9gant Femmes de lunettes de Soleil R\u00e9tro Carr\u00e9 Anti-UV Miroir Plat - Marie&amp;M","robots":{"index":"index","follow":"follow","max-snippet":"max-snippet:-1","max-image-preview":"max-image-preview:large","max-video-preview":"max-video-preview:-1"},"canonical":"https:\/\/gismodigital.ca\/mariem\/product\/elegant-femmes-de-lunettes-de-soleil-retro-carre-anti-uv-miroir-plat\/","og_locale":"en_US","og_type":"article","og_title":"\u00c9l\u00e9gant Femmes de lunettes de Soleil R\u00e9tro Carr\u00e9 Anti-UV Miroir Plat - Marie&amp;M","og_description":"PRODUCT IMFORMATION Specification: Routine Structure of glasses: Frame Polarization: No Lens material: PC Frame material: PC UV resistance: UV400 Style: Women&#8217;s Visible light fluoroscopy: 99%","og_url":"https:\/\/gismodigital.ca\/mariem\/product\/elegant-femmes-de-lunettes-de-soleil-retro-carre-anti-uv-miroir-plat\/","og_site_name":"Marie&amp;M","article_modified_time":"2023-07-20T21:12:18+00:00","og_image":[{"url":"https:\/\/cc-west-usa.oss-accelerate.aliyuncs.com\/367e87e1-e143-4b23-a749-6ad243fcb6e4.jpg","type":"","width":"","height":""}],"twitter_card":"summary_large_image","schema":{"@context":"https:\/\/schema.org","@graph":[{"@type":"WebPage","@id":"https:\/\/gismodigital.ca\/mariem\/product\/elegant-femmes-de-lunettes-de-soleil-retro-carre-anti-uv-miroir-plat\/","url":"https:\/\/gismodigital.ca\/mariem\/product\/elegant-femmes-de-lunettes-de-soleil-retro-carre-anti-uv-miroir-plat\/","name":"\u00c9l\u00e9gant Femmes de lunettes de Soleil R\u00e9tro Carr\u00e9 Anti-UV Miroir Plat - Marie&amp;M","isPartOf":{"@id":"https:\/\/gismodigital.ca\/mariem\/#website"},"primaryImageOfPage":{"@id":"https:\/\/gismodigital.ca\/mariem\/product\/elegant-femmes-de-lunettes-de-soleil-retro-carre-anti-uv-miroir-plat\/#primaryimage"},"image":{"@id":"https:\/\/gismodigital.ca\/mariem\/product\/elegant-femmes-de-lunettes-de-soleil-retro-carre-anti-uv-miroir-plat\/#primaryimage"},"thumbnailUrl":"https:\/\/gismodigital.ca\/mariem\/wp-content\/uploads\/2023\/07\/1824100254843.jpg","datePublished":"2023-07-20T21:12:15+00:00","dateModified":"2023-07-20T21:12:18+00:00","breadcrumb":{"@id":"https:\/\/gismodigital.ca\/mariem\/product\/elegant-femmes-de-lunettes-de-soleil-retro-carre-anti-uv-miroir-plat\/#breadcrumb"},"inLanguage":"en-US","potentialAction":[{"@type":"ReadAction","target":["https:\/\/gismodigital.ca\/mariem\/product\/elegant-femmes-de-lunettes-de-soleil-retro-carre-anti-uv-miroir-plat\/"]}]},{"@type":"ImageObject","inLanguage":"en-US","@id":"https:\/\/gismodigital.ca\/mariem\/product\/elegant-femmes-de-lunettes-de-soleil-retro-carre-anti-uv-miroir-plat\/#primaryimage","url":"https:\/\/gismodigital.ca\/mariem\/wp-content\/uploads\/2023\/07\/1824100254843.jpg","contentUrl":"https:\/\/gismodigital.ca\/mariem\/wp-content\/uploads\/2023\/07\/1824100254843.jpg","width":800,"height":800},{"@type":"BreadcrumbList","@id":"https:\/\/gismodigital.ca\/mariem\/product\/elegant-femmes-de-lunettes-de-soleil-retro-carre-anti-uv-miroir-plat\/#breadcrumb","itemListElement":[{"@type":"ListItem","position":1,"name":"Home","item":"https:\/\/gismodigital.ca\/mariem\/"},{"@type":"ListItem","position":2,"name":"Boutique","item":"https:\/\/gismodigital.ca\/mariem\/boutique\/"},{"@type":"ListItem","position":3,"name":"\u00c9l\u00e9gant Femmes de lunettes de Soleil R\u00e9tro Carr\u00e9 Anti-UV Miroir Plat"}]},{"@type":"WebSite","@id":"https:\/\/gismodigital.ca\/mariem\/#website","url":"https:\/\/gismodigital.ca\/mariem\/","name":"Marie&amp;M","description":"Marie&amp;M","potentialAction":[{"@type":"SearchAction","target":{"@type":"EntryPoint","urlTemplate":"https:\/\/gismodigital.ca\/mariem\/?s={search_term_string}"},"query-input":{"@type":"PropertyValueSpecification","valueRequired":true,"valueName":"search_term_string"}}],"inLanguage":"en-US"}]}},"jetpack_sharing_enabled":true,"_links":{"self":[{"href":"https:\/\/gismodigital.ca\/mariem\/wp-json\/wp\/v2\/product\/4099","targetHints":{"allow":["GET"]}}],"collection":[{"href":"https:\/\/gismodigital.ca\/mariem\/wp-json\/wp\/v2\/product"}],"about":[{"href":"https:\/\/gismodigital.ca\/mariem\/wp-json\/wp\/v2\/types\/product"}],"replies":[{"embeddable":true,"href":"https:\/\/gismodigital.ca\/mariem\/wp-json\/wp\/v2\/comments?post=4099"}],"wp:featuredmedia":[{"embeddable":true,"href":"https:\/\/gismodigital.ca\/mariem\/wp-json\/wp\/v2\/media\/5328"}],"wp:attachment":[{"href":"https:\/\/gismodigital.ca\/mariem\/wp-json\/wp\/v2\/media?parent=4099"}],"wp:term":[{"taxonomy":"product_brand","embeddable":true,"href":"https:\/\/gismodigital.ca\/mariem\/wp-json\/wp\/v2\/product_brand?post=4099"},{"taxonomy":"product_cat","embeddable":true,"href":"https:\/\/gismodigital.ca\/mariem\/wp-json\/wp\/v2\/product_cat?post=4099"},{"taxonomy":"product_tag","embeddable":true,"href":"https:\/\/gismodigital.ca\/mariem\/wp-json\/wp\/v2\/product_tag?post=4099"}],"curies":[{"name":"wp","href":"https:\/\/api.w.org\/{rel}","templated":true}]}}