{"id":4105,"date":"2023-07-20T21:12:16","date_gmt":"2023-07-20T21:12:16","guid":{"rendered":"https:\/\/gismodigital.ca\/mariem\/product\/elegante-robe-de-mariee-size-s-14w-4-8\/"},"modified":"2023-07-20T21:12:18","modified_gmt":"2023-07-20T21:12:18","slug":"elegante-robe-de-mariee-size-s-14w-4-8","status":"publish","type":"product","link":"https:\/\/gismodigital.ca\/mariem\/product\/elegante-robe-de-mariee-size-s-14w-4-8\/","title":{"rendered":"\u00c9l\u00e9gante robe de mari\u00e9e, \nSize : S-14W,  4.8****"},"content":{"rendered":"<h1>SPECIFICATIONS<\/h1>\n<p>\u00a0<\/p>\n<p>Wedding Dress Fabric: Organza and Tulle<\/p>\n<p>Waistline: Natural Factors<\/p>\n<p>Train: Chapel Train<\/p>\n<p>Style: Simple<\/p>\n<p>Sleeve Style: Spaghetti Straps<\/p>\n<p>Sleeve Length(cm): Sleeveless<\/p>\n<p>Silhouette: Sheath<\/p>\n<p>Neckline: Sweetheart<\/p>\n<p>Item Type: Wedding Dresses<\/p>\n<p>For Pregnant Women: No<\/p>\n<p>Fashion Element: simple<\/p>\n<p>Dresses Length: Floor-Length<\/p>\n<p>\u00a0<\/p>\n","protected":false},"excerpt":{"rendered":"<p>SPECIFICATIONS \u00a0 Wedding Dress Fabric: Organza and Tulle Waistline: Natural Factors Train: Chapel Train Style: Simple Sleeve Style: Spaghetti Straps Sleeve Length(cm): Sleeveless Silhouette: Sheath Neckline: Sweetheart Item Type: Wedding Dresses For Pregnant Women: No Fashion Element: simple Dresses Length: Floor-Length \u00a0<\/p>\n","protected":false},"featured_media":5336,"comment_status":"open","ping_status":"closed","template":"","meta":{"om_disable_all_campaigns":false,"_monsterinsights_skip_tracking":false,"_monsterinsights_sitenote_active":false,"_monsterinsights_sitenote_note":"","_monsterinsights_sitenote_category":0},"product_brand":[],"product_cat":[200],"product_tag":[],"class_list":{"0":"post-4105","1":"product","2":"type-product","3":"status-publish","4":"has-post-thumbnail","6":"product_cat-femmes","8":"first","9":"instock","10":"sale","11":"taxable","12":"shipping-taxable","13":"purchasable","14":"product-type-variable"},"yoast_head":"<!-- This site is optimized with the Yoast SEO plugin v27.4 - https:\/\/yoast.com\/product\/yoast-seo-wordpress\/ -->\n<title>\u00c9l\u00e9gante robe de mari\u00e9e, Size : S-14W, 4.8**** - Marie&amp;M<\/title>\n<meta name=\"robots\" content=\"index, follow, max-snippet:-1, max-image-preview:large, max-video-preview:-1\" \/>\n<link rel=\"canonical\" href=\"https:\/\/gismodigital.ca\/mariem\/product\/elegante-robe-de-mariee-size-s-14w-4-8\/\" \/>\n<meta property=\"og:locale\" content=\"en_US\" \/>\n<meta property=\"og:type\" content=\"article\" \/>\n<meta property=\"og:title\" content=\"\u00c9l\u00e9gante robe de mari\u00e9e, Size : S-14W, 4.8**** - Marie&amp;M\" \/>\n<meta property=\"og:description\" content=\"SPECIFICATIONS \u00a0 Wedding Dress Fabric: Organza and Tulle Waistline: Natural Factors Train: Chapel Train Style: Simple Sleeve Style: Spaghetti Straps Sleeve Length(cm): Sleeveless Silhouette: Sheath Neckline: Sweetheart Item Type: Wedding Dresses For Pregnant Women: No Fashion Element: simple Dresses Length: Floor-Length \u00a0\" \/>\n<meta property=\"og:url\" content=\"https:\/\/gismodigital.ca\/mariem\/product\/elegante-robe-de-mariee-size-s-14w-4-8\/\" \/>\n<meta property=\"og:site_name\" content=\"Marie&amp;M\" \/>\n<meta property=\"article:modified_time\" content=\"2023-07-20T21:12:18+00:00\" \/>\n<meta name=\"twitter:card\" content=\"summary_large_image\" \/>\n<script type=\"application\/ld+json\" class=\"yoast-schema-graph\">{\"@context\":\"https:\\\/\\\/schema.org\",\"@graph\":[{\"@type\":\"WebPage\",\"@id\":\"https:\\\/\\\/gismodigital.ca\\\/mariem\\\/product\\\/elegante-robe-de-mariee-size-s-14w-4-8\\\/\",\"url\":\"https:\\\/\\\/gismodigital.ca\\\/mariem\\\/product\\\/elegante-robe-de-mariee-size-s-14w-4-8\\\/\",\"name\":\"\u00c9l\u00e9gante robe de mari\u00e9e, Size : S-14W, 4.8**** - Marie&amp;M\",\"isPartOf\":{\"@id\":\"https:\\\/\\\/gismodigital.ca\\\/mariem\\\/#website\"},\"primaryImageOfPage\":{\"@id\":\"https:\\\/\\\/gismodigital.ca\\\/mariem\\\/product\\\/elegante-robe-de-mariee-size-s-14w-4-8\\\/#primaryimage\"},\"image\":{\"@id\":\"https:\\\/\\\/gismodigital.ca\\\/mariem\\\/product\\\/elegante-robe-de-mariee-size-s-14w-4-8\\\/#primaryimage\"},\"thumbnailUrl\":\"https:\\\/\\\/gismodigital.ca\\\/mariem\\\/wp-content\\\/uploads\\\/2023\\\/07\\\/elegante-robe-de-mariee-size-s-14w-48-marie-m-white-2-912922.jpg\",\"datePublished\":\"2023-07-20T21:12:16+00:00\",\"dateModified\":\"2023-07-20T21:12:18+00:00\",\"breadcrumb\":{\"@id\":\"https:\\\/\\\/gismodigital.ca\\\/mariem\\\/product\\\/elegante-robe-de-mariee-size-s-14w-4-8\\\/#breadcrumb\"},\"inLanguage\":\"en-US\",\"potentialAction\":[{\"@type\":\"ReadAction\",\"target\":[\"https:\\\/\\\/gismodigital.ca\\\/mariem\\\/product\\\/elegante-robe-de-mariee-size-s-14w-4-8\\\/\"]}]},{\"@type\":\"ImageObject\",\"inLanguage\":\"en-US\",\"@id\":\"https:\\\/\\\/gismodigital.ca\\\/mariem\\\/product\\\/elegante-robe-de-mariee-size-s-14w-4-8\\\/#primaryimage\",\"url\":\"https:\\\/\\\/gismodigital.ca\\\/mariem\\\/wp-content\\\/uploads\\\/2023\\\/07\\\/elegante-robe-de-mariee-size-s-14w-48-marie-m-white-2-912922.jpg\",\"contentUrl\":\"https:\\\/\\\/gismodigital.ca\\\/mariem\\\/wp-content\\\/uploads\\\/2023\\\/07\\\/elegante-robe-de-mariee-size-s-14w-48-marie-m-white-2-912922.jpg\",\"width\":800,\"height\":800,\"caption\":\"\u00c9l\u00e9gante robe de mari\u00e9e, Size : S-14W, 4.8**** Marie & M White 2\"},{\"@type\":\"BreadcrumbList\",\"@id\":\"https:\\\/\\\/gismodigital.ca\\\/mariem\\\/product\\\/elegante-robe-de-mariee-size-s-14w-4-8\\\/#breadcrumb\",\"itemListElement\":[{\"@type\":\"ListItem\",\"position\":1,\"name\":\"Home\",\"item\":\"https:\\\/\\\/gismodigital.ca\\\/mariem\\\/\"},{\"@type\":\"ListItem\",\"position\":2,\"name\":\"Boutique\",\"item\":\"https:\\\/\\\/gismodigital.ca\\\/mariem\\\/boutique\\\/\"},{\"@type\":\"ListItem\",\"position\":3,\"name\":\"\u00c9l\u00e9gante robe de mari\u00e9e, Size : S-14W, 4.8****\"}]},{\"@type\":\"WebSite\",\"@id\":\"https:\\\/\\\/gismodigital.ca\\\/mariem\\\/#website\",\"url\":\"https:\\\/\\\/gismodigital.ca\\\/mariem\\\/\",\"name\":\"Marie&amp;M\",\"description\":\"Marie&amp;M\",\"potentialAction\":[{\"@type\":\"SearchAction\",\"target\":{\"@type\":\"EntryPoint\",\"urlTemplate\":\"https:\\\/\\\/gismodigital.ca\\\/mariem\\\/?s={search_term_string}\"},\"query-input\":{\"@type\":\"PropertyValueSpecification\",\"valueRequired\":true,\"valueName\":\"search_term_string\"}}],\"inLanguage\":\"en-US\"}]}<\/script>\n<!-- \/ Yoast SEO plugin. -->","yoast_head_json":{"title":"\u00c9l\u00e9gante robe de mari\u00e9e, Size : S-14W, 4.8**** - Marie&amp;M","robots":{"index":"index","follow":"follow","max-snippet":"max-snippet:-1","max-image-preview":"max-image-preview:large","max-video-preview":"max-video-preview:-1"},"canonical":"https:\/\/gismodigital.ca\/mariem\/product\/elegante-robe-de-mariee-size-s-14w-4-8\/","og_locale":"en_US","og_type":"article","og_title":"\u00c9l\u00e9gante robe de mari\u00e9e, Size : S-14W, 4.8**** - Marie&amp;M","og_description":"SPECIFICATIONS \u00a0 Wedding Dress Fabric: Organza and Tulle Waistline: Natural Factors Train: Chapel Train Style: Simple Sleeve Style: Spaghetti Straps Sleeve Length(cm): Sleeveless Silhouette: Sheath Neckline: Sweetheart Item Type: Wedding Dresses For Pregnant Women: No Fashion Element: simple Dresses Length: Floor-Length \u00a0","og_url":"https:\/\/gismodigital.ca\/mariem\/product\/elegante-robe-de-mariee-size-s-14w-4-8\/","og_site_name":"Marie&amp;M","article_modified_time":"2023-07-20T21:12:18+00:00","twitter_card":"summary_large_image","schema":{"@context":"https:\/\/schema.org","@graph":[{"@type":"WebPage","@id":"https:\/\/gismodigital.ca\/mariem\/product\/elegante-robe-de-mariee-size-s-14w-4-8\/","url":"https:\/\/gismodigital.ca\/mariem\/product\/elegante-robe-de-mariee-size-s-14w-4-8\/","name":"\u00c9l\u00e9gante robe de mari\u00e9e, Size : S-14W, 4.8**** - Marie&amp;M","isPartOf":{"@id":"https:\/\/gismodigital.ca\/mariem\/#website"},"primaryImageOfPage":{"@id":"https:\/\/gismodigital.ca\/mariem\/product\/elegante-robe-de-mariee-size-s-14w-4-8\/#primaryimage"},"image":{"@id":"https:\/\/gismodigital.ca\/mariem\/product\/elegante-robe-de-mariee-size-s-14w-4-8\/#primaryimage"},"thumbnailUrl":"https:\/\/gismodigital.ca\/mariem\/wp-content\/uploads\/2023\/07\/elegante-robe-de-mariee-size-s-14w-48-marie-m-white-2-912922.jpg","datePublished":"2023-07-20T21:12:16+00:00","dateModified":"2023-07-20T21:12:18+00:00","breadcrumb":{"@id":"https:\/\/gismodigital.ca\/mariem\/product\/elegante-robe-de-mariee-size-s-14w-4-8\/#breadcrumb"},"inLanguage":"en-US","potentialAction":[{"@type":"ReadAction","target":["https:\/\/gismodigital.ca\/mariem\/product\/elegante-robe-de-mariee-size-s-14w-4-8\/"]}]},{"@type":"ImageObject","inLanguage":"en-US","@id":"https:\/\/gismodigital.ca\/mariem\/product\/elegante-robe-de-mariee-size-s-14w-4-8\/#primaryimage","url":"https:\/\/gismodigital.ca\/mariem\/wp-content\/uploads\/2023\/07\/elegante-robe-de-mariee-size-s-14w-48-marie-m-white-2-912922.jpg","contentUrl":"https:\/\/gismodigital.ca\/mariem\/wp-content\/uploads\/2023\/07\/elegante-robe-de-mariee-size-s-14w-48-marie-m-white-2-912922.jpg","width":800,"height":800,"caption":"\u00c9l\u00e9gante robe de mari\u00e9e, Size : S-14W, 4.8**** Marie & M White 2"},{"@type":"BreadcrumbList","@id":"https:\/\/gismodigital.ca\/mariem\/product\/elegante-robe-de-mariee-size-s-14w-4-8\/#breadcrumb","itemListElement":[{"@type":"ListItem","position":1,"name":"Home","item":"https:\/\/gismodigital.ca\/mariem\/"},{"@type":"ListItem","position":2,"name":"Boutique","item":"https:\/\/gismodigital.ca\/mariem\/boutique\/"},{"@type":"ListItem","position":3,"name":"\u00c9l\u00e9gante robe de mari\u00e9e, Size : S-14W, 4.8****"}]},{"@type":"WebSite","@id":"https:\/\/gismodigital.ca\/mariem\/#website","url":"https:\/\/gismodigital.ca\/mariem\/","name":"Marie&amp;M","description":"Marie&amp;M","potentialAction":[{"@type":"SearchAction","target":{"@type":"EntryPoint","urlTemplate":"https:\/\/gismodigital.ca\/mariem\/?s={search_term_string}"},"query-input":{"@type":"PropertyValueSpecification","valueRequired":true,"valueName":"search_term_string"}}],"inLanguage":"en-US"}]}},"jetpack_sharing_enabled":true,"_links":{"self":[{"href":"https:\/\/gismodigital.ca\/mariem\/wp-json\/wp\/v2\/product\/4105","targetHints":{"allow":["GET"]}}],"collection":[{"href":"https:\/\/gismodigital.ca\/mariem\/wp-json\/wp\/v2\/product"}],"about":[{"href":"https:\/\/gismodigital.ca\/mariem\/wp-json\/wp\/v2\/types\/product"}],"replies":[{"embeddable":true,"href":"https:\/\/gismodigital.ca\/mariem\/wp-json\/wp\/v2\/comments?post=4105"}],"wp:featuredmedia":[{"embeddable":true,"href":"https:\/\/gismodigital.ca\/mariem\/wp-json\/wp\/v2\/media\/5336"}],"wp:attachment":[{"href":"https:\/\/gismodigital.ca\/mariem\/wp-json\/wp\/v2\/media?parent=4105"}],"wp:term":[{"taxonomy":"product_brand","embeddable":true,"href":"https:\/\/gismodigital.ca\/mariem\/wp-json\/wp\/v2\/product_brand?post=4105"},{"taxonomy":"product_cat","embeddable":true,"href":"https:\/\/gismodigital.ca\/mariem\/wp-json\/wp\/v2\/product_cat?post=4105"},{"taxonomy":"product_tag","embeddable":true,"href":"https:\/\/gismodigital.ca\/mariem\/wp-json\/wp\/v2\/product_tag?post=4105"}],"curies":[{"name":"wp","href":"https:\/\/api.w.org\/{rel}","templated":true}]}}