{"id":4110,"date":"2023-07-20T21:12:19","date_gmt":"2023-07-20T21:12:19","guid":{"rendered":"https:\/\/gismodigital.ca\/mariem\/product\/ensemble-deux-pieces-pour-cute-babyage-0-24-moissaison-etemateriel-dentelle-coton\/"},"modified":"2023-07-20T21:12:20","modified_gmt":"2023-07-20T21:12:20","slug":"ensemble-deux-pieces-pour-cute-babyage-0-24-moissaison-etemateriel-dentelle-coton","status":"publish","type":"product","link":"https:\/\/gismodigital.ca\/mariem\/product\/ensemble-deux-pieces-pour-cute-babyage-0-24-moissaison-etemateriel-dentelle-coton\/","title":{"rendered":"Ensemble deux pi\u00e8ces pour cute baby\n\u00c2ge : 0 &#8211; 24 mois\nSaison : \u00c9t\u00e9\nMat\u00e9riel : Dentelle, Coton"},"content":{"rendered":"<h1>description<\/h1>\n<p>Ensemble de deux pi\u00e8ces pour enfants de 0-24 mois<\/p>\n<p>Je vous prie de mesurer la grosseur de l&#8217;enfant avant de commander l&#8217;ensemble s&#8217;il vous plait.<\/p>\n<p>Si le b\u00e9b\u00e9 a une bonne grosseure je vous recommende de choisr largeur comme size.<\/p>\n<p>V\u00e9rifie l&#8217;\u00e2ge en dessous.<\/p>\n<p>Length= longuer<\/p>\n<p>1 inch=24,54 cm<\/p>\n<p>Size chart:<br \/>\nSize(cm)<\/p>\n<p>\n90 Top Length: 24.5 Bust: 61 Skirt Length: 27.5 Age: 2-3 Years<br \/>\n100 Top Length: 26 Bust: 64 Skirt Length: 29 Age: 3-4 Years<br \/>\n110 Top Length: 27.5 Bust: 67 Skirt Length: 30.5 Age: 4-5 Years<br \/>\n120 Top Length: 29 Bust: 70 Skirt Length: 32 Age: 5-6 Years<br \/>\n130 Top Length: 31 Bust: 75 Skirt Length: 34 Age: 6-7 Years<\/p>\n<p>Size(inch)<br \/>\n90 Top Length: 9.65 Bust: 24.02 Skirt Length: 10.83 Age: 2-3 Years<br \/>\n100 Top Length: 10.24 Bust: 25.20 Skirt Length: 11.42 Age: 3-4 Years<br \/>\n110 Top Length: 10.83 Bust: 26.38 Skirt Length: 12.01 Age: 4-5 Years<br \/>\n120 Top Length: 11.42 Bust: 27.56 Skirt Length: 12.60 Age: 5-6 Years<br \/>\n130 Top Length: 12.20 Bust: 29.53 Skirt Length: 13.39 Age: 6-7 Years<\/p>\n<p>\u00a0<\/p>\n<p>\u00a0<\/p>\n","protected":false},"excerpt":{"rendered":"<p>description Ensemble de deux pi\u00e8ces pour enfants de 0-24 mois Je vous prie de mesurer la grosseur de l&#8217;enfant avant de commander l&#8217;ensemble s&#8217;il vous plait. Si le b\u00e9b\u00e9 a une bonne grosseure je vous recommende de choisr largeur comme size. V\u00e9rifie l&#8217;\u00e2ge en dessous. Length= longuer 1 inch=24,54 cm Size chart: Size(cm) 90 Top [&hellip;]<\/p>\n","protected":false},"featured_media":5340,"comment_status":"open","ping_status":"closed","template":"","meta":{"om_disable_all_campaigns":false,"_monsterinsights_skip_tracking":false,"_monsterinsights_sitenote_active":false,"_monsterinsights_sitenote_note":"","_monsterinsights_sitenote_category":0},"product_brand":[],"product_cat":[18],"product_tag":[],"class_list":{"0":"post-4110","1":"product","2":"type-product","3":"status-publish","4":"has-post-thumbnail","6":"product_cat-uncategorized","8":"first","9":"instock","10":"taxable","11":"shipping-taxable","12":"purchasable","13":"product-type-simple"},"yoast_head":"<!-- This site is optimized with the Yoast SEO plugin v27.4 - https:\/\/yoast.com\/product\/yoast-seo-wordpress\/ -->\n<title>Ensemble deux pi\u00e8ces pour cute baby \u00c2ge : 0 - 24 mois Saison : \u00c9t\u00e9 Mat\u00e9riel : Dentelle, Coton - Marie&amp;M<\/title>\n<meta name=\"robots\" content=\"index, follow, max-snippet:-1, max-image-preview:large, max-video-preview:-1\" \/>\n<link rel=\"canonical\" href=\"https:\/\/gismodigital.ca\/mariem\/product\/ensemble-deux-pieces-pour-cute-babyage-0-24-moissaison-etemateriel-dentelle-coton\/\" \/>\n<meta property=\"og:locale\" content=\"en_US\" \/>\n<meta property=\"og:type\" content=\"article\" \/>\n<meta property=\"og:title\" content=\"Ensemble deux pi\u00e8ces pour cute baby \u00c2ge : 0 - 24 mois Saison : \u00c9t\u00e9 Mat\u00e9riel : Dentelle, Coton - Marie&amp;M\" \/>\n<meta property=\"og:description\" content=\"description Ensemble de deux pi\u00e8ces pour enfants de 0-24 mois Je vous prie de mesurer la grosseur de l&#8217;enfant avant de commander l&#8217;ensemble s&#8217;il vous plait. Si le b\u00e9b\u00e9 a une bonne grosseure je vous recommende de choisr largeur comme size. V\u00e9rifie l&#8217;\u00e2ge en dessous. Length= longuer 1 inch=24,54 cm Size chart: Size(cm) 90 Top [&hellip;]\" \/>\n<meta property=\"og:url\" content=\"https:\/\/gismodigital.ca\/mariem\/product\/ensemble-deux-pieces-pour-cute-babyage-0-24-moissaison-etemateriel-dentelle-coton\/\" \/>\n<meta property=\"og:site_name\" content=\"Marie&amp;M\" \/>\n<meta property=\"article:modified_time\" content=\"2023-07-20T21:12:20+00:00\" \/>\n<meta name=\"twitter:card\" content=\"summary_large_image\" \/>\n<meta name=\"twitter:label1\" content=\"Est. reading time\" \/>\n\t<meta name=\"twitter:data1\" content=\"1 minute\" \/>\n<script type=\"application\/ld+json\" class=\"yoast-schema-graph\">{\"@context\":\"https:\\\/\\\/schema.org\",\"@graph\":[{\"@type\":\"WebPage\",\"@id\":\"https:\\\/\\\/gismodigital.ca\\\/mariem\\\/product\\\/ensemble-deux-pieces-pour-cute-babyage-0-24-moissaison-etemateriel-dentelle-coton\\\/\",\"url\":\"https:\\\/\\\/gismodigital.ca\\\/mariem\\\/product\\\/ensemble-deux-pieces-pour-cute-babyage-0-24-moissaison-etemateriel-dentelle-coton\\\/\",\"name\":\"Ensemble deux pi\u00e8ces pour cute baby \u00c2ge : 0 - 24 mois Saison : \u00c9t\u00e9 Mat\u00e9riel : Dentelle, Coton - Marie&amp;M\",\"isPartOf\":{\"@id\":\"https:\\\/\\\/gismodigital.ca\\\/mariem\\\/#website\"},\"primaryImageOfPage\":{\"@id\":\"https:\\\/\\\/gismodigital.ca\\\/mariem\\\/product\\\/ensemble-deux-pieces-pour-cute-babyage-0-24-moissaison-etemateriel-dentelle-coton\\\/#primaryimage\"},\"image\":{\"@id\":\"https:\\\/\\\/gismodigital.ca\\\/mariem\\\/product\\\/ensemble-deux-pieces-pour-cute-babyage-0-24-moissaison-etemateriel-dentelle-coton\\\/#primaryimage\"},\"thumbnailUrl\":\"https:\\\/\\\/gismodigital.ca\\\/mariem\\\/wp-content\\\/uploads\\\/2023\\\/07\\\/ensemble-deux-pieces-pour-cute-babyage-0-24-moissaison-etemateriel-dentelle-coton-myrlana-585834.jpg\",\"datePublished\":\"2023-07-20T21:12:19+00:00\",\"dateModified\":\"2023-07-20T21:12:20+00:00\",\"breadcrumb\":{\"@id\":\"https:\\\/\\\/gismodigital.ca\\\/mariem\\\/product\\\/ensemble-deux-pieces-pour-cute-babyage-0-24-moissaison-etemateriel-dentelle-coton\\\/#breadcrumb\"},\"inLanguage\":\"en-US\",\"potentialAction\":[{\"@type\":\"ReadAction\",\"target\":[\"https:\\\/\\\/gismodigital.ca\\\/mariem\\\/product\\\/ensemble-deux-pieces-pour-cute-babyage-0-24-moissaison-etemateriel-dentelle-coton\\\/\"]}]},{\"@type\":\"ImageObject\",\"inLanguage\":\"en-US\",\"@id\":\"https:\\\/\\\/gismodigital.ca\\\/mariem\\\/product\\\/ensemble-deux-pieces-pour-cute-babyage-0-24-moissaison-etemateriel-dentelle-coton\\\/#primaryimage\",\"url\":\"https:\\\/\\\/gismodigital.ca\\\/mariem\\\/wp-content\\\/uploads\\\/2023\\\/07\\\/ensemble-deux-pieces-pour-cute-babyage-0-24-moissaison-etemateriel-dentelle-coton-myrlana-585834.jpg\",\"contentUrl\":\"https:\\\/\\\/gismodigital.ca\\\/mariem\\\/wp-content\\\/uploads\\\/2023\\\/07\\\/ensemble-deux-pieces-pour-cute-babyage-0-24-moissaison-etemateriel-dentelle-coton-myrlana-585834.jpg\",\"width\":1200,\"height\":1200,\"caption\":\"Ensemble deux pi\u00e8ces pour cute baby \u00c2ge : 0 - 24 mois Saison : \u00c9t\u00e9 Mat\u00e9riel : Dentelle, Coton Myrlana\"},{\"@type\":\"BreadcrumbList\",\"@id\":\"https:\\\/\\\/gismodigital.ca\\\/mariem\\\/product\\\/ensemble-deux-pieces-pour-cute-babyage-0-24-moissaison-etemateriel-dentelle-coton\\\/#breadcrumb\",\"itemListElement\":[{\"@type\":\"ListItem\",\"position\":1,\"name\":\"Home\",\"item\":\"https:\\\/\\\/gismodigital.ca\\\/mariem\\\/\"},{\"@type\":\"ListItem\",\"position\":2,\"name\":\"Boutique\",\"item\":\"https:\\\/\\\/gismodigital.ca\\\/mariem\\\/boutique\\\/\"},{\"@type\":\"ListItem\",\"position\":3,\"name\":\"Ensemble deux pi\u00e8ces pour cute baby \u00c2ge : 0 &#8211; 24 mois Saison : \u00c9t\u00e9 Mat\u00e9riel : Dentelle, Coton\"}]},{\"@type\":\"WebSite\",\"@id\":\"https:\\\/\\\/gismodigital.ca\\\/mariem\\\/#website\",\"url\":\"https:\\\/\\\/gismodigital.ca\\\/mariem\\\/\",\"name\":\"Marie&amp;M\",\"description\":\"Marie&amp;M\",\"potentialAction\":[{\"@type\":\"SearchAction\",\"target\":{\"@type\":\"EntryPoint\",\"urlTemplate\":\"https:\\\/\\\/gismodigital.ca\\\/mariem\\\/?s={search_term_string}\"},\"query-input\":{\"@type\":\"PropertyValueSpecification\",\"valueRequired\":true,\"valueName\":\"search_term_string\"}}],\"inLanguage\":\"en-US\"}]}<\/script>\n<!-- \/ Yoast SEO plugin. -->","yoast_head_json":{"title":"Ensemble deux pi\u00e8ces pour cute baby \u00c2ge : 0 - 24 mois Saison : \u00c9t\u00e9 Mat\u00e9riel : Dentelle, Coton - Marie&amp;M","robots":{"index":"index","follow":"follow","max-snippet":"max-snippet:-1","max-image-preview":"max-image-preview:large","max-video-preview":"max-video-preview:-1"},"canonical":"https:\/\/gismodigital.ca\/mariem\/product\/ensemble-deux-pieces-pour-cute-babyage-0-24-moissaison-etemateriel-dentelle-coton\/","og_locale":"en_US","og_type":"article","og_title":"Ensemble deux pi\u00e8ces pour cute baby \u00c2ge : 0 - 24 mois Saison : \u00c9t\u00e9 Mat\u00e9riel : Dentelle, Coton - Marie&amp;M","og_description":"description Ensemble de deux pi\u00e8ces pour enfants de 0-24 mois Je vous prie de mesurer la grosseur de l&#8217;enfant avant de commander l&#8217;ensemble s&#8217;il vous plait. Si le b\u00e9b\u00e9 a une bonne grosseure je vous recommende de choisr largeur comme size. V\u00e9rifie l&#8217;\u00e2ge en dessous. Length= longuer 1 inch=24,54 cm Size chart: Size(cm) 90 Top [&hellip;]","og_url":"https:\/\/gismodigital.ca\/mariem\/product\/ensemble-deux-pieces-pour-cute-babyage-0-24-moissaison-etemateriel-dentelle-coton\/","og_site_name":"Marie&amp;M","article_modified_time":"2023-07-20T21:12:20+00:00","twitter_card":"summary_large_image","twitter_misc":{"Est. reading time":"1 minute"},"schema":{"@context":"https:\/\/schema.org","@graph":[{"@type":"WebPage","@id":"https:\/\/gismodigital.ca\/mariem\/product\/ensemble-deux-pieces-pour-cute-babyage-0-24-moissaison-etemateriel-dentelle-coton\/","url":"https:\/\/gismodigital.ca\/mariem\/product\/ensemble-deux-pieces-pour-cute-babyage-0-24-moissaison-etemateriel-dentelle-coton\/","name":"Ensemble deux pi\u00e8ces pour cute baby \u00c2ge : 0 - 24 mois Saison : \u00c9t\u00e9 Mat\u00e9riel : Dentelle, Coton - Marie&amp;M","isPartOf":{"@id":"https:\/\/gismodigital.ca\/mariem\/#website"},"primaryImageOfPage":{"@id":"https:\/\/gismodigital.ca\/mariem\/product\/ensemble-deux-pieces-pour-cute-babyage-0-24-moissaison-etemateriel-dentelle-coton\/#primaryimage"},"image":{"@id":"https:\/\/gismodigital.ca\/mariem\/product\/ensemble-deux-pieces-pour-cute-babyage-0-24-moissaison-etemateriel-dentelle-coton\/#primaryimage"},"thumbnailUrl":"https:\/\/gismodigital.ca\/mariem\/wp-content\/uploads\/2023\/07\/ensemble-deux-pieces-pour-cute-babyage-0-24-moissaison-etemateriel-dentelle-coton-myrlana-585834.jpg","datePublished":"2023-07-20T21:12:19+00:00","dateModified":"2023-07-20T21:12:20+00:00","breadcrumb":{"@id":"https:\/\/gismodigital.ca\/mariem\/product\/ensemble-deux-pieces-pour-cute-babyage-0-24-moissaison-etemateriel-dentelle-coton\/#breadcrumb"},"inLanguage":"en-US","potentialAction":[{"@type":"ReadAction","target":["https:\/\/gismodigital.ca\/mariem\/product\/ensemble-deux-pieces-pour-cute-babyage-0-24-moissaison-etemateriel-dentelle-coton\/"]}]},{"@type":"ImageObject","inLanguage":"en-US","@id":"https:\/\/gismodigital.ca\/mariem\/product\/ensemble-deux-pieces-pour-cute-babyage-0-24-moissaison-etemateriel-dentelle-coton\/#primaryimage","url":"https:\/\/gismodigital.ca\/mariem\/wp-content\/uploads\/2023\/07\/ensemble-deux-pieces-pour-cute-babyage-0-24-moissaison-etemateriel-dentelle-coton-myrlana-585834.jpg","contentUrl":"https:\/\/gismodigital.ca\/mariem\/wp-content\/uploads\/2023\/07\/ensemble-deux-pieces-pour-cute-babyage-0-24-moissaison-etemateriel-dentelle-coton-myrlana-585834.jpg","width":1200,"height":1200,"caption":"Ensemble deux pi\u00e8ces pour cute baby \u00c2ge : 0 - 24 mois Saison : \u00c9t\u00e9 Mat\u00e9riel : Dentelle, Coton Myrlana"},{"@type":"BreadcrumbList","@id":"https:\/\/gismodigital.ca\/mariem\/product\/ensemble-deux-pieces-pour-cute-babyage-0-24-moissaison-etemateriel-dentelle-coton\/#breadcrumb","itemListElement":[{"@type":"ListItem","position":1,"name":"Home","item":"https:\/\/gismodigital.ca\/mariem\/"},{"@type":"ListItem","position":2,"name":"Boutique","item":"https:\/\/gismodigital.ca\/mariem\/boutique\/"},{"@type":"ListItem","position":3,"name":"Ensemble deux pi\u00e8ces pour cute baby \u00c2ge : 0 &#8211; 24 mois Saison : \u00c9t\u00e9 Mat\u00e9riel : Dentelle, Coton"}]},{"@type":"WebSite","@id":"https:\/\/gismodigital.ca\/mariem\/#website","url":"https:\/\/gismodigital.ca\/mariem\/","name":"Marie&amp;M","description":"Marie&amp;M","potentialAction":[{"@type":"SearchAction","target":{"@type":"EntryPoint","urlTemplate":"https:\/\/gismodigital.ca\/mariem\/?s={search_term_string}"},"query-input":{"@type":"PropertyValueSpecification","valueRequired":true,"valueName":"search_term_string"}}],"inLanguage":"en-US"}]}},"jetpack_sharing_enabled":true,"_links":{"self":[{"href":"https:\/\/gismodigital.ca\/mariem\/wp-json\/wp\/v2\/product\/4110","targetHints":{"allow":["GET"]}}],"collection":[{"href":"https:\/\/gismodigital.ca\/mariem\/wp-json\/wp\/v2\/product"}],"about":[{"href":"https:\/\/gismodigital.ca\/mariem\/wp-json\/wp\/v2\/types\/product"}],"replies":[{"embeddable":true,"href":"https:\/\/gismodigital.ca\/mariem\/wp-json\/wp\/v2\/comments?post=4110"}],"wp:featuredmedia":[{"embeddable":true,"href":"https:\/\/gismodigital.ca\/mariem\/wp-json\/wp\/v2\/media\/5340"}],"wp:attachment":[{"href":"https:\/\/gismodigital.ca\/mariem\/wp-json\/wp\/v2\/media?parent=4110"}],"wp:term":[{"taxonomy":"product_brand","embeddable":true,"href":"https:\/\/gismodigital.ca\/mariem\/wp-json\/wp\/v2\/product_brand?post=4110"},{"taxonomy":"product_cat","embeddable":true,"href":"https:\/\/gismodigital.ca\/mariem\/wp-json\/wp\/v2\/product_cat?post=4110"},{"taxonomy":"product_tag","embeddable":true,"href":"https:\/\/gismodigital.ca\/mariem\/wp-json\/wp\/v2\/product_tag?post=4110"}],"curies":[{"name":"wp","href":"https:\/\/api.w.org\/{rel}","templated":true}]}}