{"id":4198,"date":"2023-07-20T21:12:35","date_gmt":"2023-07-20T21:12:35","guid":{"rendered":"https:\/\/gismodigital.ca\/mariem\/product\/femmes-mousseline-de-soie-bouton-col-roule-chemise-chic-elegant-fleur-dentelle-moelleux-a-manches-longues-haut-mode-creux-surdimensionne-blanc-blouse-2022\/"},"modified":"2023-07-20T21:12:46","modified_gmt":"2023-07-20T21:12:46","slug":"femmes-mousseline-de-soie-bouton-col-roule-chemise-chic-elegant-fleur-dentelle-moelleux-a-manches-longues-haut-mode-creux-surdimensionne-blanc-blouse-2022","status":"publish","type":"product","link":"https:\/\/gismodigital.ca\/mariem\/product\/femmes-mousseline-de-soie-bouton-col-roule-chemise-chic-elegant-fleur-dentelle-moelleux-a-manches-longues-haut-mode-creux-surdimensionne-blanc-blouse-2022\/","title":{"rendered":"Femmes mousseline de soie bouton col roul\u00e9 chemise Chic \u00e9l\u00e9gant fleur dentelle moelleux \u00e0 manches longues haut mode creux surdimensionn\u00e9 blanc Blouse 2022."},"content":{"rendered":"<h1>SPECIFICATIONS<\/h1>\n<p>\u00a0Femmes mousseline de soie bouton col roul\u00e9 chemise Chic \u00e9l\u00e9gant fleur dentelle moelleux \u00e0 manches longues haut mode creux surdimensionn\u00e9 blanc Blouse 2022<\/p>\n<p>\u00a0<\/p>\n<p>shirt7: White shirt woman,Top women,blouses and shirts,shirt for women,top<\/p>\n<p>shirt6: Women white shirt,Women shirt,blouses &amp; shirts,Blouses,dropshipping<\/p>\n<p>shirt5: 2021 fashion women blouses,2021 fashion women,shirt oversize,Shirt<\/p>\n<p>shirt4: blouse with a fluffy sleeve,Women long sleeve top,long sleeve t-shirt<\/p>\n<p>shirt3: Lace collar,Blouse with lace,Lace top,Lace blouse,hollow top,tops<\/p>\n<p>shirt2: Chic woman blouse,Elegant blouses,top female elegant,floral top<\/p>\n<p>shirt1: Chiffon blouse,button up shirt,button-down shirts women,turtleneck top<\/p>\n<p>Thickness: Lightweight<\/p>\n<p>Style: Casual<\/p>\n<p>Sleeve Style: Puff Sleeve (Manche bouffante)<\/p>\n<p>Sleeve Length(cm): Full (longue)<\/p>\n<p>Shirts Type: Casual Shirts ( chemise d\u00e9contracter)<\/p>\n<p>Release Date: Autumn 2021<\/p>\n<p>Pattern Type: Solid<\/p>\n<p>Origin: MC<\/p>\n<p>Material Composition: Synthetic fiber<\/p>\n<p>Material: Polyester,Cotton<\/p>\n<p>Gender: WOMEN<\/p>\n<p>\u00a0<\/p>\n<p>\u00a0<\/p>\n","protected":false},"excerpt":{"rendered":"<p>SPECIFICATIONS \u00a0Femmes mousseline de soie bouton col roul\u00e9 chemise Chic \u00e9l\u00e9gant fleur dentelle moelleux \u00e0 manches longues haut mode creux surdimensionn\u00e9 blanc Blouse 2022 \u00a0 shirt7: White shirt woman,Top women,blouses and shirts,shirt for women,top shirt6: Women white shirt,Women shirt,blouses &amp; shirts,Blouses,dropshipping shirt5: 2021 fashion women blouses,2021 fashion women,shirt oversize,Shirt shirt4: blouse with a fluffy sleeve,Women [&hellip;]<\/p>\n","protected":false},"featured_media":5395,"comment_status":"open","ping_status":"closed","template":"","meta":{"om_disable_all_campaigns":false,"_monsterinsights_skip_tracking":false,"_monsterinsights_sitenote_active":false,"_monsterinsights_sitenote_note":"","_monsterinsights_sitenote_category":0},"product_brand":[],"product_cat":[200],"product_tag":[],"class_list":{"0":"post-4198","1":"product","2":"type-product","3":"status-publish","4":"has-post-thumbnail","6":"product_cat-femmes","8":"first","9":"instock","10":"sale","11":"taxable","12":"shipping-taxable","13":"purchasable","14":"product-type-variable"},"yoast_head":"<!-- This site is optimized with the Yoast SEO plugin v27.4 - https:\/\/yoast.com\/product\/yoast-seo-wordpress\/ -->\n<title>Femmes mousseline de soie bouton col roul\u00e9 chemise Chic \u00e9l\u00e9gant fleur dentelle moelleux \u00e0 manches longues haut mode creux surdimensionn\u00e9 blanc Blouse 2022. - Marie&amp;M<\/title>\n<meta name=\"robots\" content=\"index, follow, max-snippet:-1, max-image-preview:large, max-video-preview:-1\" \/>\n<link rel=\"canonical\" href=\"https:\/\/gismodigital.ca\/mariem\/product\/femmes-mousseline-de-soie-bouton-col-roule-chemise-chic-elegant-fleur-dentelle-moelleux-a-manches-longues-haut-mode-creux-surdimensionne-blanc-blouse-2022\/\" \/>\n<meta property=\"og:locale\" content=\"en_US\" \/>\n<meta property=\"og:type\" content=\"article\" \/>\n<meta property=\"og:title\" content=\"Femmes mousseline de soie bouton col roul\u00e9 chemise Chic \u00e9l\u00e9gant fleur dentelle moelleux \u00e0 manches longues haut mode creux surdimensionn\u00e9 blanc Blouse 2022. - Marie&amp;M\" \/>\n<meta property=\"og:description\" content=\"SPECIFICATIONS \u00a0Femmes mousseline de soie bouton col roul\u00e9 chemise Chic \u00e9l\u00e9gant fleur dentelle moelleux \u00e0 manches longues haut mode creux surdimensionn\u00e9 blanc Blouse 2022 \u00a0 shirt7: White shirt woman,Top women,blouses and shirts,shirt for women,top shirt6: Women white shirt,Women shirt,blouses &amp; shirts,Blouses,dropshipping shirt5: 2021 fashion women blouses,2021 fashion women,shirt oversize,Shirt shirt4: blouse with a fluffy sleeve,Women [&hellip;]\" \/>\n<meta property=\"og:url\" content=\"https:\/\/gismodigital.ca\/mariem\/product\/femmes-mousseline-de-soie-bouton-col-roule-chemise-chic-elegant-fleur-dentelle-moelleux-a-manches-longues-haut-mode-creux-surdimensionne-blanc-blouse-2022\/\" \/>\n<meta property=\"og:site_name\" content=\"Marie&amp;M\" \/>\n<meta property=\"article:modified_time\" content=\"2023-07-20T21:12:46+00:00\" \/>\n<meta name=\"twitter:card\" content=\"summary_large_image\" \/>\n<meta name=\"twitter:label1\" content=\"Est. reading time\" \/>\n\t<meta name=\"twitter:data1\" content=\"1 minute\" \/>\n<script type=\"application\/ld+json\" class=\"yoast-schema-graph\">{\"@context\":\"https:\\\/\\\/schema.org\",\"@graph\":[{\"@type\":\"WebPage\",\"@id\":\"https:\\\/\\\/gismodigital.ca\\\/mariem\\\/product\\\/femmes-mousseline-de-soie-bouton-col-roule-chemise-chic-elegant-fleur-dentelle-moelleux-a-manches-longues-haut-mode-creux-surdimensionne-blanc-blouse-2022\\\/\",\"url\":\"https:\\\/\\\/gismodigital.ca\\\/mariem\\\/product\\\/femmes-mousseline-de-soie-bouton-col-roule-chemise-chic-elegant-fleur-dentelle-moelleux-a-manches-longues-haut-mode-creux-surdimensionne-blanc-blouse-2022\\\/\",\"name\":\"Femmes mousseline de soie bouton col roul\u00e9 chemise Chic \u00e9l\u00e9gant fleur dentelle moelleux \u00e0 manches longues haut mode creux surdimensionn\u00e9 blanc Blouse 2022. - Marie&amp;M\",\"isPartOf\":{\"@id\":\"https:\\\/\\\/gismodigital.ca\\\/mariem\\\/#website\"},\"primaryImageOfPage\":{\"@id\":\"https:\\\/\\\/gismodigital.ca\\\/mariem\\\/product\\\/femmes-mousseline-de-soie-bouton-col-roule-chemise-chic-elegant-fleur-dentelle-moelleux-a-manches-longues-haut-mode-creux-surdimensionne-blanc-blouse-2022\\\/#primaryimage\"},\"image\":{\"@id\":\"https:\\\/\\\/gismodigital.ca\\\/mariem\\\/product\\\/femmes-mousseline-de-soie-bouton-col-roule-chemise-chic-elegant-fleur-dentelle-moelleux-a-manches-longues-haut-mode-creux-surdimensionne-blanc-blouse-2022\\\/#primaryimage\"},\"thumbnailUrl\":\"https:\\\/\\\/gismodigital.ca\\\/mariem\\\/wp-content\\\/uploads\\\/2023\\\/07\\\/femmes-mousseline-de-soie-bouton-col-roule-chemise-chic-elegant-fleur-dentelle-moelleux-a-manches-longues-haut-mode-creux-surdimensionne-blanc-blouse-2022-marie-m-785238.jpg\",\"datePublished\":\"2023-07-20T21:12:35+00:00\",\"dateModified\":\"2023-07-20T21:12:46+00:00\",\"breadcrumb\":{\"@id\":\"https:\\\/\\\/gismodigital.ca\\\/mariem\\\/product\\\/femmes-mousseline-de-soie-bouton-col-roule-chemise-chic-elegant-fleur-dentelle-moelleux-a-manches-longues-haut-mode-creux-surdimensionne-blanc-blouse-2022\\\/#breadcrumb\"},\"inLanguage\":\"en-US\",\"potentialAction\":[{\"@type\":\"ReadAction\",\"target\":[\"https:\\\/\\\/gismodigital.ca\\\/mariem\\\/product\\\/femmes-mousseline-de-soie-bouton-col-roule-chemise-chic-elegant-fleur-dentelle-moelleux-a-manches-longues-haut-mode-creux-surdimensionne-blanc-blouse-2022\\\/\"]}]},{\"@type\":\"ImageObject\",\"inLanguage\":\"en-US\",\"@id\":\"https:\\\/\\\/gismodigital.ca\\\/mariem\\\/product\\\/femmes-mousseline-de-soie-bouton-col-roule-chemise-chic-elegant-fleur-dentelle-moelleux-a-manches-longues-haut-mode-creux-surdimensionne-blanc-blouse-2022\\\/#primaryimage\",\"url\":\"https:\\\/\\\/gismodigital.ca\\\/mariem\\\/wp-content\\\/uploads\\\/2023\\\/07\\\/femmes-mousseline-de-soie-bouton-col-roule-chemise-chic-elegant-fleur-dentelle-moelleux-a-manches-longues-haut-mode-creux-surdimensionne-blanc-blouse-2022-marie-m-785238.jpg\",\"contentUrl\":\"https:\\\/\\\/gismodigital.ca\\\/mariem\\\/wp-content\\\/uploads\\\/2023\\\/07\\\/femmes-mousseline-de-soie-bouton-col-roule-chemise-chic-elegant-fleur-dentelle-moelleux-a-manches-longues-haut-mode-creux-surdimensionne-blanc-blouse-2022-marie-m-785238.jpg\",\"width\":750,\"height\":1000,\"caption\":\"Femmes mousseline de soie bouton col roul\u00e9 chemise Chic \u00e9l\u00e9gant fleur dentelle moelleux \u00e0 manches longues haut mode creux surdimensionn\u00e9 blanc Blouse 2022. Marie & M\"},{\"@type\":\"BreadcrumbList\",\"@id\":\"https:\\\/\\\/gismodigital.ca\\\/mariem\\\/product\\\/femmes-mousseline-de-soie-bouton-col-roule-chemise-chic-elegant-fleur-dentelle-moelleux-a-manches-longues-haut-mode-creux-surdimensionne-blanc-blouse-2022\\\/#breadcrumb\",\"itemListElement\":[{\"@type\":\"ListItem\",\"position\":1,\"name\":\"Home\",\"item\":\"https:\\\/\\\/gismodigital.ca\\\/mariem\\\/\"},{\"@type\":\"ListItem\",\"position\":2,\"name\":\"Boutique\",\"item\":\"https:\\\/\\\/gismodigital.ca\\\/mariem\\\/boutique\\\/\"},{\"@type\":\"ListItem\",\"position\":3,\"name\":\"Femmes mousseline de soie bouton col roul\u00e9 chemise Chic \u00e9l\u00e9gant fleur dentelle moelleux \u00e0 manches longues haut mode creux surdimensionn\u00e9 blanc Blouse 2022.\"}]},{\"@type\":\"WebSite\",\"@id\":\"https:\\\/\\\/gismodigital.ca\\\/mariem\\\/#website\",\"url\":\"https:\\\/\\\/gismodigital.ca\\\/mariem\\\/\",\"name\":\"Marie&amp;M\",\"description\":\"Marie&amp;M\",\"potentialAction\":[{\"@type\":\"SearchAction\",\"target\":{\"@type\":\"EntryPoint\",\"urlTemplate\":\"https:\\\/\\\/gismodigital.ca\\\/mariem\\\/?s={search_term_string}\"},\"query-input\":{\"@type\":\"PropertyValueSpecification\",\"valueRequired\":true,\"valueName\":\"search_term_string\"}}],\"inLanguage\":\"en-US\"}]}<\/script>\n<!-- \/ Yoast SEO plugin. -->","yoast_head_json":{"title":"Femmes mousseline de soie bouton col roul\u00e9 chemise Chic \u00e9l\u00e9gant fleur dentelle moelleux \u00e0 manches longues haut mode creux surdimensionn\u00e9 blanc Blouse 2022. - Marie&amp;M","robots":{"index":"index","follow":"follow","max-snippet":"max-snippet:-1","max-image-preview":"max-image-preview:large","max-video-preview":"max-video-preview:-1"},"canonical":"https:\/\/gismodigital.ca\/mariem\/product\/femmes-mousseline-de-soie-bouton-col-roule-chemise-chic-elegant-fleur-dentelle-moelleux-a-manches-longues-haut-mode-creux-surdimensionne-blanc-blouse-2022\/","og_locale":"en_US","og_type":"article","og_title":"Femmes mousseline de soie bouton col roul\u00e9 chemise Chic \u00e9l\u00e9gant fleur dentelle moelleux \u00e0 manches longues haut mode creux surdimensionn\u00e9 blanc Blouse 2022. - Marie&amp;M","og_description":"SPECIFICATIONS \u00a0Femmes mousseline de soie bouton col roul\u00e9 chemise Chic \u00e9l\u00e9gant fleur dentelle moelleux \u00e0 manches longues haut mode creux surdimensionn\u00e9 blanc Blouse 2022 \u00a0 shirt7: White shirt woman,Top women,blouses and shirts,shirt for women,top shirt6: Women white shirt,Women shirt,blouses &amp; shirts,Blouses,dropshipping shirt5: 2021 fashion women blouses,2021 fashion women,shirt oversize,Shirt shirt4: blouse with a fluffy sleeve,Women [&hellip;]","og_url":"https:\/\/gismodigital.ca\/mariem\/product\/femmes-mousseline-de-soie-bouton-col-roule-chemise-chic-elegant-fleur-dentelle-moelleux-a-manches-longues-haut-mode-creux-surdimensionne-blanc-blouse-2022\/","og_site_name":"Marie&amp;M","article_modified_time":"2023-07-20T21:12:46+00:00","twitter_card":"summary_large_image","twitter_misc":{"Est. reading time":"1 minute"},"schema":{"@context":"https:\/\/schema.org","@graph":[{"@type":"WebPage","@id":"https:\/\/gismodigital.ca\/mariem\/product\/femmes-mousseline-de-soie-bouton-col-roule-chemise-chic-elegant-fleur-dentelle-moelleux-a-manches-longues-haut-mode-creux-surdimensionne-blanc-blouse-2022\/","url":"https:\/\/gismodigital.ca\/mariem\/product\/femmes-mousseline-de-soie-bouton-col-roule-chemise-chic-elegant-fleur-dentelle-moelleux-a-manches-longues-haut-mode-creux-surdimensionne-blanc-blouse-2022\/","name":"Femmes mousseline de soie bouton col roul\u00e9 chemise Chic \u00e9l\u00e9gant fleur dentelle moelleux \u00e0 manches longues haut mode creux surdimensionn\u00e9 blanc Blouse 2022. - Marie&amp;M","isPartOf":{"@id":"https:\/\/gismodigital.ca\/mariem\/#website"},"primaryImageOfPage":{"@id":"https:\/\/gismodigital.ca\/mariem\/product\/femmes-mousseline-de-soie-bouton-col-roule-chemise-chic-elegant-fleur-dentelle-moelleux-a-manches-longues-haut-mode-creux-surdimensionne-blanc-blouse-2022\/#primaryimage"},"image":{"@id":"https:\/\/gismodigital.ca\/mariem\/product\/femmes-mousseline-de-soie-bouton-col-roule-chemise-chic-elegant-fleur-dentelle-moelleux-a-manches-longues-haut-mode-creux-surdimensionne-blanc-blouse-2022\/#primaryimage"},"thumbnailUrl":"https:\/\/gismodigital.ca\/mariem\/wp-content\/uploads\/2023\/07\/femmes-mousseline-de-soie-bouton-col-roule-chemise-chic-elegant-fleur-dentelle-moelleux-a-manches-longues-haut-mode-creux-surdimensionne-blanc-blouse-2022-marie-m-785238.jpg","datePublished":"2023-07-20T21:12:35+00:00","dateModified":"2023-07-20T21:12:46+00:00","breadcrumb":{"@id":"https:\/\/gismodigital.ca\/mariem\/product\/femmes-mousseline-de-soie-bouton-col-roule-chemise-chic-elegant-fleur-dentelle-moelleux-a-manches-longues-haut-mode-creux-surdimensionne-blanc-blouse-2022\/#breadcrumb"},"inLanguage":"en-US","potentialAction":[{"@type":"ReadAction","target":["https:\/\/gismodigital.ca\/mariem\/product\/femmes-mousseline-de-soie-bouton-col-roule-chemise-chic-elegant-fleur-dentelle-moelleux-a-manches-longues-haut-mode-creux-surdimensionne-blanc-blouse-2022\/"]}]},{"@type":"ImageObject","inLanguage":"en-US","@id":"https:\/\/gismodigital.ca\/mariem\/product\/femmes-mousseline-de-soie-bouton-col-roule-chemise-chic-elegant-fleur-dentelle-moelleux-a-manches-longues-haut-mode-creux-surdimensionne-blanc-blouse-2022\/#primaryimage","url":"https:\/\/gismodigital.ca\/mariem\/wp-content\/uploads\/2023\/07\/femmes-mousseline-de-soie-bouton-col-roule-chemise-chic-elegant-fleur-dentelle-moelleux-a-manches-longues-haut-mode-creux-surdimensionne-blanc-blouse-2022-marie-m-785238.jpg","contentUrl":"https:\/\/gismodigital.ca\/mariem\/wp-content\/uploads\/2023\/07\/femmes-mousseline-de-soie-bouton-col-roule-chemise-chic-elegant-fleur-dentelle-moelleux-a-manches-longues-haut-mode-creux-surdimensionne-blanc-blouse-2022-marie-m-785238.jpg","width":750,"height":1000,"caption":"Femmes mousseline de soie bouton col roul\u00e9 chemise Chic \u00e9l\u00e9gant fleur dentelle moelleux \u00e0 manches longues haut mode creux surdimensionn\u00e9 blanc Blouse 2022. Marie & M"},{"@type":"BreadcrumbList","@id":"https:\/\/gismodigital.ca\/mariem\/product\/femmes-mousseline-de-soie-bouton-col-roule-chemise-chic-elegant-fleur-dentelle-moelleux-a-manches-longues-haut-mode-creux-surdimensionne-blanc-blouse-2022\/#breadcrumb","itemListElement":[{"@type":"ListItem","position":1,"name":"Home","item":"https:\/\/gismodigital.ca\/mariem\/"},{"@type":"ListItem","position":2,"name":"Boutique","item":"https:\/\/gismodigital.ca\/mariem\/boutique\/"},{"@type":"ListItem","position":3,"name":"Femmes mousseline de soie bouton col roul\u00e9 chemise Chic \u00e9l\u00e9gant fleur dentelle moelleux \u00e0 manches longues haut mode creux surdimensionn\u00e9 blanc Blouse 2022."}]},{"@type":"WebSite","@id":"https:\/\/gismodigital.ca\/mariem\/#website","url":"https:\/\/gismodigital.ca\/mariem\/","name":"Marie&amp;M","description":"Marie&amp;M","potentialAction":[{"@type":"SearchAction","target":{"@type":"EntryPoint","urlTemplate":"https:\/\/gismodigital.ca\/mariem\/?s={search_term_string}"},"query-input":{"@type":"PropertyValueSpecification","valueRequired":true,"valueName":"search_term_string"}}],"inLanguage":"en-US"}]}},"jetpack_sharing_enabled":true,"_links":{"self":[{"href":"https:\/\/gismodigital.ca\/mariem\/wp-json\/wp\/v2\/product\/4198","targetHints":{"allow":["GET"]}}],"collection":[{"href":"https:\/\/gismodigital.ca\/mariem\/wp-json\/wp\/v2\/product"}],"about":[{"href":"https:\/\/gismodigital.ca\/mariem\/wp-json\/wp\/v2\/types\/product"}],"replies":[{"embeddable":true,"href":"https:\/\/gismodigital.ca\/mariem\/wp-json\/wp\/v2\/comments?post=4198"}],"wp:featuredmedia":[{"embeddable":true,"href":"https:\/\/gismodigital.ca\/mariem\/wp-json\/wp\/v2\/media\/5395"}],"wp:attachment":[{"href":"https:\/\/gismodigital.ca\/mariem\/wp-json\/wp\/v2\/media?parent=4198"}],"wp:term":[{"taxonomy":"product_brand","embeddable":true,"href":"https:\/\/gismodigital.ca\/mariem\/wp-json\/wp\/v2\/product_brand?post=4198"},{"taxonomy":"product_cat","embeddable":true,"href":"https:\/\/gismodigital.ca\/mariem\/wp-json\/wp\/v2\/product_cat?post=4198"},{"taxonomy":"product_tag","embeddable":true,"href":"https:\/\/gismodigital.ca\/mariem\/wp-json\/wp\/v2\/product_tag?post=4198"}],"curies":[{"name":"wp","href":"https:\/\/api.w.org\/{rel}","templated":true}]}}