{"id":4305,"date":"2023-07-20T21:12:54","date_gmt":"2023-07-20T21:12:54","guid":{"rendered":"https:\/\/gismodigital.ca\/mariem\/product\/hd-2-2-pouces-lcd-1080p-voiture-dvr-vehicule-camera-video-enregistreur-de-vision-nocturne-dash-cam-jhp-meilleur\/"},"modified":"2023-07-20T21:12:54","modified_gmt":"2023-07-20T21:12:54","slug":"hd-2-2-pouces-lcd-1080p-voiture-dvr-vehicule-camera-video-enregistreur-de-vision-nocturne-dash-cam-jhp-meilleur","status":"publish","type":"product","link":"https:\/\/gismodigital.ca\/mariem\/product\/hd-2-2-pouces-lcd-1080p-voiture-dvr-vehicule-camera-video-enregistreur-de-vision-nocturne-dash-cam-jhp-meilleur\/","title":{"rendered":"HD 2.2 pouces LCD 1080P Voiture DVR V\u00e9hicule Cam\u00e9ra Vid\u00e9o Enregistreur de Vision Nocturne Dash Cam JHP-Meilleur"},"content":{"rendered":"<p>\n <b>Product Information\uff1a<\/b>\n<\/p>\n<p>\n Model: G30B HD<br \/>\n <br \/>\n Appearance size: 110*64*20 (mm) (mm)<br \/>\n <br \/>\n Storage card: TF card<br \/>\n <br \/>\n Shooting angle: 170\u00b0<br \/>\n <br \/>\n Pixels: 12 million<br \/>\n <br \/>\n Weight: 300 (g)<br \/>\n <br \/>\n Data storage capacity: 4G-32G<br \/>\n <br \/>\n Data storage time: loop recording<br \/>\n <br \/>\n Data transmission interface: USB, AV\n<\/p>\n<p>\n \n<\/p>\n<p>\n <b>Packing List\uff1a<\/b>\n<\/p>\n<p>Driving recorder*1<\/p>\n<p>\n <img decoding=\"async\" src=\"https:\/\/cc-west-usa.oss-accelerate.aliyuncs.com\/1621232339859.jpg\" style=\"max-width:100%;\"><br \/>\n <img decoding=\"async\" src=\"https:\/\/cc-west-usa.oss-accelerate.aliyuncs.com\/1621232339893.jpg\" style=\"max-width: 100%;\"><br \/>\n <img decoding=\"async\" src=\"https:\/\/cc-west-usa.oss-accelerate.aliyuncs.com\/1621232339896.jpg\" style=\"max-width: 100%;\"><br \/>\n <img decoding=\"async\" src=\"https:\/\/cc-west-usa.oss-accelerate.aliyuncs.com\/1621232359236.jpg\" style=\"max-width: 100%;\"><br \/>\n <img decoding=\"async\" src=\"https:\/\/cc-west-usa.oss-accelerate.aliyuncs.com\/1621232359237.jpg\" style=\"max-width: 100%;\"><br \/>\n <\/p>\n","protected":false},"excerpt":{"rendered":"<p>Product Information\uff1a Model: G30B HD Appearance size: 110*64*20 (mm) (mm) Storage card: TF card Shooting angle: 170\u00b0 Pixels: 12 million Weight: 300 (g) Data storage capacity: 4G-32G Data storage time: loop recording Data transmission interface: USB, AV Packing List\uff1a Driving recorder*1<\/p>\n","protected":false},"featured_media":5444,"comment_status":"open","ping_status":"closed","template":"","meta":{"om_disable_all_campaigns":false,"_monsterinsights_skip_tracking":false,"_monsterinsights_sitenote_active":false,"_monsterinsights_sitenote_note":"","_monsterinsights_sitenote_category":0},"product_brand":[],"product_cat":[18],"product_tag":[],"class_list":{"0":"post-4305","1":"product","2":"type-product","3":"status-publish","4":"has-post-thumbnail","6":"product_cat-uncategorized","8":"first","9":"instock","10":"taxable","11":"shipping-taxable","12":"purchasable","13":"product-type-simple"},"yoast_head":"<!-- This site is optimized with the Yoast SEO plugin v27.4 - https:\/\/yoast.com\/product\/yoast-seo-wordpress\/ -->\n<title>HD 2.2 pouces LCD 1080P Voiture DVR V\u00e9hicule Cam\u00e9ra Vid\u00e9o Enregistreur de Vision Nocturne Dash Cam JHP-Meilleur - Marie&amp;M<\/title>\n<meta name=\"robots\" content=\"index, follow, max-snippet:-1, max-image-preview:large, max-video-preview:-1\" \/>\n<link rel=\"canonical\" href=\"https:\/\/gismodigital.ca\/mariem\/product\/hd-2-2-pouces-lcd-1080p-voiture-dvr-vehicule-camera-video-enregistreur-de-vision-nocturne-dash-cam-jhp-meilleur\/\" \/>\n<meta property=\"og:locale\" content=\"en_US\" \/>\n<meta property=\"og:type\" content=\"article\" \/>\n<meta property=\"og:title\" content=\"HD 2.2 pouces LCD 1080P Voiture DVR V\u00e9hicule Cam\u00e9ra Vid\u00e9o Enregistreur de Vision Nocturne Dash Cam JHP-Meilleur - Marie&amp;M\" \/>\n<meta property=\"og:description\" content=\"Product Information\uff1a Model: G30B HD Appearance size: 110*64*20 (mm) (mm) Storage card: TF card Shooting angle: 170\u00b0 Pixels: 12 million Weight: 300 (g) Data storage capacity: 4G-32G Data storage time: loop recording Data transmission interface: USB, AV Packing List\uff1a Driving recorder*1\" \/>\n<meta property=\"og:url\" content=\"https:\/\/gismodigital.ca\/mariem\/product\/hd-2-2-pouces-lcd-1080p-voiture-dvr-vehicule-camera-video-enregistreur-de-vision-nocturne-dash-cam-jhp-meilleur\/\" \/>\n<meta property=\"og:site_name\" content=\"Marie&amp;M\" \/>\n<meta property=\"og:image\" content=\"https:\/\/cc-west-usa.oss-accelerate.aliyuncs.com\/1621232339859.jpg\" \/>\n<meta name=\"twitter:card\" content=\"summary_large_image\" \/>\n<script type=\"application\/ld+json\" class=\"yoast-schema-graph\">{\"@context\":\"https:\\\/\\\/schema.org\",\"@graph\":[{\"@type\":\"WebPage\",\"@id\":\"https:\\\/\\\/gismodigital.ca\\\/mariem\\\/product\\\/hd-2-2-pouces-lcd-1080p-voiture-dvr-vehicule-camera-video-enregistreur-de-vision-nocturne-dash-cam-jhp-meilleur\\\/\",\"url\":\"https:\\\/\\\/gismodigital.ca\\\/mariem\\\/product\\\/hd-2-2-pouces-lcd-1080p-voiture-dvr-vehicule-camera-video-enregistreur-de-vision-nocturne-dash-cam-jhp-meilleur\\\/\",\"name\":\"HD 2.2 pouces LCD 1080P Voiture DVR V\u00e9hicule Cam\u00e9ra Vid\u00e9o Enregistreur de Vision Nocturne Dash Cam JHP-Meilleur - Marie&amp;M\",\"isPartOf\":{\"@id\":\"https:\\\/\\\/gismodigital.ca\\\/mariem\\\/#website\"},\"primaryImageOfPage\":{\"@id\":\"https:\\\/\\\/gismodigital.ca\\\/mariem\\\/product\\\/hd-2-2-pouces-lcd-1080p-voiture-dvr-vehicule-camera-video-enregistreur-de-vision-nocturne-dash-cam-jhp-meilleur\\\/#primaryimage\"},\"image\":{\"@id\":\"https:\\\/\\\/gismodigital.ca\\\/mariem\\\/product\\\/hd-2-2-pouces-lcd-1080p-voiture-dvr-vehicule-camera-video-enregistreur-de-vision-nocturne-dash-cam-jhp-meilleur\\\/#primaryimage\"},\"thumbnailUrl\":\"https:\\\/\\\/gismodigital.ca\\\/mariem\\\/wp-content\\\/uploads\\\/2023\\\/07\\\/1621232364518.jpg\",\"datePublished\":\"2023-07-20T21:12:54+00:00\",\"breadcrumb\":{\"@id\":\"https:\\\/\\\/gismodigital.ca\\\/mariem\\\/product\\\/hd-2-2-pouces-lcd-1080p-voiture-dvr-vehicule-camera-video-enregistreur-de-vision-nocturne-dash-cam-jhp-meilleur\\\/#breadcrumb\"},\"inLanguage\":\"en-US\",\"potentialAction\":[{\"@type\":\"ReadAction\",\"target\":[\"https:\\\/\\\/gismodigital.ca\\\/mariem\\\/product\\\/hd-2-2-pouces-lcd-1080p-voiture-dvr-vehicule-camera-video-enregistreur-de-vision-nocturne-dash-cam-jhp-meilleur\\\/\"]}]},{\"@type\":\"ImageObject\",\"inLanguage\":\"en-US\",\"@id\":\"https:\\\/\\\/gismodigital.ca\\\/mariem\\\/product\\\/hd-2-2-pouces-lcd-1080p-voiture-dvr-vehicule-camera-video-enregistreur-de-vision-nocturne-dash-cam-jhp-meilleur\\\/#primaryimage\",\"url\":\"https:\\\/\\\/gismodigital.ca\\\/mariem\\\/wp-content\\\/uploads\\\/2023\\\/07\\\/1621232364518.jpg\",\"contentUrl\":\"https:\\\/\\\/gismodigital.ca\\\/mariem\\\/wp-content\\\/uploads\\\/2023\\\/07\\\/1621232364518.jpg\",\"width\":493,\"height\":489},{\"@type\":\"BreadcrumbList\",\"@id\":\"https:\\\/\\\/gismodigital.ca\\\/mariem\\\/product\\\/hd-2-2-pouces-lcd-1080p-voiture-dvr-vehicule-camera-video-enregistreur-de-vision-nocturne-dash-cam-jhp-meilleur\\\/#breadcrumb\",\"itemListElement\":[{\"@type\":\"ListItem\",\"position\":1,\"name\":\"Home\",\"item\":\"https:\\\/\\\/gismodigital.ca\\\/mariem\\\/\"},{\"@type\":\"ListItem\",\"position\":2,\"name\":\"Boutique\",\"item\":\"https:\\\/\\\/gismodigital.ca\\\/mariem\\\/boutique\\\/\"},{\"@type\":\"ListItem\",\"position\":3,\"name\":\"HD 2.2 pouces LCD 1080P Voiture DVR V\u00e9hicule Cam\u00e9ra Vid\u00e9o Enregistreur de Vision Nocturne Dash Cam JHP-Meilleur\"}]},{\"@type\":\"WebSite\",\"@id\":\"https:\\\/\\\/gismodigital.ca\\\/mariem\\\/#website\",\"url\":\"https:\\\/\\\/gismodigital.ca\\\/mariem\\\/\",\"name\":\"Marie&amp;M\",\"description\":\"Marie&amp;M\",\"potentialAction\":[{\"@type\":\"SearchAction\",\"target\":{\"@type\":\"EntryPoint\",\"urlTemplate\":\"https:\\\/\\\/gismodigital.ca\\\/mariem\\\/?s={search_term_string}\"},\"query-input\":{\"@type\":\"PropertyValueSpecification\",\"valueRequired\":true,\"valueName\":\"search_term_string\"}}],\"inLanguage\":\"en-US\"}]}<\/script>\n<!-- \/ Yoast SEO plugin. -->","yoast_head_json":{"title":"HD 2.2 pouces LCD 1080P Voiture DVR V\u00e9hicule Cam\u00e9ra Vid\u00e9o Enregistreur de Vision Nocturne Dash Cam JHP-Meilleur - Marie&amp;M","robots":{"index":"index","follow":"follow","max-snippet":"max-snippet:-1","max-image-preview":"max-image-preview:large","max-video-preview":"max-video-preview:-1"},"canonical":"https:\/\/gismodigital.ca\/mariem\/product\/hd-2-2-pouces-lcd-1080p-voiture-dvr-vehicule-camera-video-enregistreur-de-vision-nocturne-dash-cam-jhp-meilleur\/","og_locale":"en_US","og_type":"article","og_title":"HD 2.2 pouces LCD 1080P Voiture DVR V\u00e9hicule Cam\u00e9ra Vid\u00e9o Enregistreur de Vision Nocturne Dash Cam JHP-Meilleur - Marie&amp;M","og_description":"Product Information\uff1a Model: G30B HD Appearance size: 110*64*20 (mm) (mm) Storage card: TF card Shooting angle: 170\u00b0 Pixels: 12 million Weight: 300 (g) Data storage capacity: 4G-32G Data storage time: loop recording Data transmission interface: USB, AV Packing List\uff1a Driving recorder*1","og_url":"https:\/\/gismodigital.ca\/mariem\/product\/hd-2-2-pouces-lcd-1080p-voiture-dvr-vehicule-camera-video-enregistreur-de-vision-nocturne-dash-cam-jhp-meilleur\/","og_site_name":"Marie&amp;M","og_image":[{"url":"https:\/\/cc-west-usa.oss-accelerate.aliyuncs.com\/1621232339859.jpg","type":"","width":"","height":""}],"twitter_card":"summary_large_image","schema":{"@context":"https:\/\/schema.org","@graph":[{"@type":"WebPage","@id":"https:\/\/gismodigital.ca\/mariem\/product\/hd-2-2-pouces-lcd-1080p-voiture-dvr-vehicule-camera-video-enregistreur-de-vision-nocturne-dash-cam-jhp-meilleur\/","url":"https:\/\/gismodigital.ca\/mariem\/product\/hd-2-2-pouces-lcd-1080p-voiture-dvr-vehicule-camera-video-enregistreur-de-vision-nocturne-dash-cam-jhp-meilleur\/","name":"HD 2.2 pouces LCD 1080P Voiture DVR V\u00e9hicule Cam\u00e9ra Vid\u00e9o Enregistreur de Vision Nocturne Dash Cam JHP-Meilleur - Marie&amp;M","isPartOf":{"@id":"https:\/\/gismodigital.ca\/mariem\/#website"},"primaryImageOfPage":{"@id":"https:\/\/gismodigital.ca\/mariem\/product\/hd-2-2-pouces-lcd-1080p-voiture-dvr-vehicule-camera-video-enregistreur-de-vision-nocturne-dash-cam-jhp-meilleur\/#primaryimage"},"image":{"@id":"https:\/\/gismodigital.ca\/mariem\/product\/hd-2-2-pouces-lcd-1080p-voiture-dvr-vehicule-camera-video-enregistreur-de-vision-nocturne-dash-cam-jhp-meilleur\/#primaryimage"},"thumbnailUrl":"https:\/\/gismodigital.ca\/mariem\/wp-content\/uploads\/2023\/07\/1621232364518.jpg","datePublished":"2023-07-20T21:12:54+00:00","breadcrumb":{"@id":"https:\/\/gismodigital.ca\/mariem\/product\/hd-2-2-pouces-lcd-1080p-voiture-dvr-vehicule-camera-video-enregistreur-de-vision-nocturne-dash-cam-jhp-meilleur\/#breadcrumb"},"inLanguage":"en-US","potentialAction":[{"@type":"ReadAction","target":["https:\/\/gismodigital.ca\/mariem\/product\/hd-2-2-pouces-lcd-1080p-voiture-dvr-vehicule-camera-video-enregistreur-de-vision-nocturne-dash-cam-jhp-meilleur\/"]}]},{"@type":"ImageObject","inLanguage":"en-US","@id":"https:\/\/gismodigital.ca\/mariem\/product\/hd-2-2-pouces-lcd-1080p-voiture-dvr-vehicule-camera-video-enregistreur-de-vision-nocturne-dash-cam-jhp-meilleur\/#primaryimage","url":"https:\/\/gismodigital.ca\/mariem\/wp-content\/uploads\/2023\/07\/1621232364518.jpg","contentUrl":"https:\/\/gismodigital.ca\/mariem\/wp-content\/uploads\/2023\/07\/1621232364518.jpg","width":493,"height":489},{"@type":"BreadcrumbList","@id":"https:\/\/gismodigital.ca\/mariem\/product\/hd-2-2-pouces-lcd-1080p-voiture-dvr-vehicule-camera-video-enregistreur-de-vision-nocturne-dash-cam-jhp-meilleur\/#breadcrumb","itemListElement":[{"@type":"ListItem","position":1,"name":"Home","item":"https:\/\/gismodigital.ca\/mariem\/"},{"@type":"ListItem","position":2,"name":"Boutique","item":"https:\/\/gismodigital.ca\/mariem\/boutique\/"},{"@type":"ListItem","position":3,"name":"HD 2.2 pouces LCD 1080P Voiture DVR V\u00e9hicule Cam\u00e9ra Vid\u00e9o Enregistreur de Vision Nocturne Dash Cam JHP-Meilleur"}]},{"@type":"WebSite","@id":"https:\/\/gismodigital.ca\/mariem\/#website","url":"https:\/\/gismodigital.ca\/mariem\/","name":"Marie&amp;M","description":"Marie&amp;M","potentialAction":[{"@type":"SearchAction","target":{"@type":"EntryPoint","urlTemplate":"https:\/\/gismodigital.ca\/mariem\/?s={search_term_string}"},"query-input":{"@type":"PropertyValueSpecification","valueRequired":true,"valueName":"search_term_string"}}],"inLanguage":"en-US"}]}},"jetpack_sharing_enabled":true,"_links":{"self":[{"href":"https:\/\/gismodigital.ca\/mariem\/wp-json\/wp\/v2\/product\/4305","targetHints":{"allow":["GET"]}}],"collection":[{"href":"https:\/\/gismodigital.ca\/mariem\/wp-json\/wp\/v2\/product"}],"about":[{"href":"https:\/\/gismodigital.ca\/mariem\/wp-json\/wp\/v2\/types\/product"}],"replies":[{"embeddable":true,"href":"https:\/\/gismodigital.ca\/mariem\/wp-json\/wp\/v2\/comments?post=4305"}],"wp:featuredmedia":[{"embeddable":true,"href":"https:\/\/gismodigital.ca\/mariem\/wp-json\/wp\/v2\/media\/5444"}],"wp:attachment":[{"href":"https:\/\/gismodigital.ca\/mariem\/wp-json\/wp\/v2\/media?parent=4305"}],"wp:term":[{"taxonomy":"product_brand","embeddable":true,"href":"https:\/\/gismodigital.ca\/mariem\/wp-json\/wp\/v2\/product_brand?post=4305"},{"taxonomy":"product_cat","embeddable":true,"href":"https:\/\/gismodigital.ca\/mariem\/wp-json\/wp\/v2\/product_cat?post=4305"},{"taxonomy":"product_tag","embeddable":true,"href":"https:\/\/gismodigital.ca\/mariem\/wp-json\/wp\/v2\/product_tag?post=4305"}],"curies":[{"name":"wp","href":"https:\/\/api.w.org\/{rel}","templated":true}]}}