{"id":4319,"date":"2023-07-20T21:12:58","date_gmt":"2023-07-20T21:12:58","guid":{"rendered":"https:\/\/gismodigital.ca\/mariem\/product\/jolie-robe-pour-toutes-occasions-de-3-24-moisavis-4-9\/"},"modified":"2023-07-20T21:13:07","modified_gmt":"2023-07-20T21:13:07","slug":"jolie-robe-pour-toutes-occasions-de-3-24-moisavis-4-9","status":"publish","type":"product","link":"https:\/\/gismodigital.ca\/mariem\/product\/jolie-robe-pour-toutes-occasions-de-3-24-moisavis-4-9\/","title":{"rendered":"Jolie robe pour toutes occasions de 3-24 mois\nAvis : 4.9****"},"content":{"rendered":"<h1>SPECIFICATIONS<\/h1>\n<p>Saison: quatre saisons<\/p>\n<p>Materiel: Mesh,Polyester,Cotton,dentelle<\/p>\n<p>Genre: Baby Girls<\/p>\n<p>\u00c2ge : 0-6m,7-12m,13-24m<\/p>\n<p>Attention je vous sugg\u00e8re de prendre un size de plus si l&#8217;enfant est potel\u00e9.<\/p>\n<p>\u00a0<\/p>\n","protected":false},"excerpt":{"rendered":"<p>SPECIFICATIONS Saison: quatre saisons Materiel: Mesh,Polyester,Cotton,dentelle Genre: Baby Girls \u00c2ge : 0-6m,7-12m,13-24m Attention je vous sugg\u00e8re de prendre un size de plus si l&#8217;enfant est potel\u00e9. \u00a0<\/p>\n","protected":false},"featured_media":5460,"comment_status":"open","ping_status":"closed","template":"","meta":{"om_disable_all_campaigns":false,"_monsterinsights_skip_tracking":false,"_monsterinsights_sitenote_active":false,"_monsterinsights_sitenote_note":"","_monsterinsights_sitenote_category":0},"product_brand":[],"product_cat":[18],"product_tag":[],"class_list":{"0":"post-4319","1":"product","2":"type-product","3":"status-publish","4":"has-post-thumbnail","6":"product_cat-uncategorized","8":"first","9":"instock","10":"sale","11":"taxable","12":"shipping-taxable","13":"purchasable","14":"product-type-variable"},"yoast_head":"<!-- This site is optimized with the Yoast SEO plugin v27.4 - https:\/\/yoast.com\/product\/yoast-seo-wordpress\/ -->\n<title>Jolie robe pour toutes occasions de 3-24 mois Avis : 4.9**** - Marie&amp;M<\/title>\n<meta name=\"robots\" content=\"index, follow, max-snippet:-1, max-image-preview:large, max-video-preview:-1\" \/>\n<link rel=\"canonical\" href=\"https:\/\/gismodigital.ca\/mariem\/product\/jolie-robe-pour-toutes-occasions-de-3-24-moisavis-4-9\/\" \/>\n<meta property=\"og:locale\" content=\"en_US\" \/>\n<meta property=\"og:type\" content=\"article\" \/>\n<meta property=\"og:title\" content=\"Jolie robe pour toutes occasions de 3-24 mois Avis : 4.9**** - Marie&amp;M\" \/>\n<meta property=\"og:description\" content=\"SPECIFICATIONS Saison: quatre saisons Materiel: Mesh,Polyester,Cotton,dentelle Genre: Baby Girls \u00c2ge : 0-6m,7-12m,13-24m Attention je vous sugg\u00e8re de prendre un size de plus si l&#8217;enfant est potel\u00e9. \u00a0\" \/>\n<meta property=\"og:url\" content=\"https:\/\/gismodigital.ca\/mariem\/product\/jolie-robe-pour-toutes-occasions-de-3-24-moisavis-4-9\/\" \/>\n<meta property=\"og:site_name\" content=\"Marie&amp;M\" \/>\n<meta property=\"article:modified_time\" content=\"2023-07-20T21:13:07+00:00\" \/>\n<meta name=\"twitter:card\" content=\"summary_large_image\" \/>\n<script type=\"application\/ld+json\" class=\"yoast-schema-graph\">{\"@context\":\"https:\\\/\\\/schema.org\",\"@graph\":[{\"@type\":\"WebPage\",\"@id\":\"https:\\\/\\\/gismodigital.ca\\\/mariem\\\/product\\\/jolie-robe-pour-toutes-occasions-de-3-24-moisavis-4-9\\\/\",\"url\":\"https:\\\/\\\/gismodigital.ca\\\/mariem\\\/product\\\/jolie-robe-pour-toutes-occasions-de-3-24-moisavis-4-9\\\/\",\"name\":\"Jolie robe pour toutes occasions de 3-24 mois Avis : 4.9**** - Marie&amp;M\",\"isPartOf\":{\"@id\":\"https:\\\/\\\/gismodigital.ca\\\/mariem\\\/#website\"},\"primaryImageOfPage\":{\"@id\":\"https:\\\/\\\/gismodigital.ca\\\/mariem\\\/product\\\/jolie-robe-pour-toutes-occasions-de-3-24-moisavis-4-9\\\/#primaryimage\"},\"image\":{\"@id\":\"https:\\\/\\\/gismodigital.ca\\\/mariem\\\/product\\\/jolie-robe-pour-toutes-occasions-de-3-24-moisavis-4-9\\\/#primaryimage\"},\"thumbnailUrl\":\"https:\\\/\\\/gismodigital.ca\\\/mariem\\\/wp-content\\\/uploads\\\/2023\\\/07\\\/jolie-robe-pour-toutes-occasions-de-3-24-moisavis-49-myrlana-960797.jpg\",\"datePublished\":\"2023-07-20T21:12:58+00:00\",\"dateModified\":\"2023-07-20T21:13:07+00:00\",\"breadcrumb\":{\"@id\":\"https:\\\/\\\/gismodigital.ca\\\/mariem\\\/product\\\/jolie-robe-pour-toutes-occasions-de-3-24-moisavis-4-9\\\/#breadcrumb\"},\"inLanguage\":\"en-US\",\"potentialAction\":[{\"@type\":\"ReadAction\",\"target\":[\"https:\\\/\\\/gismodigital.ca\\\/mariem\\\/product\\\/jolie-robe-pour-toutes-occasions-de-3-24-moisavis-4-9\\\/\"]}]},{\"@type\":\"ImageObject\",\"inLanguage\":\"en-US\",\"@id\":\"https:\\\/\\\/gismodigital.ca\\\/mariem\\\/product\\\/jolie-robe-pour-toutes-occasions-de-3-24-moisavis-4-9\\\/#primaryimage\",\"url\":\"https:\\\/\\\/gismodigital.ca\\\/mariem\\\/wp-content\\\/uploads\\\/2023\\\/07\\\/jolie-robe-pour-toutes-occasions-de-3-24-moisavis-49-myrlana-960797.jpg\",\"contentUrl\":\"https:\\\/\\\/gismodigital.ca\\\/mariem\\\/wp-content\\\/uploads\\\/2023\\\/07\\\/jolie-robe-pour-toutes-occasions-de-3-24-moisavis-49-myrlana-960797.jpg\",\"width\":654,\"height\":638,\"caption\":\"Jolie robe pour toutes occasions de 3-24 mois Avis : 4.9**** Myrlana\"},{\"@type\":\"BreadcrumbList\",\"@id\":\"https:\\\/\\\/gismodigital.ca\\\/mariem\\\/product\\\/jolie-robe-pour-toutes-occasions-de-3-24-moisavis-4-9\\\/#breadcrumb\",\"itemListElement\":[{\"@type\":\"ListItem\",\"position\":1,\"name\":\"Home\",\"item\":\"https:\\\/\\\/gismodigital.ca\\\/mariem\\\/\"},{\"@type\":\"ListItem\",\"position\":2,\"name\":\"Boutique\",\"item\":\"https:\\\/\\\/gismodigital.ca\\\/mariem\\\/boutique\\\/\"},{\"@type\":\"ListItem\",\"position\":3,\"name\":\"Jolie robe pour toutes occasions de 3-24 mois Avis : 4.9****\"}]},{\"@type\":\"WebSite\",\"@id\":\"https:\\\/\\\/gismodigital.ca\\\/mariem\\\/#website\",\"url\":\"https:\\\/\\\/gismodigital.ca\\\/mariem\\\/\",\"name\":\"Marie&amp;M\",\"description\":\"Marie&amp;M\",\"potentialAction\":[{\"@type\":\"SearchAction\",\"target\":{\"@type\":\"EntryPoint\",\"urlTemplate\":\"https:\\\/\\\/gismodigital.ca\\\/mariem\\\/?s={search_term_string}\"},\"query-input\":{\"@type\":\"PropertyValueSpecification\",\"valueRequired\":true,\"valueName\":\"search_term_string\"}}],\"inLanguage\":\"en-US\"}]}<\/script>\n<!-- \/ Yoast SEO plugin. -->","yoast_head_json":{"title":"Jolie robe pour toutes occasions de 3-24 mois Avis : 4.9**** - Marie&amp;M","robots":{"index":"index","follow":"follow","max-snippet":"max-snippet:-1","max-image-preview":"max-image-preview:large","max-video-preview":"max-video-preview:-1"},"canonical":"https:\/\/gismodigital.ca\/mariem\/product\/jolie-robe-pour-toutes-occasions-de-3-24-moisavis-4-9\/","og_locale":"en_US","og_type":"article","og_title":"Jolie robe pour toutes occasions de 3-24 mois Avis : 4.9**** - Marie&amp;M","og_description":"SPECIFICATIONS Saison: quatre saisons Materiel: Mesh,Polyester,Cotton,dentelle Genre: Baby Girls \u00c2ge : 0-6m,7-12m,13-24m Attention je vous sugg\u00e8re de prendre un size de plus si l&#8217;enfant est potel\u00e9. \u00a0","og_url":"https:\/\/gismodigital.ca\/mariem\/product\/jolie-robe-pour-toutes-occasions-de-3-24-moisavis-4-9\/","og_site_name":"Marie&amp;M","article_modified_time":"2023-07-20T21:13:07+00:00","twitter_card":"summary_large_image","schema":{"@context":"https:\/\/schema.org","@graph":[{"@type":"WebPage","@id":"https:\/\/gismodigital.ca\/mariem\/product\/jolie-robe-pour-toutes-occasions-de-3-24-moisavis-4-9\/","url":"https:\/\/gismodigital.ca\/mariem\/product\/jolie-robe-pour-toutes-occasions-de-3-24-moisavis-4-9\/","name":"Jolie robe pour toutes occasions de 3-24 mois Avis : 4.9**** - Marie&amp;M","isPartOf":{"@id":"https:\/\/gismodigital.ca\/mariem\/#website"},"primaryImageOfPage":{"@id":"https:\/\/gismodigital.ca\/mariem\/product\/jolie-robe-pour-toutes-occasions-de-3-24-moisavis-4-9\/#primaryimage"},"image":{"@id":"https:\/\/gismodigital.ca\/mariem\/product\/jolie-robe-pour-toutes-occasions-de-3-24-moisavis-4-9\/#primaryimage"},"thumbnailUrl":"https:\/\/gismodigital.ca\/mariem\/wp-content\/uploads\/2023\/07\/jolie-robe-pour-toutes-occasions-de-3-24-moisavis-49-myrlana-960797.jpg","datePublished":"2023-07-20T21:12:58+00:00","dateModified":"2023-07-20T21:13:07+00:00","breadcrumb":{"@id":"https:\/\/gismodigital.ca\/mariem\/product\/jolie-robe-pour-toutes-occasions-de-3-24-moisavis-4-9\/#breadcrumb"},"inLanguage":"en-US","potentialAction":[{"@type":"ReadAction","target":["https:\/\/gismodigital.ca\/mariem\/product\/jolie-robe-pour-toutes-occasions-de-3-24-moisavis-4-9\/"]}]},{"@type":"ImageObject","inLanguage":"en-US","@id":"https:\/\/gismodigital.ca\/mariem\/product\/jolie-robe-pour-toutes-occasions-de-3-24-moisavis-4-9\/#primaryimage","url":"https:\/\/gismodigital.ca\/mariem\/wp-content\/uploads\/2023\/07\/jolie-robe-pour-toutes-occasions-de-3-24-moisavis-49-myrlana-960797.jpg","contentUrl":"https:\/\/gismodigital.ca\/mariem\/wp-content\/uploads\/2023\/07\/jolie-robe-pour-toutes-occasions-de-3-24-moisavis-49-myrlana-960797.jpg","width":654,"height":638,"caption":"Jolie robe pour toutes occasions de 3-24 mois Avis : 4.9**** Myrlana"},{"@type":"BreadcrumbList","@id":"https:\/\/gismodigital.ca\/mariem\/product\/jolie-robe-pour-toutes-occasions-de-3-24-moisavis-4-9\/#breadcrumb","itemListElement":[{"@type":"ListItem","position":1,"name":"Home","item":"https:\/\/gismodigital.ca\/mariem\/"},{"@type":"ListItem","position":2,"name":"Boutique","item":"https:\/\/gismodigital.ca\/mariem\/boutique\/"},{"@type":"ListItem","position":3,"name":"Jolie robe pour toutes occasions de 3-24 mois Avis : 4.9****"}]},{"@type":"WebSite","@id":"https:\/\/gismodigital.ca\/mariem\/#website","url":"https:\/\/gismodigital.ca\/mariem\/","name":"Marie&amp;M","description":"Marie&amp;M","potentialAction":[{"@type":"SearchAction","target":{"@type":"EntryPoint","urlTemplate":"https:\/\/gismodigital.ca\/mariem\/?s={search_term_string}"},"query-input":{"@type":"PropertyValueSpecification","valueRequired":true,"valueName":"search_term_string"}}],"inLanguage":"en-US"}]}},"jetpack_sharing_enabled":true,"_links":{"self":[{"href":"https:\/\/gismodigital.ca\/mariem\/wp-json\/wp\/v2\/product\/4319","targetHints":{"allow":["GET"]}}],"collection":[{"href":"https:\/\/gismodigital.ca\/mariem\/wp-json\/wp\/v2\/product"}],"about":[{"href":"https:\/\/gismodigital.ca\/mariem\/wp-json\/wp\/v2\/types\/product"}],"replies":[{"embeddable":true,"href":"https:\/\/gismodigital.ca\/mariem\/wp-json\/wp\/v2\/comments?post=4319"}],"wp:featuredmedia":[{"embeddable":true,"href":"https:\/\/gismodigital.ca\/mariem\/wp-json\/wp\/v2\/media\/5460"}],"wp:attachment":[{"href":"https:\/\/gismodigital.ca\/mariem\/wp-json\/wp\/v2\/media?parent=4319"}],"wp:term":[{"taxonomy":"product_brand","embeddable":true,"href":"https:\/\/gismodigital.ca\/mariem\/wp-json\/wp\/v2\/product_brand?post=4319"},{"taxonomy":"product_cat","embeddable":true,"href":"https:\/\/gismodigital.ca\/mariem\/wp-json\/wp\/v2\/product_cat?post=4319"},{"taxonomy":"product_tag","embeddable":true,"href":"https:\/\/gismodigital.ca\/mariem\/wp-json\/wp\/v2\/product_tag?post=4319"}],"curies":[{"name":"wp","href":"https:\/\/api.w.org\/{rel}","templated":true}]}}