{"id":4701,"date":"2023-07-20T21:14:18","date_gmt":"2023-07-20T21:14:18","guid":{"rendered":"https:\/\/gismodigital.ca\/mariem\/product\/nouveau-style-de-pantalon-pour-homme-a-taille-elastique-et-a-multiple-poche-size-s-m-l-xxl-48\/"},"modified":"2023-07-20T21:14:25","modified_gmt":"2023-07-20T21:14:25","slug":"nouveau-style-de-pantalon-pour-homme-a-taille-elastique-et-a-multiple-poche-size-s-m-l-xxl-48","status":"publish","type":"product","link":"https:\/\/gismodigital.ca\/mariem\/product\/nouveau-style-de-pantalon-pour-homme-a-taille-elastique-et-a-multiple-poche-size-s-m-l-xxl-48\/","title":{"rendered":"Nouveau style de pantalon pour homme \u00e0 taille \u00e9lastique et \u00e0 multiple poche.\nsize : S, M, L &#8211; XXL;  4,8****"},"content":{"rendered":"<h1>SPECIFICATIONS<\/h1>\n<p><strong>11 BYBB&amp;#39;S DARK Detachable Multi-Pocket Cargo Pants Men Harajuku Hip Hop Streetwear Joggers Man Elastic Waist Sweatpants Techwear (<\/strong><\/p>\n<p>\u00a0<\/p>\n<p>\u00a0<\/p>\n<p>new design: jogger Men Mens Men&#8217;s Women Women&#8217;s Femme Male Female<\/p>\n<p>listing item: spring summer autumn winter<\/p>\n<p>item: skateboard sportswear<\/p>\n<p>gender: men male cargo pants<\/p>\n<p>fashion: harem joggers<\/p>\n<p>Waist Type: MID<\/p>\n<p>Thickness: Midweight<\/p>\n<p>Style: HIP HOP<\/p>\n<p>Size: M,L,XL,XXL<\/p>\n<p>Pant Style: Cargo Pants<\/p>\n<p>Origin: MC<\/p>\n<p>Material: Polyester,Cotton<\/p>\n<p>Length: Full Length<\/p>\n<p>Gender: MEN<\/p>\n<p>Applicable Season: Four Seasons<\/p>\n<p>\u00a0<\/p>\n<p>\u00a0<\/p>\n","protected":false},"excerpt":{"rendered":"<p>SPECIFICATIONS 11 BYBB&amp;#39;S DARK Detachable Multi-Pocket Cargo Pants Men Harajuku Hip Hop Streetwear Joggers Man Elastic Waist Sweatpants Techwear ( \u00a0 \u00a0 new design: jogger Men Mens Men&#8217;s Women Women&#8217;s Femme Male Female listing item: spring summer autumn winter item: skateboard sportswear gender: men male cargo pants fashion: harem joggers Waist Type: MID Thickness: Midweight [&hellip;]<\/p>\n","protected":false},"featured_media":5728,"comment_status":"open","ping_status":"closed","template":"","meta":{"om_disable_all_campaigns":false,"_monsterinsights_skip_tracking":false,"_monsterinsights_sitenote_active":false,"_monsterinsights_sitenote_note":"","_monsterinsights_sitenote_category":0},"product_brand":[],"product_cat":[18],"product_tag":[],"class_list":{"0":"post-4701","1":"product","2":"type-product","3":"status-publish","4":"has-post-thumbnail","6":"product_cat-uncategorized","8":"first","9":"instock","10":"sale","11":"taxable","12":"shipping-taxable","13":"purchasable","14":"product-type-variable"},"yoast_head":"<!-- This site is optimized with the Yoast SEO plugin v27.4 - https:\/\/yoast.com\/product\/yoast-seo-wordpress\/ -->\n<title>Nouveau style de pantalon pour homme \u00e0 taille \u00e9lastique et \u00e0 multiple poche. size : S, M, L - XXL; 4,8**** - Marie&amp;M<\/title>\n<meta name=\"robots\" content=\"index, follow, max-snippet:-1, max-image-preview:large, max-video-preview:-1\" \/>\n<link rel=\"canonical\" href=\"https:\/\/gismodigital.ca\/mariem\/product\/nouveau-style-de-pantalon-pour-homme-a-taille-elastique-et-a-multiple-poche-size-s-m-l-xxl-48\/\" \/>\n<meta property=\"og:locale\" content=\"en_US\" \/>\n<meta property=\"og:type\" content=\"article\" \/>\n<meta property=\"og:title\" content=\"Nouveau style de pantalon pour homme \u00e0 taille \u00e9lastique et \u00e0 multiple poche. size : S, M, L - XXL; 4,8**** - Marie&amp;M\" \/>\n<meta property=\"og:description\" content=\"SPECIFICATIONS 11 BYBB&amp;#39;S DARK Detachable Multi-Pocket Cargo Pants Men Harajuku Hip Hop Streetwear Joggers Man Elastic Waist Sweatpants Techwear ( \u00a0 \u00a0 new design: jogger Men Mens Men&#8217;s Women Women&#8217;s Femme Male Female listing item: spring summer autumn winter item: skateboard sportswear gender: men male cargo pants fashion: harem joggers Waist Type: MID Thickness: Midweight [&hellip;]\" \/>\n<meta property=\"og:url\" content=\"https:\/\/gismodigital.ca\/mariem\/product\/nouveau-style-de-pantalon-pour-homme-a-taille-elastique-et-a-multiple-poche-size-s-m-l-xxl-48\/\" \/>\n<meta property=\"og:site_name\" content=\"Marie&amp;M\" \/>\n<meta property=\"article:modified_time\" content=\"2023-07-20T21:14:25+00:00\" \/>\n<meta name=\"twitter:card\" content=\"summary_large_image\" \/>\n<script type=\"application\/ld+json\" class=\"yoast-schema-graph\">{\"@context\":\"https:\\\/\\\/schema.org\",\"@graph\":[{\"@type\":\"WebPage\",\"@id\":\"https:\\\/\\\/gismodigital.ca\\\/mariem\\\/product\\\/nouveau-style-de-pantalon-pour-homme-a-taille-elastique-et-a-multiple-poche-size-s-m-l-xxl-48\\\/\",\"url\":\"https:\\\/\\\/gismodigital.ca\\\/mariem\\\/product\\\/nouveau-style-de-pantalon-pour-homme-a-taille-elastique-et-a-multiple-poche-size-s-m-l-xxl-48\\\/\",\"name\":\"Nouveau style de pantalon pour homme \u00e0 taille \u00e9lastique et \u00e0 multiple poche. size : S, M, L - XXL; 4,8**** - Marie&amp;M\",\"isPartOf\":{\"@id\":\"https:\\\/\\\/gismodigital.ca\\\/mariem\\\/#website\"},\"primaryImageOfPage\":{\"@id\":\"https:\\\/\\\/gismodigital.ca\\\/mariem\\\/product\\\/nouveau-style-de-pantalon-pour-homme-a-taille-elastique-et-a-multiple-poche-size-s-m-l-xxl-48\\\/#primaryimage\"},\"image\":{\"@id\":\"https:\\\/\\\/gismodigital.ca\\\/mariem\\\/product\\\/nouveau-style-de-pantalon-pour-homme-a-taille-elastique-et-a-multiple-poche-size-s-m-l-xxl-48\\\/#primaryimage\"},\"thumbnailUrl\":\"https:\\\/\\\/gismodigital.ca\\\/mariem\\\/wp-content\\\/uploads\\\/2023\\\/07\\\/nouveau-style-de-pantalon-pour-homme-a-taille-elastique-et-a-multiple-pochesize-s-m-l-xxl-48-marie-m-885603.jpg\",\"datePublished\":\"2023-07-20T21:14:18+00:00\",\"dateModified\":\"2023-07-20T21:14:25+00:00\",\"breadcrumb\":{\"@id\":\"https:\\\/\\\/gismodigital.ca\\\/mariem\\\/product\\\/nouveau-style-de-pantalon-pour-homme-a-taille-elastique-et-a-multiple-poche-size-s-m-l-xxl-48\\\/#breadcrumb\"},\"inLanguage\":\"en-US\",\"potentialAction\":[{\"@type\":\"ReadAction\",\"target\":[\"https:\\\/\\\/gismodigital.ca\\\/mariem\\\/product\\\/nouveau-style-de-pantalon-pour-homme-a-taille-elastique-et-a-multiple-poche-size-s-m-l-xxl-48\\\/\"]}]},{\"@type\":\"ImageObject\",\"inLanguage\":\"en-US\",\"@id\":\"https:\\\/\\\/gismodigital.ca\\\/mariem\\\/product\\\/nouveau-style-de-pantalon-pour-homme-a-taille-elastique-et-a-multiple-poche-size-s-m-l-xxl-48\\\/#primaryimage\",\"url\":\"https:\\\/\\\/gismodigital.ca\\\/mariem\\\/wp-content\\\/uploads\\\/2023\\\/07\\\/nouveau-style-de-pantalon-pour-homme-a-taille-elastique-et-a-multiple-pochesize-s-m-l-xxl-48-marie-m-885603.jpg\",\"contentUrl\":\"https:\\\/\\\/gismodigital.ca\\\/mariem\\\/wp-content\\\/uploads\\\/2023\\\/07\\\/nouveau-style-de-pantalon-pour-homme-a-taille-elastique-et-a-multiple-pochesize-s-m-l-xxl-48-marie-m-885603.jpg\",\"width\":1000,\"height\":1000,\"caption\":\"Nouveau style de pantalon pour homme \u00e0 taille \u00e9lastique et \u00e0 multiple poche. size : S, M, L - XXL; 4,8**** Marie & M\"},{\"@type\":\"BreadcrumbList\",\"@id\":\"https:\\\/\\\/gismodigital.ca\\\/mariem\\\/product\\\/nouveau-style-de-pantalon-pour-homme-a-taille-elastique-et-a-multiple-poche-size-s-m-l-xxl-48\\\/#breadcrumb\",\"itemListElement\":[{\"@type\":\"ListItem\",\"position\":1,\"name\":\"Home\",\"item\":\"https:\\\/\\\/gismodigital.ca\\\/mariem\\\/\"},{\"@type\":\"ListItem\",\"position\":2,\"name\":\"Boutique\",\"item\":\"https:\\\/\\\/gismodigital.ca\\\/mariem\\\/boutique\\\/\"},{\"@type\":\"ListItem\",\"position\":3,\"name\":\"Nouveau style de pantalon pour homme \u00e0 taille \u00e9lastique et \u00e0 multiple poche. size : S, M, L &#8211; XXL; 4,8****\"}]},{\"@type\":\"WebSite\",\"@id\":\"https:\\\/\\\/gismodigital.ca\\\/mariem\\\/#website\",\"url\":\"https:\\\/\\\/gismodigital.ca\\\/mariem\\\/\",\"name\":\"Marie&amp;M\",\"description\":\"Marie&amp;M\",\"potentialAction\":[{\"@type\":\"SearchAction\",\"target\":{\"@type\":\"EntryPoint\",\"urlTemplate\":\"https:\\\/\\\/gismodigital.ca\\\/mariem\\\/?s={search_term_string}\"},\"query-input\":{\"@type\":\"PropertyValueSpecification\",\"valueRequired\":true,\"valueName\":\"search_term_string\"}}],\"inLanguage\":\"en-US\"}]}<\/script>\n<!-- \/ Yoast SEO plugin. -->","yoast_head_json":{"title":"Nouveau style de pantalon pour homme \u00e0 taille \u00e9lastique et \u00e0 multiple poche. size : S, M, L - XXL; 4,8**** - Marie&amp;M","robots":{"index":"index","follow":"follow","max-snippet":"max-snippet:-1","max-image-preview":"max-image-preview:large","max-video-preview":"max-video-preview:-1"},"canonical":"https:\/\/gismodigital.ca\/mariem\/product\/nouveau-style-de-pantalon-pour-homme-a-taille-elastique-et-a-multiple-poche-size-s-m-l-xxl-48\/","og_locale":"en_US","og_type":"article","og_title":"Nouveau style de pantalon pour homme \u00e0 taille \u00e9lastique et \u00e0 multiple poche. size : S, M, L - XXL; 4,8**** - Marie&amp;M","og_description":"SPECIFICATIONS 11 BYBB&amp;#39;S DARK Detachable Multi-Pocket Cargo Pants Men Harajuku Hip Hop Streetwear Joggers Man Elastic Waist Sweatpants Techwear ( \u00a0 \u00a0 new design: jogger Men Mens Men&#8217;s Women Women&#8217;s Femme Male Female listing item: spring summer autumn winter item: skateboard sportswear gender: men male cargo pants fashion: harem joggers Waist Type: MID Thickness: Midweight [&hellip;]","og_url":"https:\/\/gismodigital.ca\/mariem\/product\/nouveau-style-de-pantalon-pour-homme-a-taille-elastique-et-a-multiple-poche-size-s-m-l-xxl-48\/","og_site_name":"Marie&amp;M","article_modified_time":"2023-07-20T21:14:25+00:00","twitter_card":"summary_large_image","schema":{"@context":"https:\/\/schema.org","@graph":[{"@type":"WebPage","@id":"https:\/\/gismodigital.ca\/mariem\/product\/nouveau-style-de-pantalon-pour-homme-a-taille-elastique-et-a-multiple-poche-size-s-m-l-xxl-48\/","url":"https:\/\/gismodigital.ca\/mariem\/product\/nouveau-style-de-pantalon-pour-homme-a-taille-elastique-et-a-multiple-poche-size-s-m-l-xxl-48\/","name":"Nouveau style de pantalon pour homme \u00e0 taille \u00e9lastique et \u00e0 multiple poche. size : S, M, L - XXL; 4,8**** - Marie&amp;M","isPartOf":{"@id":"https:\/\/gismodigital.ca\/mariem\/#website"},"primaryImageOfPage":{"@id":"https:\/\/gismodigital.ca\/mariem\/product\/nouveau-style-de-pantalon-pour-homme-a-taille-elastique-et-a-multiple-poche-size-s-m-l-xxl-48\/#primaryimage"},"image":{"@id":"https:\/\/gismodigital.ca\/mariem\/product\/nouveau-style-de-pantalon-pour-homme-a-taille-elastique-et-a-multiple-poche-size-s-m-l-xxl-48\/#primaryimage"},"thumbnailUrl":"https:\/\/gismodigital.ca\/mariem\/wp-content\/uploads\/2023\/07\/nouveau-style-de-pantalon-pour-homme-a-taille-elastique-et-a-multiple-pochesize-s-m-l-xxl-48-marie-m-885603.jpg","datePublished":"2023-07-20T21:14:18+00:00","dateModified":"2023-07-20T21:14:25+00:00","breadcrumb":{"@id":"https:\/\/gismodigital.ca\/mariem\/product\/nouveau-style-de-pantalon-pour-homme-a-taille-elastique-et-a-multiple-poche-size-s-m-l-xxl-48\/#breadcrumb"},"inLanguage":"en-US","potentialAction":[{"@type":"ReadAction","target":["https:\/\/gismodigital.ca\/mariem\/product\/nouveau-style-de-pantalon-pour-homme-a-taille-elastique-et-a-multiple-poche-size-s-m-l-xxl-48\/"]}]},{"@type":"ImageObject","inLanguage":"en-US","@id":"https:\/\/gismodigital.ca\/mariem\/product\/nouveau-style-de-pantalon-pour-homme-a-taille-elastique-et-a-multiple-poche-size-s-m-l-xxl-48\/#primaryimage","url":"https:\/\/gismodigital.ca\/mariem\/wp-content\/uploads\/2023\/07\/nouveau-style-de-pantalon-pour-homme-a-taille-elastique-et-a-multiple-pochesize-s-m-l-xxl-48-marie-m-885603.jpg","contentUrl":"https:\/\/gismodigital.ca\/mariem\/wp-content\/uploads\/2023\/07\/nouveau-style-de-pantalon-pour-homme-a-taille-elastique-et-a-multiple-pochesize-s-m-l-xxl-48-marie-m-885603.jpg","width":1000,"height":1000,"caption":"Nouveau style de pantalon pour homme \u00e0 taille \u00e9lastique et \u00e0 multiple poche. size : S, M, L - XXL; 4,8**** Marie & M"},{"@type":"BreadcrumbList","@id":"https:\/\/gismodigital.ca\/mariem\/product\/nouveau-style-de-pantalon-pour-homme-a-taille-elastique-et-a-multiple-poche-size-s-m-l-xxl-48\/#breadcrumb","itemListElement":[{"@type":"ListItem","position":1,"name":"Home","item":"https:\/\/gismodigital.ca\/mariem\/"},{"@type":"ListItem","position":2,"name":"Boutique","item":"https:\/\/gismodigital.ca\/mariem\/boutique\/"},{"@type":"ListItem","position":3,"name":"Nouveau style de pantalon pour homme \u00e0 taille \u00e9lastique et \u00e0 multiple poche. size : S, M, L &#8211; XXL; 4,8****"}]},{"@type":"WebSite","@id":"https:\/\/gismodigital.ca\/mariem\/#website","url":"https:\/\/gismodigital.ca\/mariem\/","name":"Marie&amp;M","description":"Marie&amp;M","potentialAction":[{"@type":"SearchAction","target":{"@type":"EntryPoint","urlTemplate":"https:\/\/gismodigital.ca\/mariem\/?s={search_term_string}"},"query-input":{"@type":"PropertyValueSpecification","valueRequired":true,"valueName":"search_term_string"}}],"inLanguage":"en-US"}]}},"jetpack_sharing_enabled":true,"_links":{"self":[{"href":"https:\/\/gismodigital.ca\/mariem\/wp-json\/wp\/v2\/product\/4701","targetHints":{"allow":["GET"]}}],"collection":[{"href":"https:\/\/gismodigital.ca\/mariem\/wp-json\/wp\/v2\/product"}],"about":[{"href":"https:\/\/gismodigital.ca\/mariem\/wp-json\/wp\/v2\/types\/product"}],"replies":[{"embeddable":true,"href":"https:\/\/gismodigital.ca\/mariem\/wp-json\/wp\/v2\/comments?post=4701"}],"wp:featuredmedia":[{"embeddable":true,"href":"https:\/\/gismodigital.ca\/mariem\/wp-json\/wp\/v2\/media\/5728"}],"wp:attachment":[{"href":"https:\/\/gismodigital.ca\/mariem\/wp-json\/wp\/v2\/media?parent=4701"}],"wp:term":[{"taxonomy":"product_brand","embeddable":true,"href":"https:\/\/gismodigital.ca\/mariem\/wp-json\/wp\/v2\/product_brand?post=4701"},{"taxonomy":"product_cat","embeddable":true,"href":"https:\/\/gismodigital.ca\/mariem\/wp-json\/wp\/v2\/product_cat?post=4701"},{"taxonomy":"product_tag","embeddable":true,"href":"https:\/\/gismodigital.ca\/mariem\/wp-json\/wp\/v2\/product_tag?post=4701"}],"curies":[{"name":"wp","href":"https:\/\/api.w.org\/{rel}","templated":true}]}}