{"id":5071,"date":"2023-07-20T21:15:40","date_gmt":"2023-07-20T21:15:40","guid":{"rendered":"https:\/\/gismodigital.ca\/mariem\/product\/robe-pour-bebe-enfants-petite-fille-de-24-mois-12-ansoccasion-fete-mariage-avis-5-sur-la-robeavis-4-7\/"},"modified":"2023-07-20T21:15:46","modified_gmt":"2023-07-20T21:15:46","slug":"robe-pour-bebe-enfants-petite-fille-de-24-mois-12-ansoccasion-fete-mariage-avis-5-sur-la-robeavis-4-7","status":"publish","type":"product","link":"https:\/\/gismodigital.ca\/mariem\/product\/robe-pour-bebe-enfants-petite-fille-de-24-mois-12-ansoccasion-fete-mariage-avis-5-sur-la-robeavis-4-7\/","title":{"rendered":"Robe pour b\u00e9b\u00e9, enfants petite fille de 24 mois &#8211; 12 ans\nOccasion : f\u00eate, mariage . \nAvis : 5 ***** sur la robe\nAvis : 4.7 ****"},"content":{"rendered":"<h1>SPECIFICATIONS<\/h1>\n<p>\u00a0<\/p>\n<p>Package Size: 20cm x 20cm x 10cm (7.87in x 7.87in x 3.94in)<\/p>\n<p>Model Number: little girl boutique clothing<\/p>\n<p>Materiel: Viscose<\/p>\n<p>Material: Polyester<\/p>\n<p>Gender: Girls<\/p>\n<p>\u00a0<\/p>\n<p>\u00a0<\/p>\n<p>\u00a0<\/p>\n","protected":false},"excerpt":{"rendered":"<p>SPECIFICATIONS \u00a0 Package Size: 20cm x 20cm x 10cm (7.87in x 7.87in x 3.94in) Model Number: little girl boutique clothing Materiel: Viscose Material: Polyester Gender: Girls \u00a0 \u00a0 \u00a0<\/p>\n","protected":false},"featured_media":0,"comment_status":"open","ping_status":"closed","template":"","meta":{"om_disable_all_campaigns":false,"_monsterinsights_skip_tracking":false,"_monsterinsights_sitenote_active":false,"_monsterinsights_sitenote_note":"","_monsterinsights_sitenote_category":0},"product_brand":[],"product_cat":[18],"product_tag":[],"class_list":{"0":"post-5071","1":"product","2":"type-product","3":"status-publish","5":"product_cat-uncategorized","7":"first","8":"outofstock","9":"taxable","10":"shipping-taxable","11":"purchasable","12":"product-type-variable"},"yoast_head":"<!-- This site is optimized with the Yoast SEO plugin v27.4 - https:\/\/yoast.com\/product\/yoast-seo-wordpress\/ -->\n<title>Robe pour b\u00e9b\u00e9, enfants petite fille de 24 mois - 12 ans Occasion : f\u00eate, mariage . Avis : 5 ***** sur la robe Avis : 4.7 **** - Marie&amp;M<\/title>\n<meta name=\"robots\" content=\"index, follow, max-snippet:-1, max-image-preview:large, max-video-preview:-1\" \/>\n<link rel=\"canonical\" href=\"https:\/\/gismodigital.ca\/mariem\/product\/robe-pour-bebe-enfants-petite-fille-de-24-mois-12-ansoccasion-fete-mariage-avis-5-sur-la-robeavis-4-7\/\" \/>\n<meta property=\"og:locale\" content=\"en_US\" \/>\n<meta property=\"og:type\" content=\"article\" \/>\n<meta property=\"og:title\" content=\"Robe pour b\u00e9b\u00e9, enfants petite fille de 24 mois - 12 ans Occasion : f\u00eate, mariage . Avis : 5 ***** sur la robe Avis : 4.7 **** - Marie&amp;M\" \/>\n<meta property=\"og:description\" content=\"SPECIFICATIONS \u00a0 Package Size: 20cm x 20cm x 10cm (7.87in x 7.87in x 3.94in) Model Number: little girl boutique clothing Materiel: Viscose Material: Polyester Gender: Girls \u00a0 \u00a0 \u00a0\" \/>\n<meta property=\"og:url\" content=\"https:\/\/gismodigital.ca\/mariem\/product\/robe-pour-bebe-enfants-petite-fille-de-24-mois-12-ansoccasion-fete-mariage-avis-5-sur-la-robeavis-4-7\/\" \/>\n<meta property=\"og:site_name\" content=\"Marie&amp;M\" \/>\n<meta property=\"article:modified_time\" content=\"2023-07-20T21:15:46+00:00\" \/>\n<meta name=\"twitter:card\" content=\"summary_large_image\" \/>\n<script type=\"application\/ld+json\" class=\"yoast-schema-graph\">{\"@context\":\"https:\\\/\\\/schema.org\",\"@graph\":[{\"@type\":\"WebPage\",\"@id\":\"https:\\\/\\\/gismodigital.ca\\\/mariem\\\/product\\\/robe-pour-bebe-enfants-petite-fille-de-24-mois-12-ansoccasion-fete-mariage-avis-5-sur-la-robeavis-4-7\\\/\",\"url\":\"https:\\\/\\\/gismodigital.ca\\\/mariem\\\/product\\\/robe-pour-bebe-enfants-petite-fille-de-24-mois-12-ansoccasion-fete-mariage-avis-5-sur-la-robeavis-4-7\\\/\",\"name\":\"Robe pour b\u00e9b\u00e9, enfants petite fille de 24 mois - 12 ans Occasion : f\u00eate, mariage . Avis : 5 ***** sur la robe Avis : 4.7 **** - Marie&amp;M\",\"isPartOf\":{\"@id\":\"https:\\\/\\\/gismodigital.ca\\\/mariem\\\/#website\"},\"datePublished\":\"2023-07-20T21:15:40+00:00\",\"dateModified\":\"2023-07-20T21:15:46+00:00\",\"breadcrumb\":{\"@id\":\"https:\\\/\\\/gismodigital.ca\\\/mariem\\\/product\\\/robe-pour-bebe-enfants-petite-fille-de-24-mois-12-ansoccasion-fete-mariage-avis-5-sur-la-robeavis-4-7\\\/#breadcrumb\"},\"inLanguage\":\"en-US\",\"potentialAction\":[{\"@type\":\"ReadAction\",\"target\":[\"https:\\\/\\\/gismodigital.ca\\\/mariem\\\/product\\\/robe-pour-bebe-enfants-petite-fille-de-24-mois-12-ansoccasion-fete-mariage-avis-5-sur-la-robeavis-4-7\\\/\"]}]},{\"@type\":\"BreadcrumbList\",\"@id\":\"https:\\\/\\\/gismodigital.ca\\\/mariem\\\/product\\\/robe-pour-bebe-enfants-petite-fille-de-24-mois-12-ansoccasion-fete-mariage-avis-5-sur-la-robeavis-4-7\\\/#breadcrumb\",\"itemListElement\":[{\"@type\":\"ListItem\",\"position\":1,\"name\":\"Home\",\"item\":\"https:\\\/\\\/gismodigital.ca\\\/mariem\\\/\"},{\"@type\":\"ListItem\",\"position\":2,\"name\":\"Boutique\",\"item\":\"https:\\\/\\\/gismodigital.ca\\\/mariem\\\/boutique\\\/\"},{\"@type\":\"ListItem\",\"position\":3,\"name\":\"Robe pour b\u00e9b\u00e9, enfants petite fille de 24 mois &#8211; 12 ans Occasion : f\u00eate, mariage . Avis : 5 ***** sur la robe Avis : 4.7 ****\"}]},{\"@type\":\"WebSite\",\"@id\":\"https:\\\/\\\/gismodigital.ca\\\/mariem\\\/#website\",\"url\":\"https:\\\/\\\/gismodigital.ca\\\/mariem\\\/\",\"name\":\"Marie&amp;M\",\"description\":\"Marie&amp;M\",\"potentialAction\":[{\"@type\":\"SearchAction\",\"target\":{\"@type\":\"EntryPoint\",\"urlTemplate\":\"https:\\\/\\\/gismodigital.ca\\\/mariem\\\/?s={search_term_string}\"},\"query-input\":{\"@type\":\"PropertyValueSpecification\",\"valueRequired\":true,\"valueName\":\"search_term_string\"}}],\"inLanguage\":\"en-US\"}]}<\/script>\n<!-- \/ Yoast SEO plugin. -->","yoast_head_json":{"title":"Robe pour b\u00e9b\u00e9, enfants petite fille de 24 mois - 12 ans Occasion : f\u00eate, mariage . Avis : 5 ***** sur la robe Avis : 4.7 **** - Marie&amp;M","robots":{"index":"index","follow":"follow","max-snippet":"max-snippet:-1","max-image-preview":"max-image-preview:large","max-video-preview":"max-video-preview:-1"},"canonical":"https:\/\/gismodigital.ca\/mariem\/product\/robe-pour-bebe-enfants-petite-fille-de-24-mois-12-ansoccasion-fete-mariage-avis-5-sur-la-robeavis-4-7\/","og_locale":"en_US","og_type":"article","og_title":"Robe pour b\u00e9b\u00e9, enfants petite fille de 24 mois - 12 ans Occasion : f\u00eate, mariage . Avis : 5 ***** sur la robe Avis : 4.7 **** - Marie&amp;M","og_description":"SPECIFICATIONS \u00a0 Package Size: 20cm x 20cm x 10cm (7.87in x 7.87in x 3.94in) Model Number: little girl boutique clothing Materiel: Viscose Material: Polyester Gender: Girls \u00a0 \u00a0 \u00a0","og_url":"https:\/\/gismodigital.ca\/mariem\/product\/robe-pour-bebe-enfants-petite-fille-de-24-mois-12-ansoccasion-fete-mariage-avis-5-sur-la-robeavis-4-7\/","og_site_name":"Marie&amp;M","article_modified_time":"2023-07-20T21:15:46+00:00","twitter_card":"summary_large_image","schema":{"@context":"https:\/\/schema.org","@graph":[{"@type":"WebPage","@id":"https:\/\/gismodigital.ca\/mariem\/product\/robe-pour-bebe-enfants-petite-fille-de-24-mois-12-ansoccasion-fete-mariage-avis-5-sur-la-robeavis-4-7\/","url":"https:\/\/gismodigital.ca\/mariem\/product\/robe-pour-bebe-enfants-petite-fille-de-24-mois-12-ansoccasion-fete-mariage-avis-5-sur-la-robeavis-4-7\/","name":"Robe pour b\u00e9b\u00e9, enfants petite fille de 24 mois - 12 ans Occasion : f\u00eate, mariage . Avis : 5 ***** sur la robe Avis : 4.7 **** - Marie&amp;M","isPartOf":{"@id":"https:\/\/gismodigital.ca\/mariem\/#website"},"datePublished":"2023-07-20T21:15:40+00:00","dateModified":"2023-07-20T21:15:46+00:00","breadcrumb":{"@id":"https:\/\/gismodigital.ca\/mariem\/product\/robe-pour-bebe-enfants-petite-fille-de-24-mois-12-ansoccasion-fete-mariage-avis-5-sur-la-robeavis-4-7\/#breadcrumb"},"inLanguage":"en-US","potentialAction":[{"@type":"ReadAction","target":["https:\/\/gismodigital.ca\/mariem\/product\/robe-pour-bebe-enfants-petite-fille-de-24-mois-12-ansoccasion-fete-mariage-avis-5-sur-la-robeavis-4-7\/"]}]},{"@type":"BreadcrumbList","@id":"https:\/\/gismodigital.ca\/mariem\/product\/robe-pour-bebe-enfants-petite-fille-de-24-mois-12-ansoccasion-fete-mariage-avis-5-sur-la-robeavis-4-7\/#breadcrumb","itemListElement":[{"@type":"ListItem","position":1,"name":"Home","item":"https:\/\/gismodigital.ca\/mariem\/"},{"@type":"ListItem","position":2,"name":"Boutique","item":"https:\/\/gismodigital.ca\/mariem\/boutique\/"},{"@type":"ListItem","position":3,"name":"Robe pour b\u00e9b\u00e9, enfants petite fille de 24 mois &#8211; 12 ans Occasion : f\u00eate, mariage . Avis : 5 ***** sur la robe Avis : 4.7 ****"}]},{"@type":"WebSite","@id":"https:\/\/gismodigital.ca\/mariem\/#website","url":"https:\/\/gismodigital.ca\/mariem\/","name":"Marie&amp;M","description":"Marie&amp;M","potentialAction":[{"@type":"SearchAction","target":{"@type":"EntryPoint","urlTemplate":"https:\/\/gismodigital.ca\/mariem\/?s={search_term_string}"},"query-input":{"@type":"PropertyValueSpecification","valueRequired":true,"valueName":"search_term_string"}}],"inLanguage":"en-US"}]}},"jetpack_sharing_enabled":true,"_links":{"self":[{"href":"https:\/\/gismodigital.ca\/mariem\/wp-json\/wp\/v2\/product\/5071","targetHints":{"allow":["GET"]}}],"collection":[{"href":"https:\/\/gismodigital.ca\/mariem\/wp-json\/wp\/v2\/product"}],"about":[{"href":"https:\/\/gismodigital.ca\/mariem\/wp-json\/wp\/v2\/types\/product"}],"replies":[{"embeddable":true,"href":"https:\/\/gismodigital.ca\/mariem\/wp-json\/wp\/v2\/comments?post=5071"}],"wp:attachment":[{"href":"https:\/\/gismodigital.ca\/mariem\/wp-json\/wp\/v2\/media?parent=5071"}],"wp:term":[{"taxonomy":"product_brand","embeddable":true,"href":"https:\/\/gismodigital.ca\/mariem\/wp-json\/wp\/v2\/product_brand?post=5071"},{"taxonomy":"product_cat","embeddable":true,"href":"https:\/\/gismodigital.ca\/mariem\/wp-json\/wp\/v2\/product_cat?post=5071"},{"taxonomy":"product_tag","embeddable":true,"href":"https:\/\/gismodigital.ca\/mariem\/wp-json\/wp\/v2\/product_tag?post=5071"}],"curies":[{"name":"wp","href":"https:\/\/api.w.org\/{rel}","templated":true}]}}