{"id":5097,"date":"2023-07-20T21:15:47","date_gmt":"2023-07-20T21:15:47","guid":{"rendered":"https:\/\/gismodigital.ca\/mariem\/product\/robe-pour-petites-filles-de-0-24-mois\/"},"modified":"2023-07-20T21:15:48","modified_gmt":"2023-07-20T21:15:48","slug":"robe-pour-petites-filles-de-0-24-mois","status":"publish","type":"product","link":"https:\/\/gismodigital.ca\/mariem\/product\/robe-pour-petites-filles-de-0-24-mois\/","title":{"rendered":"Robe pour petites filles de 0-24 mois*"},"content":{"rendered":"<p>Robes \u00e9l\u00e9gantes, d&#8217;\u00c9t\u00e9 sans manche pour b\u00e9b\u00e9 de 0-24 mois<\/p>\n<p>Avis : 4,7 ****<\/p>\n","protected":false},"excerpt":{"rendered":"<p>Robes \u00e9l\u00e9gantes, d&#8217;\u00c9t\u00e9 sans manche pour b\u00e9b\u00e9 de 0-24 mois Avis : 4,7 ****<\/p>\n","protected":false},"featured_media":0,"comment_status":"open","ping_status":"closed","template":"","meta":{"om_disable_all_campaigns":false,"_monsterinsights_skip_tracking":false,"_monsterinsights_sitenote_active":false,"_monsterinsights_sitenote_note":"","_monsterinsights_sitenote_category":0},"product_brand":[],"product_cat":[18],"product_tag":[],"class_list":{"0":"post-5097","1":"product","2":"type-product","3":"status-publish","5":"product_cat-uncategorized","7":"first","8":"outofstock","9":"taxable","10":"shipping-taxable","11":"purchasable","12":"product-type-simple"},"yoast_head":"<!-- This site is optimized with the Yoast SEO plugin v27.4 - https:\/\/yoast.com\/product\/yoast-seo-wordpress\/ -->\n<title>Robe pour petites filles de 0-24 mois* - Marie&amp;M<\/title>\n<meta name=\"robots\" content=\"index, follow, max-snippet:-1, max-image-preview:large, max-video-preview:-1\" \/>\n<link rel=\"canonical\" href=\"https:\/\/gismodigital.ca\/mariem\/product\/robe-pour-petites-filles-de-0-24-mois\/\" \/>\n<meta property=\"og:locale\" content=\"en_US\" \/>\n<meta property=\"og:type\" content=\"article\" \/>\n<meta property=\"og:title\" content=\"Robe pour petites filles de 0-24 mois* - Marie&amp;M\" \/>\n<meta property=\"og:description\" content=\"Robes \u00e9l\u00e9gantes, d&#8217;\u00c9t\u00e9 sans manche pour b\u00e9b\u00e9 de 0-24 mois Avis : 4,7 ****\" \/>\n<meta property=\"og:url\" content=\"https:\/\/gismodigital.ca\/mariem\/product\/robe-pour-petites-filles-de-0-24-mois\/\" \/>\n<meta property=\"og:site_name\" content=\"Marie&amp;M\" \/>\n<meta property=\"article:modified_time\" content=\"2023-07-20T21:15:48+00:00\" \/>\n<meta name=\"twitter:card\" content=\"summary_large_image\" \/>\n<script type=\"application\/ld+json\" class=\"yoast-schema-graph\">{\"@context\":\"https:\\\/\\\/schema.org\",\"@graph\":[{\"@type\":\"WebPage\",\"@id\":\"https:\\\/\\\/gismodigital.ca\\\/mariem\\\/product\\\/robe-pour-petites-filles-de-0-24-mois\\\/\",\"url\":\"https:\\\/\\\/gismodigital.ca\\\/mariem\\\/product\\\/robe-pour-petites-filles-de-0-24-mois\\\/\",\"name\":\"Robe pour petites filles de 0-24 mois* - Marie&amp;M\",\"isPartOf\":{\"@id\":\"https:\\\/\\\/gismodigital.ca\\\/mariem\\\/#website\"},\"datePublished\":\"2023-07-20T21:15:47+00:00\",\"dateModified\":\"2023-07-20T21:15:48+00:00\",\"breadcrumb\":{\"@id\":\"https:\\\/\\\/gismodigital.ca\\\/mariem\\\/product\\\/robe-pour-petites-filles-de-0-24-mois\\\/#breadcrumb\"},\"inLanguage\":\"en-US\",\"potentialAction\":[{\"@type\":\"ReadAction\",\"target\":[\"https:\\\/\\\/gismodigital.ca\\\/mariem\\\/product\\\/robe-pour-petites-filles-de-0-24-mois\\\/\"]}]},{\"@type\":\"BreadcrumbList\",\"@id\":\"https:\\\/\\\/gismodigital.ca\\\/mariem\\\/product\\\/robe-pour-petites-filles-de-0-24-mois\\\/#breadcrumb\",\"itemListElement\":[{\"@type\":\"ListItem\",\"position\":1,\"name\":\"Home\",\"item\":\"https:\\\/\\\/gismodigital.ca\\\/mariem\\\/\"},{\"@type\":\"ListItem\",\"position\":2,\"name\":\"Boutique\",\"item\":\"https:\\\/\\\/gismodigital.ca\\\/mariem\\\/boutique\\\/\"},{\"@type\":\"ListItem\",\"position\":3,\"name\":\"Robe pour petites filles de 0-24 mois*\"}]},{\"@type\":\"WebSite\",\"@id\":\"https:\\\/\\\/gismodigital.ca\\\/mariem\\\/#website\",\"url\":\"https:\\\/\\\/gismodigital.ca\\\/mariem\\\/\",\"name\":\"Marie&amp;M\",\"description\":\"Marie&amp;M\",\"potentialAction\":[{\"@type\":\"SearchAction\",\"target\":{\"@type\":\"EntryPoint\",\"urlTemplate\":\"https:\\\/\\\/gismodigital.ca\\\/mariem\\\/?s={search_term_string}\"},\"query-input\":{\"@type\":\"PropertyValueSpecification\",\"valueRequired\":true,\"valueName\":\"search_term_string\"}}],\"inLanguage\":\"en-US\"}]}<\/script>\n<!-- \/ Yoast SEO plugin. -->","yoast_head_json":{"title":"Robe pour petites filles de 0-24 mois* - Marie&amp;M","robots":{"index":"index","follow":"follow","max-snippet":"max-snippet:-1","max-image-preview":"max-image-preview:large","max-video-preview":"max-video-preview:-1"},"canonical":"https:\/\/gismodigital.ca\/mariem\/product\/robe-pour-petites-filles-de-0-24-mois\/","og_locale":"en_US","og_type":"article","og_title":"Robe pour petites filles de 0-24 mois* - Marie&amp;M","og_description":"Robes \u00e9l\u00e9gantes, d&#8217;\u00c9t\u00e9 sans manche pour b\u00e9b\u00e9 de 0-24 mois Avis : 4,7 ****","og_url":"https:\/\/gismodigital.ca\/mariem\/product\/robe-pour-petites-filles-de-0-24-mois\/","og_site_name":"Marie&amp;M","article_modified_time":"2023-07-20T21:15:48+00:00","twitter_card":"summary_large_image","schema":{"@context":"https:\/\/schema.org","@graph":[{"@type":"WebPage","@id":"https:\/\/gismodigital.ca\/mariem\/product\/robe-pour-petites-filles-de-0-24-mois\/","url":"https:\/\/gismodigital.ca\/mariem\/product\/robe-pour-petites-filles-de-0-24-mois\/","name":"Robe pour petites filles de 0-24 mois* - Marie&amp;M","isPartOf":{"@id":"https:\/\/gismodigital.ca\/mariem\/#website"},"datePublished":"2023-07-20T21:15:47+00:00","dateModified":"2023-07-20T21:15:48+00:00","breadcrumb":{"@id":"https:\/\/gismodigital.ca\/mariem\/product\/robe-pour-petites-filles-de-0-24-mois\/#breadcrumb"},"inLanguage":"en-US","potentialAction":[{"@type":"ReadAction","target":["https:\/\/gismodigital.ca\/mariem\/product\/robe-pour-petites-filles-de-0-24-mois\/"]}]},{"@type":"BreadcrumbList","@id":"https:\/\/gismodigital.ca\/mariem\/product\/robe-pour-petites-filles-de-0-24-mois\/#breadcrumb","itemListElement":[{"@type":"ListItem","position":1,"name":"Home","item":"https:\/\/gismodigital.ca\/mariem\/"},{"@type":"ListItem","position":2,"name":"Boutique","item":"https:\/\/gismodigital.ca\/mariem\/boutique\/"},{"@type":"ListItem","position":3,"name":"Robe pour petites filles de 0-24 mois*"}]},{"@type":"WebSite","@id":"https:\/\/gismodigital.ca\/mariem\/#website","url":"https:\/\/gismodigital.ca\/mariem\/","name":"Marie&amp;M","description":"Marie&amp;M","potentialAction":[{"@type":"SearchAction","target":{"@type":"EntryPoint","urlTemplate":"https:\/\/gismodigital.ca\/mariem\/?s={search_term_string}"},"query-input":{"@type":"PropertyValueSpecification","valueRequired":true,"valueName":"search_term_string"}}],"inLanguage":"en-US"}]}},"jetpack_sharing_enabled":true,"_links":{"self":[{"href":"https:\/\/gismodigital.ca\/mariem\/wp-json\/wp\/v2\/product\/5097","targetHints":{"allow":["GET"]}}],"collection":[{"href":"https:\/\/gismodigital.ca\/mariem\/wp-json\/wp\/v2\/product"}],"about":[{"href":"https:\/\/gismodigital.ca\/mariem\/wp-json\/wp\/v2\/types\/product"}],"replies":[{"embeddable":true,"href":"https:\/\/gismodigital.ca\/mariem\/wp-json\/wp\/v2\/comments?post=5097"}],"wp:attachment":[{"href":"https:\/\/gismodigital.ca\/mariem\/wp-json\/wp\/v2\/media?parent=5097"}],"wp:term":[{"taxonomy":"product_brand","embeddable":true,"href":"https:\/\/gismodigital.ca\/mariem\/wp-json\/wp\/v2\/product_brand?post=5097"},{"taxonomy":"product_cat","embeddable":true,"href":"https:\/\/gismodigital.ca\/mariem\/wp-json\/wp\/v2\/product_cat?post=5097"},{"taxonomy":"product_tag","embeddable":true,"href":"https:\/\/gismodigital.ca\/mariem\/wp-json\/wp\/v2\/product_tag?post=5097"}],"curies":[{"name":"wp","href":"https:\/\/api.w.org\/{rel}","templated":true}]}}