{"id":5307,"date":"2023-07-20T21:16:41","date_gmt":"2023-07-20T21:16:41","guid":{"rendered":"https:\/\/gismodigital.ca\/mariem\/product\/women-mini-dress-short-puff-sleeve-fashion-round-neck-zip-back-lace-dress-casual-summer-spring-white-femmes-mini-robe-manches-courtes-bouffantes-mode-col-rond-fermeture-eclair-dos-robe-en-dentelle-d\/"},"modified":"2023-07-20T21:16:45","modified_gmt":"2023-07-20T21:16:45","slug":"women-mini-dress-short-puff-sleeve-fashion-round-neck-zip-back-lace-dress-casual-summer-spring-white-femmes-mini-robe-manches-courtes-bouffantes-mode-col-rond-fermeture-eclair-dos-robe-en-dentelle-d","status":"publish","type":"product","link":"https:\/\/gismodigital.ca\/mariem\/product\/women-mini-dress-short-puff-sleeve-fashion-round-neck-zip-back-lace-dress-casual-summer-spring-white-femmes-mini-robe-manches-courtes-bouffantes-mode-col-rond-fermeture-eclair-dos-robe-en-dentelle-d\/","title":{"rendered":"Women Mini Dress Short Puff Sleeve Fashion Round Neck Zip Back Lace Dress Casual Summer Spring White  (Femmes Mini robe manches courtes bouffantes mode col rond fermeture \u00e9clair dos robe en dentelle d\u00e9contract\u00e9,\u00e9t\u00e9 printemps"},"content":{"rendered":"<h1>SPECIFICATIONS<\/h1>\n<p>\u00a0<\/p>\n<p>Style: Casual<\/p>\n<p>Sleeve Style: Puff Sleeve<\/p>\n<p>Sleeve Length(cm): Short<\/p>\n<p>Silhouette: STRAIGHT<\/p>\n<p>Season: Summer<\/p>\n<p>Pattern Type: Solid<\/p>\n<p>Origin: MC<\/p>\n<p>Neckline: O-Neck<\/p>\n<p>Material Composition: Synthetic fiber<\/p>\n<p>Material: Polyester<\/p>\n<p>Gender: WOMEN<\/p>\n<p>Decoration: Lace<\/p>\n<p>CN: Guangdong<\/p>\n<p>\u00a0<\/p>\n<p>\u00a0<\/p>\n","protected":false},"excerpt":{"rendered":"<p>SPECIFICATIONS \u00a0 Style: Casual Sleeve Style: Puff Sleeve Sleeve Length(cm): Short Silhouette: STRAIGHT Season: Summer Pattern Type: Solid Origin: MC Neckline: O-Neck Material Composition: Synthetic fiber Material: Polyester Gender: WOMEN Decoration: Lace CN: Guangdong \u00a0 \u00a0<\/p>\n","protected":false},"featured_media":6115,"comment_status":"open","ping_status":"closed","template":"","meta":{"om_disable_all_campaigns":false,"_monsterinsights_skip_tracking":false,"_monsterinsights_sitenote_active":false,"_monsterinsights_sitenote_note":"","_monsterinsights_sitenote_category":0},"product_brand":[],"product_cat":[200],"product_tag":[],"class_list":{"0":"post-5307","1":"product","2":"type-product","3":"status-publish","4":"has-post-thumbnail","6":"product_cat-femmes","8":"first","9":"instock","10":"taxable","11":"shipping-taxable","12":"purchasable","13":"product-type-variable"},"yoast_head":"<!-- This site is optimized with the Yoast SEO plugin v27.4 - https:\/\/yoast.com\/product\/yoast-seo-wordpress\/ -->\n<title>Women Mini Dress Short Puff Sleeve Fashion Round Neck Zip Back Lace Dress Casual Summer Spring White (Femmes Mini robe manches courtes bouffantes mode col rond fermeture \u00e9clair dos robe en dentelle d\u00e9contract\u00e9,\u00e9t\u00e9 printemps - Marie&amp;M<\/title>\n<meta name=\"robots\" content=\"index, follow, max-snippet:-1, max-image-preview:large, max-video-preview:-1\" \/>\n<link rel=\"canonical\" href=\"https:\/\/gismodigital.ca\/mariem\/product\/women-mini-dress-short-puff-sleeve-fashion-round-neck-zip-back-lace-dress-casual-summer-spring-white-femmes-mini-robe-manches-courtes-bouffantes-mode-col-rond-fermeture-eclair-dos-robe-en-dentelle-d\/\" \/>\n<meta property=\"og:locale\" content=\"en_US\" \/>\n<meta property=\"og:type\" content=\"article\" \/>\n<meta property=\"og:title\" content=\"Women Mini Dress Short Puff Sleeve Fashion Round Neck Zip Back Lace Dress Casual Summer Spring White (Femmes Mini robe manches courtes bouffantes mode col rond fermeture \u00e9clair dos robe en dentelle d\u00e9contract\u00e9,\u00e9t\u00e9 printemps - Marie&amp;M\" \/>\n<meta property=\"og:description\" content=\"SPECIFICATIONS \u00a0 Style: Casual Sleeve Style: Puff Sleeve Sleeve Length(cm): Short Silhouette: STRAIGHT Season: Summer Pattern Type: Solid Origin: MC Neckline: O-Neck Material Composition: Synthetic fiber Material: Polyester Gender: WOMEN Decoration: Lace CN: Guangdong \u00a0 \u00a0\" \/>\n<meta property=\"og:url\" content=\"https:\/\/gismodigital.ca\/mariem\/product\/women-mini-dress-short-puff-sleeve-fashion-round-neck-zip-back-lace-dress-casual-summer-spring-white-femmes-mini-robe-manches-courtes-bouffantes-mode-col-rond-fermeture-eclair-dos-robe-en-dentelle-d\/\" \/>\n<meta property=\"og:site_name\" content=\"Marie&amp;M\" \/>\n<meta property=\"article:modified_time\" content=\"2023-07-20T21:16:45+00:00\" \/>\n<meta name=\"twitter:card\" content=\"summary_large_image\" \/>\n<script type=\"application\/ld+json\" class=\"yoast-schema-graph\">{\"@context\":\"https:\\\/\\\/schema.org\",\"@graph\":[{\"@type\":\"WebPage\",\"@id\":\"https:\\\/\\\/gismodigital.ca\\\/mariem\\\/product\\\/women-mini-dress-short-puff-sleeve-fashion-round-neck-zip-back-lace-dress-casual-summer-spring-white-femmes-mini-robe-manches-courtes-bouffantes-mode-col-rond-fermeture-eclair-dos-robe-en-dentelle-d\\\/\",\"url\":\"https:\\\/\\\/gismodigital.ca\\\/mariem\\\/product\\\/women-mini-dress-short-puff-sleeve-fashion-round-neck-zip-back-lace-dress-casual-summer-spring-white-femmes-mini-robe-manches-courtes-bouffantes-mode-col-rond-fermeture-eclair-dos-robe-en-dentelle-d\\\/\",\"name\":\"Women Mini Dress Short Puff Sleeve Fashion Round Neck Zip Back Lace Dress Casual Summer Spring White (Femmes Mini robe manches courtes bouffantes mode col rond fermeture \u00e9clair dos robe en dentelle d\u00e9contract\u00e9,\u00e9t\u00e9 printemps - Marie&amp;M\",\"isPartOf\":{\"@id\":\"https:\\\/\\\/gismodigital.ca\\\/mariem\\\/#website\"},\"primaryImageOfPage\":{\"@id\":\"https:\\\/\\\/gismodigital.ca\\\/mariem\\\/product\\\/women-mini-dress-short-puff-sleeve-fashion-round-neck-zip-back-lace-dress-casual-summer-spring-white-femmes-mini-robe-manches-courtes-bouffantes-mode-col-rond-fermeture-eclair-dos-robe-en-dentelle-d\\\/#primaryimage\"},\"image\":{\"@id\":\"https:\\\/\\\/gismodigital.ca\\\/mariem\\\/product\\\/women-mini-dress-short-puff-sleeve-fashion-round-neck-zip-back-lace-dress-casual-summer-spring-white-femmes-mini-robe-manches-courtes-bouffantes-mode-col-rond-fermeture-eclair-dos-robe-en-dentelle-d\\\/#primaryimage\"},\"thumbnailUrl\":\"https:\\\/\\\/gismodigital.ca\\\/mariem\\\/wp-content\\\/uploads\\\/2023\\\/07\\\/women-mini-dress-short-puff-sleeve-fashion-round-neck-zip-back-lace-dress-casual-summer-spring-white-femmes-mini-robe-manches-courtes-bouffantes-mode-col-rond-fermeture-e-691054.jpg\",\"datePublished\":\"2023-07-20T21:16:41+00:00\",\"dateModified\":\"2023-07-20T21:16:45+00:00\",\"breadcrumb\":{\"@id\":\"https:\\\/\\\/gismodigital.ca\\\/mariem\\\/product\\\/women-mini-dress-short-puff-sleeve-fashion-round-neck-zip-back-lace-dress-casual-summer-spring-white-femmes-mini-robe-manches-courtes-bouffantes-mode-col-rond-fermeture-eclair-dos-robe-en-dentelle-d\\\/#breadcrumb\"},\"inLanguage\":\"en-US\",\"potentialAction\":[{\"@type\":\"ReadAction\",\"target\":[\"https:\\\/\\\/gismodigital.ca\\\/mariem\\\/product\\\/women-mini-dress-short-puff-sleeve-fashion-round-neck-zip-back-lace-dress-casual-summer-spring-white-femmes-mini-robe-manches-courtes-bouffantes-mode-col-rond-fermeture-eclair-dos-robe-en-dentelle-d\\\/\"]}]},{\"@type\":\"ImageObject\",\"inLanguage\":\"en-US\",\"@id\":\"https:\\\/\\\/gismodigital.ca\\\/mariem\\\/product\\\/women-mini-dress-short-puff-sleeve-fashion-round-neck-zip-back-lace-dress-casual-summer-spring-white-femmes-mini-robe-manches-courtes-bouffantes-mode-col-rond-fermeture-eclair-dos-robe-en-dentelle-d\\\/#primaryimage\",\"url\":\"https:\\\/\\\/gismodigital.ca\\\/mariem\\\/wp-content\\\/uploads\\\/2023\\\/07\\\/women-mini-dress-short-puff-sleeve-fashion-round-neck-zip-back-lace-dress-casual-summer-spring-white-femmes-mini-robe-manches-courtes-bouffantes-mode-col-rond-fermeture-e-691054.jpg\",\"contentUrl\":\"https:\\\/\\\/gismodigital.ca\\\/mariem\\\/wp-content\\\/uploads\\\/2023\\\/07\\\/women-mini-dress-short-puff-sleeve-fashion-round-neck-zip-back-lace-dress-casual-summer-spring-white-femmes-mini-robe-manches-courtes-bouffantes-mode-col-rond-fermeture-e-691054.jpg\",\"width\":800,\"height\":1000,\"caption\":\"Women Mini Dress Short Puff Sleeve Fashion Round Neck Zip Back Lace Dress Casual Summer Spring White (Femmes Mini robe manches courtes bouffantes mode col rond fermeture \u00e9clair dos robe en dentelle d\u00e9contract\u00e9,\u00e9t\u00e9 printemps Marie & M White S\"},{\"@type\":\"BreadcrumbList\",\"@id\":\"https:\\\/\\\/gismodigital.ca\\\/mariem\\\/product\\\/women-mini-dress-short-puff-sleeve-fashion-round-neck-zip-back-lace-dress-casual-summer-spring-white-femmes-mini-robe-manches-courtes-bouffantes-mode-col-rond-fermeture-eclair-dos-robe-en-dentelle-d\\\/#breadcrumb\",\"itemListElement\":[{\"@type\":\"ListItem\",\"position\":1,\"name\":\"Home\",\"item\":\"https:\\\/\\\/gismodigital.ca\\\/mariem\\\/\"},{\"@type\":\"ListItem\",\"position\":2,\"name\":\"Boutique\",\"item\":\"https:\\\/\\\/gismodigital.ca\\\/mariem\\\/boutique\\\/\"},{\"@type\":\"ListItem\",\"position\":3,\"name\":\"Women Mini Dress Short Puff Sleeve Fashion Round Neck Zip Back Lace Dress Casual Summer Spring White (Femmes Mini robe manches courtes bouffantes mode col rond fermeture \u00e9clair dos robe en dentelle d\u00e9contract\u00e9,\u00e9t\u00e9 printemps\"}]},{\"@type\":\"WebSite\",\"@id\":\"https:\\\/\\\/gismodigital.ca\\\/mariem\\\/#website\",\"url\":\"https:\\\/\\\/gismodigital.ca\\\/mariem\\\/\",\"name\":\"Marie&amp;M\",\"description\":\"Marie&amp;M\",\"potentialAction\":[{\"@type\":\"SearchAction\",\"target\":{\"@type\":\"EntryPoint\",\"urlTemplate\":\"https:\\\/\\\/gismodigital.ca\\\/mariem\\\/?s={search_term_string}\"},\"query-input\":{\"@type\":\"PropertyValueSpecification\",\"valueRequired\":true,\"valueName\":\"search_term_string\"}}],\"inLanguage\":\"en-US\"}]}<\/script>\n<!-- \/ Yoast SEO plugin. -->","yoast_head_json":{"title":"Women Mini Dress Short Puff Sleeve Fashion Round Neck Zip Back Lace Dress Casual Summer Spring White (Femmes Mini robe manches courtes bouffantes mode col rond fermeture \u00e9clair dos robe en dentelle d\u00e9contract\u00e9,\u00e9t\u00e9 printemps - Marie&amp;M","robots":{"index":"index","follow":"follow","max-snippet":"max-snippet:-1","max-image-preview":"max-image-preview:large","max-video-preview":"max-video-preview:-1"},"canonical":"https:\/\/gismodigital.ca\/mariem\/product\/women-mini-dress-short-puff-sleeve-fashion-round-neck-zip-back-lace-dress-casual-summer-spring-white-femmes-mini-robe-manches-courtes-bouffantes-mode-col-rond-fermeture-eclair-dos-robe-en-dentelle-d\/","og_locale":"en_US","og_type":"article","og_title":"Women Mini Dress Short Puff Sleeve Fashion Round Neck Zip Back Lace Dress Casual Summer Spring White (Femmes Mini robe manches courtes bouffantes mode col rond fermeture \u00e9clair dos robe en dentelle d\u00e9contract\u00e9,\u00e9t\u00e9 printemps - Marie&amp;M","og_description":"SPECIFICATIONS \u00a0 Style: Casual Sleeve Style: Puff Sleeve Sleeve Length(cm): Short Silhouette: STRAIGHT Season: Summer Pattern Type: Solid Origin: MC Neckline: O-Neck Material Composition: Synthetic fiber Material: Polyester Gender: WOMEN Decoration: Lace CN: Guangdong \u00a0 \u00a0","og_url":"https:\/\/gismodigital.ca\/mariem\/product\/women-mini-dress-short-puff-sleeve-fashion-round-neck-zip-back-lace-dress-casual-summer-spring-white-femmes-mini-robe-manches-courtes-bouffantes-mode-col-rond-fermeture-eclair-dos-robe-en-dentelle-d\/","og_site_name":"Marie&amp;M","article_modified_time":"2023-07-20T21:16:45+00:00","twitter_card":"summary_large_image","schema":{"@context":"https:\/\/schema.org","@graph":[{"@type":"WebPage","@id":"https:\/\/gismodigital.ca\/mariem\/product\/women-mini-dress-short-puff-sleeve-fashion-round-neck-zip-back-lace-dress-casual-summer-spring-white-femmes-mini-robe-manches-courtes-bouffantes-mode-col-rond-fermeture-eclair-dos-robe-en-dentelle-d\/","url":"https:\/\/gismodigital.ca\/mariem\/product\/women-mini-dress-short-puff-sleeve-fashion-round-neck-zip-back-lace-dress-casual-summer-spring-white-femmes-mini-robe-manches-courtes-bouffantes-mode-col-rond-fermeture-eclair-dos-robe-en-dentelle-d\/","name":"Women Mini Dress Short Puff Sleeve Fashion Round Neck Zip Back Lace Dress Casual Summer Spring White (Femmes Mini robe manches courtes bouffantes mode col rond fermeture \u00e9clair dos robe en dentelle d\u00e9contract\u00e9,\u00e9t\u00e9 printemps - Marie&amp;M","isPartOf":{"@id":"https:\/\/gismodigital.ca\/mariem\/#website"},"primaryImageOfPage":{"@id":"https:\/\/gismodigital.ca\/mariem\/product\/women-mini-dress-short-puff-sleeve-fashion-round-neck-zip-back-lace-dress-casual-summer-spring-white-femmes-mini-robe-manches-courtes-bouffantes-mode-col-rond-fermeture-eclair-dos-robe-en-dentelle-d\/#primaryimage"},"image":{"@id":"https:\/\/gismodigital.ca\/mariem\/product\/women-mini-dress-short-puff-sleeve-fashion-round-neck-zip-back-lace-dress-casual-summer-spring-white-femmes-mini-robe-manches-courtes-bouffantes-mode-col-rond-fermeture-eclair-dos-robe-en-dentelle-d\/#primaryimage"},"thumbnailUrl":"https:\/\/gismodigital.ca\/mariem\/wp-content\/uploads\/2023\/07\/women-mini-dress-short-puff-sleeve-fashion-round-neck-zip-back-lace-dress-casual-summer-spring-white-femmes-mini-robe-manches-courtes-bouffantes-mode-col-rond-fermeture-e-691054.jpg","datePublished":"2023-07-20T21:16:41+00:00","dateModified":"2023-07-20T21:16:45+00:00","breadcrumb":{"@id":"https:\/\/gismodigital.ca\/mariem\/product\/women-mini-dress-short-puff-sleeve-fashion-round-neck-zip-back-lace-dress-casual-summer-spring-white-femmes-mini-robe-manches-courtes-bouffantes-mode-col-rond-fermeture-eclair-dos-robe-en-dentelle-d\/#breadcrumb"},"inLanguage":"en-US","potentialAction":[{"@type":"ReadAction","target":["https:\/\/gismodigital.ca\/mariem\/product\/women-mini-dress-short-puff-sleeve-fashion-round-neck-zip-back-lace-dress-casual-summer-spring-white-femmes-mini-robe-manches-courtes-bouffantes-mode-col-rond-fermeture-eclair-dos-robe-en-dentelle-d\/"]}]},{"@type":"ImageObject","inLanguage":"en-US","@id":"https:\/\/gismodigital.ca\/mariem\/product\/women-mini-dress-short-puff-sleeve-fashion-round-neck-zip-back-lace-dress-casual-summer-spring-white-femmes-mini-robe-manches-courtes-bouffantes-mode-col-rond-fermeture-eclair-dos-robe-en-dentelle-d\/#primaryimage","url":"https:\/\/gismodigital.ca\/mariem\/wp-content\/uploads\/2023\/07\/women-mini-dress-short-puff-sleeve-fashion-round-neck-zip-back-lace-dress-casual-summer-spring-white-femmes-mini-robe-manches-courtes-bouffantes-mode-col-rond-fermeture-e-691054.jpg","contentUrl":"https:\/\/gismodigital.ca\/mariem\/wp-content\/uploads\/2023\/07\/women-mini-dress-short-puff-sleeve-fashion-round-neck-zip-back-lace-dress-casual-summer-spring-white-femmes-mini-robe-manches-courtes-bouffantes-mode-col-rond-fermeture-e-691054.jpg","width":800,"height":1000,"caption":"Women Mini Dress Short Puff Sleeve Fashion Round Neck Zip Back Lace Dress Casual Summer Spring White (Femmes Mini robe manches courtes bouffantes mode col rond fermeture \u00e9clair dos robe en dentelle d\u00e9contract\u00e9,\u00e9t\u00e9 printemps Marie & M White S"},{"@type":"BreadcrumbList","@id":"https:\/\/gismodigital.ca\/mariem\/product\/women-mini-dress-short-puff-sleeve-fashion-round-neck-zip-back-lace-dress-casual-summer-spring-white-femmes-mini-robe-manches-courtes-bouffantes-mode-col-rond-fermeture-eclair-dos-robe-en-dentelle-d\/#breadcrumb","itemListElement":[{"@type":"ListItem","position":1,"name":"Home","item":"https:\/\/gismodigital.ca\/mariem\/"},{"@type":"ListItem","position":2,"name":"Boutique","item":"https:\/\/gismodigital.ca\/mariem\/boutique\/"},{"@type":"ListItem","position":3,"name":"Women Mini Dress Short Puff Sleeve Fashion Round Neck Zip Back Lace Dress Casual Summer Spring White (Femmes Mini robe manches courtes bouffantes mode col rond fermeture \u00e9clair dos robe en dentelle d\u00e9contract\u00e9,\u00e9t\u00e9 printemps"}]},{"@type":"WebSite","@id":"https:\/\/gismodigital.ca\/mariem\/#website","url":"https:\/\/gismodigital.ca\/mariem\/","name":"Marie&amp;M","description":"Marie&amp;M","potentialAction":[{"@type":"SearchAction","target":{"@type":"EntryPoint","urlTemplate":"https:\/\/gismodigital.ca\/mariem\/?s={search_term_string}"},"query-input":{"@type":"PropertyValueSpecification","valueRequired":true,"valueName":"search_term_string"}}],"inLanguage":"en-US"}]}},"jetpack_sharing_enabled":true,"_links":{"self":[{"href":"https:\/\/gismodigital.ca\/mariem\/wp-json\/wp\/v2\/product\/5307","targetHints":{"allow":["GET"]}}],"collection":[{"href":"https:\/\/gismodigital.ca\/mariem\/wp-json\/wp\/v2\/product"}],"about":[{"href":"https:\/\/gismodigital.ca\/mariem\/wp-json\/wp\/v2\/types\/product"}],"replies":[{"embeddable":true,"href":"https:\/\/gismodigital.ca\/mariem\/wp-json\/wp\/v2\/comments?post=5307"}],"wp:featuredmedia":[{"embeddable":true,"href":"https:\/\/gismodigital.ca\/mariem\/wp-json\/wp\/v2\/media\/6115"}],"wp:attachment":[{"href":"https:\/\/gismodigital.ca\/mariem\/wp-json\/wp\/v2\/media?parent=5307"}],"wp:term":[{"taxonomy":"product_brand","embeddable":true,"href":"https:\/\/gismodigital.ca\/mariem\/wp-json\/wp\/v2\/product_brand?post=5307"},{"taxonomy":"product_cat","embeddable":true,"href":"https:\/\/gismodigital.ca\/mariem\/wp-json\/wp\/v2\/product_cat?post=5307"},{"taxonomy":"product_tag","embeddable":true,"href":"https:\/\/gismodigital.ca\/mariem\/wp-json\/wp\/v2\/product_tag?post=5307"}],"curies":[{"name":"wp","href":"https:\/\/api.w.org\/{rel}","templated":true}]}}